{"id":699371,"date":"2025-08-27T14:50:39","date_gmt":"2025-08-27T11:50:39","guid":{"rendered":"https:\/\/roveyayinevi.com.tr\/index.php\/urun\/dunyanin-merkezine-tunel-kazmak\/"},"modified":"2026-04-13T02:11:16","modified_gmt":"2026-04-12T23:11:16","slug":"dunyanin-merkezine-tunel-kazmak","status":"publish","type":"product","link":"https:\/\/roveyayinevi.com.tr\/index.php\/urun\/dunyanin-merkezine-tunel-kazmak\/","title":{"rendered":"D\u00fcnyan\u0131n Merkezine T\u00fcnel Kazmak"},"content":{"rendered":"<p>\u201cMerak ediyorum, acaba insano\u011flunun tak\u0131nt\u0131lar\u0131 da, Japon bal\u0131klar\u0131 gibi, ko\u015fullar ne kadar\u0131na izin verirse o kadar m\u0131 b\u00fcy\u00fcyor?\u201dKevin Wilson&#8217;\u0131n karakterleri ger\u00e7ekle hayal, s\u0131radanla fantastik aras\u0131nda gidip gelen bir d\u00fcnyada ya\u015f\u0131yor. Vefat etmi\u015f, hasta ya da yan\u0131na yakla\u015f\u0131lmayacak kadar huysuz aile b\u00fcy\u00fcklerinin yerine \u00fccret kar\u015f\u0131l\u0131\u011f\u0131 ikame b\u00fcy\u00fckannelik yapan bir kad\u0131n; anne babas\u0131 kendili\u011finden alev alarak \u00f6ld\u00fckten sonra Scrabble fabrikas\u0131nda harf tasnif\u00e7isi olarak \u00e7al\u0131\u015fmaya ba\u015flayan gen\u00e7; annelerinden kalan evin tek sahibi olmak i\u00e7in ka\u011f\u0131ttan 250&#8217;\u015fer turna yapmak zorunda kalan karde\u015fler&#8230; Ger\u00e7ek hayat\u0131n neredeyse t\u00fcm kurallar\u0131n\u0131n ge\u00e7erli oldu\u011fu mini evrenlerde ya\u015fayan fazlas\u0131yla yaln\u0131z karakterler. Fang Ailesi&#8217;yle kendine \u00f6nemli bir hayran kitlesi yaratan Kevin Wilson, ilk \u00f6yk\u00fc kitab\u0131 D\u00fcnyan\u0131n Merkezine T\u00fcnel Kazmak&#8217;ta yine okurunda g\u00fclme iste\u011fi ve ac\u0131ma hissini ayn\u0131 anda yaratmay\u0131 ba\u015far\u0131yor. <\/p>\n","protected":false},"excerpt":{"rendered":"<p>\u201cMerak ediyorum, acaba insano\u011flunun tak\u0131nt\u0131lar\u0131 da, Japon bal\u0131klar\u0131 gibi, ko\u015fullar ne kadar\u0131na izin verirse o kadar m\u0131 b\u00fcy\u00fcyor?\u201dKevin Wilson&#8217;\u0131n karakterleri ger\u00e7ekle hayal, s\u0131radanla fantastik aras\u0131nda gidip<span class=\"excerpt-hellip\"> [\u2026]<\/span><\/p>\n","protected":false},"featured_media":0,"template":"","meta":{"_monsterinsights_skip_tracking":false,"_monsterinsights_sitenote_active":false,"_monsterinsights_sitenote_note":"","_monsterinsights_sitenote_category":0},"product_brand":[],"product_cat":[12291,12711],"product_tag":[],"class_list":{"0":"post-699371","1":"product","2":"type-product","3":"status-publish","5":"product_cat-edebiyat","6":"product_cat-roman-oyku","7":"pa_cilt-ciltsiz","8":"pa_tur-kitap","9":"pa_yayinevi-domingo-yayinevi","10":"pa_yazar-kevin-wilson","12":"first","13":"instock","14":"sale","15":"shipping-taxable","16":"purchasable","17":"product-type-simple"},"_links":{"self":[{"href":"https:\/\/roveyayinevi.com.tr\/index.php\/wp-json\/wp\/v2\/product\/699371","targetHints":{"allow":["GET"]}}],"collection":[{"href":"https:\/\/roveyayinevi.com.tr\/index.php\/wp-json\/wp\/v2\/product"}],"about":[{"href":"https:\/\/roveyayinevi.com.tr\/index.php\/wp-json\/wp\/v2\/types\/product"}],"wp:attachment":[{"href":"https:\/\/roveyayinevi.com.tr\/index.php\/wp-json\/wp\/v2\/media?parent=699371"}],"wp:term":[{"taxonomy":"product_brand","embeddable":true,"href":"https:\/\/roveyayinevi.com.tr\/index.php\/wp-json\/wp\/v2\/product_brand?post=699371"},{"taxonomy":"product_cat","embeddable":true,"href":"https:\/\/roveyayinevi.com.tr\/index.php\/wp-json\/wp\/v2\/product_cat?post=699371"},{"taxonomy":"product_tag","embeddable":true,"href":"https:\/\/roveyayinevi.com.tr\/index.php\/wp-json\/wp\/v2\/product_tag?post=699371"}],"curies":[{"name":"wp","href":"https:\/\/api.w.org\/{rel}","templated":true}]}}