{"id":699370,"date":"2025-08-27T14:50:39","date_gmt":"2025-08-27T11:50:39","guid":{"rendered":"https:\/\/roveyayinevi.com.tr\/index.php\/urun\/hz-ebu-bekir\/"},"modified":"2026-04-16T02:08:46","modified_gmt":"2026-04-15T23:08:46","slug":"hz-ebu-bekir","status":"publish","type":"product","link":"https:\/\/roveyayinevi.com.tr\/index.php\/urun\/hz-ebu-bekir\/","title":{"rendered":"Hz. Ebu Bekir"},"content":{"rendered":"<p>\u201cAshab\u0131m y\u0131ld\u0131zlar gibidir. Hangisine sar\u0131l\u0131rsan\u0131z sizi hidayete ula\u015ft\u0131r\u0131r.\u201d Hz. Muhammed (sav)Dost cand\u0131r, canand\u0131r, canana adanmakt\u0131rDost a\u015fkt\u0131r, a\u015fkta yanmakt\u0131r, a\u015fkla olmakt\u0131rDost aynile\u015fmektir, ayna olmakt\u0131r, aynay\u0131 bulmakt\u0131rDost yak\u0131n olmakt\u0131r dosta, dostta kaybolmakt\u0131r.Dostunun ya\u015f\u0131ndayd\u0131 Hz. Ebu Bekir. Dostunu \u00f6zlemedeydi. Ayr\u0131l\u0131k ate\u015fi onu i\u00e7ten i\u00e7e yemekte, bitirmedeydi. Bir g\u00fcn, \u201cYa Resulallah! Yan\u0131ndayken bile \u00f6zl\u00fcyorum Seni. Ayr\u0131l\u0131\u011f\u0131na nas\u0131l dayanaca\u011f\u0131z?\u201d demi\u015fti de G\u00fcl Y\u00fczl\u00fc Nebi \u015f\u00f6yle buyurmu\u015ftu:\u201cKi\u015fi sevdi\u011fiyle beraberdir.\u201d\u201cAhirette de mi ya Resulallah?\u201dG\u00fcl\u00fcmsemi\u015fti Allah Resul\u00fc.\u201cAhirette de.\u201dBu ne b\u00fcy\u00fck bir mu\u015ftuydu Resulullah a\u015f\u0131klar\u0131 i\u00e7in. Bu ne b\u00fcy\u00fck bir teselliydi kendisi i\u00e7in. Ahirette G\u00fcl Y\u00fczl\u00fc Can Dostu Hz. Muhammed (sav)\u2019le beraber olmak! <\/p>\n","protected":false},"excerpt":{"rendered":"<p>\u201cAshab\u0131m y\u0131ld\u0131zlar gibidir. Hangisine sar\u0131l\u0131rsan\u0131z sizi hidayete ula\u015ft\u0131r\u0131r.\u201d Hz. Muhammed (sav)Dost cand\u0131r, canand\u0131r, canana adanmakt\u0131rDost a\u015fkt\u0131r, a\u015fkta yanmakt\u0131r, a\u015fkla olmakt\u0131rDost aynile\u015fmektir, ayna olmakt\u0131r, aynay\u0131 bulmakt\u0131rDost yak\u0131n<span class=\"excerpt-hellip\"> [\u2026]<\/span><\/p>\n","protected":false},"featured_media":0,"template":"","meta":{"_monsterinsights_skip_tracking":false,"_monsterinsights_sitenote_active":false,"_monsterinsights_sitenote_note":"","_monsterinsights_sitenote_category":0},"product_brand":[],"product_cat":[14009,12291],"product_tag":[],"class_list":{"0":"post-699370","1":"product","2":"type-product","3":"status-publish","5":"product_cat-biyografi-otobiyografi-edebiyat","6":"product_cat-edebiyat","7":"pa_tur-kitap","8":"pa_yayinevi-hayat-yayinlari","9":"pa_yazar-mithat-bala","11":"first","12":"instock","13":"sale","14":"shipping-taxable","15":"purchasable","16":"product-type-simple"},"_links":{"self":[{"href":"https:\/\/roveyayinevi.com.tr\/index.php\/wp-json\/wp\/v2\/product\/699370","targetHints":{"allow":["GET"]}}],"collection":[{"href":"https:\/\/roveyayinevi.com.tr\/index.php\/wp-json\/wp\/v2\/product"}],"about":[{"href":"https:\/\/roveyayinevi.com.tr\/index.php\/wp-json\/wp\/v2\/types\/product"}],"wp:attachment":[{"href":"https:\/\/roveyayinevi.com.tr\/index.php\/wp-json\/wp\/v2\/media?parent=699370"}],"wp:term":[{"taxonomy":"product_brand","embeddable":true,"href":"https:\/\/roveyayinevi.com.tr\/index.php\/wp-json\/wp\/v2\/product_brand?post=699370"},{"taxonomy":"product_cat","embeddable":true,"href":"https:\/\/roveyayinevi.com.tr\/index.php\/wp-json\/wp\/v2\/product_cat?post=699370"},{"taxonomy":"product_tag","embeddable":true,"href":"https:\/\/roveyayinevi.com.tr\/index.php\/wp-json\/wp\/v2\/product_tag?post=699370"}],"curies":[{"name":"wp","href":"https:\/\/api.w.org\/{rel}","templated":true}]}}