{"id":699369,"date":"2025-08-27T14:50:39","date_gmt":"2025-08-27T11:50:39","guid":{"rendered":"https:\/\/roveyayinevi.com.tr\/index.php\/urun\/egitim-uzerine-toplu-eserleri-1\/"},"modified":"2026-04-13T02:11:16","modified_gmt":"2026-04-12T23:11:16","slug":"egitim-uzerine-toplu-eserleri-1","status":"publish","type":"product","link":"https:\/\/roveyayinevi.com.tr\/index.php\/urun\/egitim-uzerine-toplu-eserleri-1\/","title":{"rendered":"E\u011fitim \u00dczerine &#8211; Toplu Eserleri 1"},"content":{"rendered":"<p>\u00d6zg\u00fcrl\u00fck sevgisi do\u011fal olarak insanda o kadar g\u00fc\u00e7l\u00fcd\u00fcr ki, insan bir kere \u00f6zg\u00fcrl\u00fc\u011fe al\u0131\u015ft\u0131\u011f\u0131nda, art\u0131k her \u015feyi onun u\u011fruna feda edecektir. S\u0131rf bu sebepten \u00f6t\u00fcr\u00fc talim-terbiyenin disiplin k\u0131sm\u0131 \u00e7ok erken d\u00f6nemlerde yerini almal\u0131d\u0131r, \u00e7\u00fcnk\u00fc bu yap\u0131lmad\u0131\u011f\u0131 zaman, hayatta daha sonra ki\u015fili\u011fi de\u011fi\u015ftirmek kolay olmayacakt\u0131r. Disiplinden yoksun [yani kendi kendini s\u0131n\u0131rlama becerisi geli\u015fmemi\u015f] insanlar gelip ge\u00e7ici her arzuyu, her hevesi takip etmeye yatk\u0131nd\u0131rlar. Bunu vah\u015fi kavimler aras\u0131nda da g\u00f6r\u00fcr\u00fcz, onlar her ne kadar bir m\u00fcddet Avrupal\u0131lar gibi i\u015f yahut vazifelerini yerine getirseler de, hi\u00e7bir zaman Avrupal\u0131lara, Avrupal\u0131lar\u0131n tarz ve tav\u0131rlar\u0131na al\u0131\u015famazlar. Onlardaki, Rousseau ve di\u011ferlerinin tasavvur etti\u011fi gibi, soylu \u00f6zg\u00fcrl\u00fck duygusu de\u011fil, fakat bir t\u00fcr barbarl\u0131k, deyi\u015f yerinde ise hayvanl\u0131k, hen\u00fcz geli\u015fmemi\u015f insani tabiatt\u0131r. Dolay\u0131s\u0131yla insanlar kendilerini erken ya\u015flarda akl\u0131n buyruklar\u0131na boyun e\u011fmeye al\u0131\u015ft\u0131rmal\u0131d\u0131r.\ufffcTan\u0131t\u0131m Metni<\/p>\n","protected":false},"excerpt":{"rendered":"<p>\u00d6zg\u00fcrl\u00fck sevgisi do\u011fal olarak insanda o kadar g\u00fc\u00e7l\u00fcd\u00fcr ki, insan bir kere \u00f6zg\u00fcrl\u00fc\u011fe al\u0131\u015ft\u0131\u011f\u0131nda, art\u0131k her \u015feyi onun u\u011fruna feda edecektir. S\u0131rf bu sebepten \u00f6t\u00fcr\u00fc talim-terbiyenin<span class=\"excerpt-hellip\"> [\u2026]<\/span><\/p>\n","protected":false},"featured_media":0,"template":"","meta":{"_monsterinsights_skip_tracking":false,"_monsterinsights_sitenote_active":false,"_monsterinsights_sitenote_note":"","_monsterinsights_sitenote_category":0},"product_brand":[],"product_cat":[12389,12388],"product_tag":[],"class_list":{"0":"post-699369","1":"product","2":"type-product","3":"status-publish","5":"product_cat-diger-felsefe","6":"product_cat-felsefe","7":"pa_cilt-ciltsiz","8":"pa_tur-kitap","9":"pa_yayinevi-say-yayinlari","10":"pa_yazar-immanuel-kant","12":"first","13":"instock","14":"sale","15":"shipping-taxable","16":"purchasable","17":"product-type-simple"},"_links":{"self":[{"href":"https:\/\/roveyayinevi.com.tr\/index.php\/wp-json\/wp\/v2\/product\/699369","targetHints":{"allow":["GET"]}}],"collection":[{"href":"https:\/\/roveyayinevi.com.tr\/index.php\/wp-json\/wp\/v2\/product"}],"about":[{"href":"https:\/\/roveyayinevi.com.tr\/index.php\/wp-json\/wp\/v2\/types\/product"}],"wp:attachment":[{"href":"https:\/\/roveyayinevi.com.tr\/index.php\/wp-json\/wp\/v2\/media?parent=699369"}],"wp:term":[{"taxonomy":"product_brand","embeddable":true,"href":"https:\/\/roveyayinevi.com.tr\/index.php\/wp-json\/wp\/v2\/product_brand?post=699369"},{"taxonomy":"product_cat","embeddable":true,"href":"https:\/\/roveyayinevi.com.tr\/index.php\/wp-json\/wp\/v2\/product_cat?post=699369"},{"taxonomy":"product_tag","embeddable":true,"href":"https:\/\/roveyayinevi.com.tr\/index.php\/wp-json\/wp\/v2\/product_tag?post=699369"}],"curies":[{"name":"wp","href":"https:\/\/api.w.org\/{rel}","templated":true}]}}