{"id":699365,"date":"2025-08-27T14:50:37","date_gmt":"2025-08-27T11:50:37","guid":{"rendered":"https:\/\/roveyayinevi.com.tr\/index.php\/urun\/carpik-evdeki-cesetler\/"},"modified":"2026-04-16T02:08:46","modified_gmt":"2026-04-15T23:08:46","slug":"carpik-evdeki-cesetler","status":"publish","type":"product","link":"https:\/\/roveyayinevi.com.tr\/index.php\/urun\/carpik-evdeki-cesetler\/","title":{"rendered":"\u00c7arp\u0131k Evdeki Cesetler"},"content":{"rendered":"<p>Leonidas ailesi, b\u00fcy\u00fckbabalar\u0131 Aristide bir ens\u00fclin i\u011fnesiyle cinayete kurban gidinceye dek, \u00dc\u00e7 Kuleli Malik\u00e2ne\u2019de mutlu bir ya\u015fam s\u00fcrer. B\u00fct\u00fcn ipu\u00e7lar\u0131 cinayeti aileden birinin i\u015fledi\u011fini g\u00f6sterir. Bu y\u00fczden cinayeti \u00e7\u00f6zme g\u00f6revini Sophia\u2019n\u0131n ni\u015fanl\u0131s\u0131 Charles Hayward \u00fcstlenir.\u00c7arp\u0131k bir adam vard\u0131, \u00e7arp\u0131k bir yolda y\u00fcr\u00fcrd\u00fc.\u00c7arp\u0131k bir \u00e7itin yan\u0131nda, \u00e7arp\u0131k bir alt\u0131 peni buldu.\u00c7arp\u0131k bir kedisi vard\u0131, \u00e7arp\u0131k fareler tutard\u0131.Ve hepsi k\u00fc\u00e7\u00fck, \u00e7arp\u0131k bir evde otururlard\u0131.\u2022 \u2022 \u2022\u201c\u00c7arp\u0131k Evdeki Cesetler adl\u0131 yap\u0131t\u0131m\u0131 b\u00fcy\u00fck bir zevkle kaleme ald\u0131m. En iyi romanlar\u0131mdan biri oldu\u011funa inan\u0131yorum.\u201dAgatha Christie\u201cUsta bir kalemin yaratt\u0131\u011f\u0131 m\u00fckemmel bir roman.\u201d New Statesman <\/p>\n","protected":false},"excerpt":{"rendered":"<p>Leonidas ailesi, b\u00fcy\u00fckbabalar\u0131 Aristide bir ens\u00fclin i\u011fnesiyle cinayete kurban gidinceye dek, \u00dc\u00e7 Kuleli Malik\u00e2ne\u2019de mutlu bir ya\u015fam s\u00fcrer. B\u00fct\u00fcn ipu\u00e7lar\u0131 cinayeti aileden birinin i\u015fledi\u011fini g\u00f6sterir. Bu<span class=\"excerpt-hellip\"> [\u2026]<\/span><\/p>\n","protected":false},"featured_media":0,"template":"","meta":{"_monsterinsights_skip_tracking":false,"_monsterinsights_sitenote_active":false,"_monsterinsights_sitenote_note":"","_monsterinsights_sitenote_category":0},"product_brand":[],"product_cat":[12291,15445],"product_tag":[],"class_list":{"0":"post-699365","1":"product","2":"type-product","3":"status-publish","5":"product_cat-edebiyat","6":"product_cat-polisiye","7":"pa_cilt-ciltsiz","8":"pa_tur-kitap","9":"pa_yayinevi-altin-kitaplar","10":"pa_yazar-agatha-christie","12":"first","13":"instock","14":"sale","15":"shipping-taxable","16":"purchasable","17":"product-type-simple"},"_links":{"self":[{"href":"https:\/\/roveyayinevi.com.tr\/index.php\/wp-json\/wp\/v2\/product\/699365","targetHints":{"allow":["GET"]}}],"collection":[{"href":"https:\/\/roveyayinevi.com.tr\/index.php\/wp-json\/wp\/v2\/product"}],"about":[{"href":"https:\/\/roveyayinevi.com.tr\/index.php\/wp-json\/wp\/v2\/types\/product"}],"wp:attachment":[{"href":"https:\/\/roveyayinevi.com.tr\/index.php\/wp-json\/wp\/v2\/media?parent=699365"}],"wp:term":[{"taxonomy":"product_brand","embeddable":true,"href":"https:\/\/roveyayinevi.com.tr\/index.php\/wp-json\/wp\/v2\/product_brand?post=699365"},{"taxonomy":"product_cat","embeddable":true,"href":"https:\/\/roveyayinevi.com.tr\/index.php\/wp-json\/wp\/v2\/product_cat?post=699365"},{"taxonomy":"product_tag","embeddable":true,"href":"https:\/\/roveyayinevi.com.tr\/index.php\/wp-json\/wp\/v2\/product_tag?post=699365"}],"curies":[{"name":"wp","href":"https:\/\/api.w.org\/{rel}","templated":true}]}}