{"id":699362,"date":"2025-08-27T14:50:36","date_gmt":"2025-08-27T11:50:36","guid":{"rendered":"https:\/\/roveyayinevi.com.tr\/index.php\/urun\/doga-oykuleri-dizisi-10-kitap\/"},"modified":"2026-04-16T02:08:46","modified_gmt":"2026-04-15T23:08:46","slug":"doga-oykuleri-dizisi-10-kitap","status":"publish","type":"product","link":"https:\/\/roveyayinevi.com.tr\/index.php\/urun\/doga-oykuleri-dizisi-10-kitap\/","title":{"rendered":"Do\u011fa \u00d6yk\u00fcleri Dizisi &#8211; 10 Kitap"},"content":{"rendered":"<p>Do\u011fa \u00f6yk\u00fcleri, k\u00fc\u00e7\u00fck kar\u0131ncalar\u0131n, \u00e7i\u00e7eklerin, yaramaz bulutlar\u0131n, mart\u0131lar\u0131n maceralar\u0131n\u0131n yer ald\u0131\u011f\u0131 bir dizi. Ayr\u0131ca hi\u00e7 ak\u0131llar\u0131na gelmeyecek yepyeni arkada\u015flar\u0131 da olacak \u00e7ocuklar\u0131n; \u00e7oraplar, ayakkab\u0131lar, kitaplar gibi.Do\u011fa \u00d6yk\u00fcleri dizisinin her kitab\u0131nda \u00e7izgi film tad\u0131ndaki resimlerle s\u00fcslenmi\u015f \u00fc\u00e7 tane \u00f6yk\u00fc yer almaktad\u0131r.Her kitab\u0131n sonunda okudu\u011funu anlama, dili kullanma ve T\u00fcrk\u00e7e dil bilgisi becerilerini geli\u015ftirmeye y\u00f6nelik e\u011flenceli etkinliklere yer verilmi\u015ftir.<\/p>\n","protected":false},"excerpt":{"rendered":"<p>Do\u011fa \u00f6yk\u00fcleri, k\u00fc\u00e7\u00fck kar\u0131ncalar\u0131n, \u00e7i\u00e7eklerin, yaramaz bulutlar\u0131n, mart\u0131lar\u0131n maceralar\u0131n\u0131n yer ald\u0131\u011f\u0131 bir dizi. Ayr\u0131ca hi\u00e7 ak\u0131llar\u0131na gelmeyecek yepyeni arkada\u015flar\u0131 da olacak \u00e7ocuklar\u0131n; \u00e7oraplar, ayakkab\u0131lar, kitaplar gibi.Do\u011fa<span class=\"excerpt-hellip\"> [\u2026]<\/span><\/p>\n","protected":false},"featured_media":0,"template":"","meta":{"_monsterinsights_skip_tracking":false,"_monsterinsights_sitenote_active":false,"_monsterinsights_sitenote_note":"","_monsterinsights_sitenote_category":0},"product_brand":[],"product_cat":[12274,12284],"product_tag":[],"class_list":{"0":"post-699362","1":"product","2":"type-product","3":"status-publish","5":"product_cat-cocuk-ve-genclik-kitaplari","6":"product_cat-hikayeler","7":"pa_cilt-ciltsiz","8":"pa_tur-kitap","9":"pa_yayinevi-erdem-cocuk","10":"pa_yazar-n-turanz-yesilmen","12":"first","13":"instock","14":"sale","15":"shipping-taxable","16":"purchasable","17":"product-type-simple"},"_links":{"self":[{"href":"https:\/\/roveyayinevi.com.tr\/index.php\/wp-json\/wp\/v2\/product\/699362","targetHints":{"allow":["GET"]}}],"collection":[{"href":"https:\/\/roveyayinevi.com.tr\/index.php\/wp-json\/wp\/v2\/product"}],"about":[{"href":"https:\/\/roveyayinevi.com.tr\/index.php\/wp-json\/wp\/v2\/types\/product"}],"wp:attachment":[{"href":"https:\/\/roveyayinevi.com.tr\/index.php\/wp-json\/wp\/v2\/media?parent=699362"}],"wp:term":[{"taxonomy":"product_brand","embeddable":true,"href":"https:\/\/roveyayinevi.com.tr\/index.php\/wp-json\/wp\/v2\/product_brand?post=699362"},{"taxonomy":"product_cat","embeddable":true,"href":"https:\/\/roveyayinevi.com.tr\/index.php\/wp-json\/wp\/v2\/product_cat?post=699362"},{"taxonomy":"product_tag","embeddable":true,"href":"https:\/\/roveyayinevi.com.tr\/index.php\/wp-json\/wp\/v2\/product_tag?post=699362"}],"curies":[{"name":"wp","href":"https:\/\/api.w.org\/{rel}","templated":true}]}}