{"id":699361,"date":"2025-08-27T14:50:36","date_gmt":"2025-08-27T11:50:36","guid":{"rendered":"https:\/\/roveyayinevi.com.tr\/index.php\/urun\/dirilis-4\/"},"modified":"2026-04-16T02:08:46","modified_gmt":"2026-04-15T23:08:46","slug":"dirilis-4","status":"publish","type":"product","link":"https:\/\/roveyayinevi.com.tr\/index.php\/urun\/dirilis-4\/","title":{"rendered":"Dirili\u015f"},"content":{"rendered":"<p>Lev Nikolayevi\u00e7 Tolstoy (1828-1910): Sava\u015f ve Bar\u0131\u015f, Anna Karenina ve Kreutzer Sonat&#8217;\u0131n b\u00fcy\u00fck yazar\u0131, ya\u015fam\u0131n\u0131n son otuz y\u0131l\u0131nda kendini insan, aile, din, devlet, toplum, \u00f6zg\u00fcrl\u00fck, boyun e\u011fme, ba\u015fkald\u0131rma, sanat ve estetik konular\u0131nda kuramsal \u00e7al\u0131\u015fmalara verdi. 1899&#8217;da yay\u0131mlanan Dirili\u015f Tolstoy&#8217;un ya\u015fad\u0131\u011f\u0131 s\u0131rada \u00e7\u0131kan son roman\u0131d\u0131r. Tolstoy, y\u0131llarca \u00fczerinde d\u00fc\u015f\u00fcnd\u00fc\u011f\u00fc ve pek \u00e7ok kuramsal eser yazd\u0131\u011f\u0131 insanl\u0131k sorunlar\u0131n\u0131 bu kitapta edebi bir mahk\u00fbm kafilesinin yolculu\u011funu de\u011fil, ya\u015fam\u0131n anlam\u0131n\u0131 kavramak ad\u0131na ki\u015finin kendini yeniden var etme s\u00fcrecini anlatan bir ba\u015fyap\u0131tt\u0131r. Ay\u015fe Hac\u0131hasano\u011flu (1952): DTCF Rus Dili ve Edebiyat\u0131 b\u00f6l\u00fcm\u00fcn\u00fc bitirdi. Bir s\u00fcre SSCB B\u00fcy\u00fckel\u00e7ili\u011fi Bas\u0131n B\u00fcrosu&#8217;nda \u00e7evirmen olarak \u00e7al\u0131\u015ft\u0131. Edebiyat ve sosyal bilimler alan\u0131nda \u00e7eviriler yapt\u0131. Dostoyevki, Tolstoy, Turgenyev, Gorki, Bagirov eserlerini T\u00fcrk\u00e7eye kazand\u0131rd\u0131\u011f\u0131 yazarlar aras\u0131nda yer almaktad\u0131r. \ufffcTan\u0131t\u0131m Metni<\/p>\n","protected":false},"excerpt":{"rendered":"<p>Lev Nikolayevi\u00e7 Tolstoy (1828-1910): Sava\u015f ve Bar\u0131\u015f, Anna Karenina ve Kreutzer Sonat&#8217;\u0131n b\u00fcy\u00fck yazar\u0131, ya\u015fam\u0131n\u0131n son otuz y\u0131l\u0131nda kendini insan, aile, din, devlet, toplum, \u00f6zg\u00fcrl\u00fck, boyun<span class=\"excerpt-hellip\"> [\u2026]<\/span><\/p>\n","protected":false},"featured_media":0,"template":"","meta":{"_monsterinsights_skip_tracking":false,"_monsterinsights_sitenote_active":false,"_monsterinsights_sitenote_note":"","_monsterinsights_sitenote_category":0},"product_brand":[],"product_cat":[12291,13570],"product_tag":[],"class_list":{"0":"post-699361","1":"product","2":"type-product","3":"status-publish","5":"product_cat-edebiyat","6":"product_cat-rus-edebiyati","7":"pa_cilt-ciltsiz","8":"pa_tur-kitap","9":"pa_yayinevi-is-bankasi-kultur-yayinlari","10":"pa_yazar-lev-nikolayevic-tolstoy","12":"first","13":"instock","14":"sale","15":"shipping-taxable","16":"purchasable","17":"product-type-simple"},"_links":{"self":[{"href":"https:\/\/roveyayinevi.com.tr\/index.php\/wp-json\/wp\/v2\/product\/699361","targetHints":{"allow":["GET"]}}],"collection":[{"href":"https:\/\/roveyayinevi.com.tr\/index.php\/wp-json\/wp\/v2\/product"}],"about":[{"href":"https:\/\/roveyayinevi.com.tr\/index.php\/wp-json\/wp\/v2\/types\/product"}],"wp:attachment":[{"href":"https:\/\/roveyayinevi.com.tr\/index.php\/wp-json\/wp\/v2\/media?parent=699361"}],"wp:term":[{"taxonomy":"product_brand","embeddable":true,"href":"https:\/\/roveyayinevi.com.tr\/index.php\/wp-json\/wp\/v2\/product_brand?post=699361"},{"taxonomy":"product_cat","embeddable":true,"href":"https:\/\/roveyayinevi.com.tr\/index.php\/wp-json\/wp\/v2\/product_cat?post=699361"},{"taxonomy":"product_tag","embeddable":true,"href":"https:\/\/roveyayinevi.com.tr\/index.php\/wp-json\/wp\/v2\/product_tag?post=699361"}],"curies":[{"name":"wp","href":"https:\/\/api.w.org\/{rel}","templated":true}]}}