{"id":699351,"date":"2025-08-27T14:50:33","date_gmt":"2025-08-27T11:50:33","guid":{"rendered":"https:\/\/roveyayinevi.com.tr\/index.php\/urun\/profesor-pi-ile-matematik-2-super-guc-pesinde\/"},"modified":"2026-04-16T02:08:45","modified_gmt":"2026-04-15T23:08:45","slug":"profesor-pi-ile-matematik-2-super-guc-pesinde","status":"publish","type":"product","link":"https:\/\/roveyayinevi.com.tr\/index.php\/urun\/profesor-pi-ile-matematik-2-super-guc-pesinde\/","title":{"rendered":"Profes\u00f6r Pi \u0130le Matematik 2 &#8211; S\u00fcper G\u00fc\u00e7 Pe\u015finde"},"content":{"rendered":"<p>Dur tahmin edelim.. Kimi zaman matematikle problem ya\u015f\u0131yor, baz\u0131 konular\u0131 dikkat vermedi\u011fin i\u00e7in ka\u00e7\u0131yor, sonra da \u00f6\u011frenmekte zorluk \u00e7ekiyorsun. T\u0131pk\u0131 Profes\u00f6r Pi ile Matematik dizisindeki kahramanlar gibi&#8230; Ama art\u0131k bu problemlerin geride kalacak! Bu \u00e7ok e\u011flenceli, \u00e7ok \u015fa\u015f\u0131rt\u0131c\u0131, nefes kesen matematik \u00f6yk\u00fclerini okurken matemati\u011fin asl\u0131nda hayat\u0131n bir par\u00e7as\u0131 oldu\u011funu, i\u015flerimizi kolayla\u015ft\u0131rd\u0131\u011f\u0131n\u0131 ve ne kadar keyifli oldu\u011funu g\u00f6receksiniz.<\/p>\n","protected":false},"excerpt":{"rendered":"<p>Dur tahmin edelim.. Kimi zaman matematikle problem ya\u015f\u0131yor, baz\u0131 konular\u0131 dikkat vermedi\u011fin i\u00e7in ka\u00e7\u0131yor, sonra da \u00f6\u011frenmekte zorluk \u00e7ekiyorsun. T\u0131pk\u0131 Profes\u00f6r Pi ile Matematik dizisindeki kahramanlar<span class=\"excerpt-hellip\"> [\u2026]<\/span><\/p>\n","protected":false},"featured_media":0,"template":"","meta":{"_monsterinsights_skip_tracking":false,"_monsterinsights_sitenote_active":false,"_monsterinsights_sitenote_note":"","_monsterinsights_sitenote_category":0},"product_brand":[],"product_cat":[12492,12274],"product_tag":[],"class_list":{"0":"post-699351","1":"product","2":"type-product","3":"status-publish","5":"product_cat-bilmece-bulmaca","6":"product_cat-cocuk-ve-genclik-kitaplari","7":"pa_cilt-ciltsiz","8":"pa_tur-kitap","9":"pa_yayinevi-timas-cocuk","10":"pa_yazar-birsen-ekim-ozen","12":"first","13":"instock","14":"sale","15":"shipping-taxable","16":"purchasable","17":"product-type-simple"},"_links":{"self":[{"href":"https:\/\/roveyayinevi.com.tr\/index.php\/wp-json\/wp\/v2\/product\/699351","targetHints":{"allow":["GET"]}}],"collection":[{"href":"https:\/\/roveyayinevi.com.tr\/index.php\/wp-json\/wp\/v2\/product"}],"about":[{"href":"https:\/\/roveyayinevi.com.tr\/index.php\/wp-json\/wp\/v2\/types\/product"}],"wp:attachment":[{"href":"https:\/\/roveyayinevi.com.tr\/index.php\/wp-json\/wp\/v2\/media?parent=699351"}],"wp:term":[{"taxonomy":"product_brand","embeddable":true,"href":"https:\/\/roveyayinevi.com.tr\/index.php\/wp-json\/wp\/v2\/product_brand?post=699351"},{"taxonomy":"product_cat","embeddable":true,"href":"https:\/\/roveyayinevi.com.tr\/index.php\/wp-json\/wp\/v2\/product_cat?post=699351"},{"taxonomy":"product_tag","embeddable":true,"href":"https:\/\/roveyayinevi.com.tr\/index.php\/wp-json\/wp\/v2\/product_tag?post=699351"}],"curies":[{"name":"wp","href":"https:\/\/api.w.org\/{rel}","templated":true}]}}