{"id":699339,"date":"2025-08-27T14:50:30","date_gmt":"2025-08-27T11:50:30","guid":{"rendered":"https:\/\/roveyayinevi.com.tr\/index.php\/urun\/kutsal-savas-kayip-savasci\/"},"modified":"2026-04-16T02:08:45","modified_gmt":"2026-04-15T23:08:45","slug":"kutsal-savas-kayip-savasci","status":"publish","type":"product","link":"https:\/\/roveyayinevi.com.tr\/index.php\/urun\/kutsal-savas-kayip-savasci\/","title":{"rendered":"Kutsal Sava\u015f &#8211; Kay\u0131p Sava\u015f\u00e7\u0131"},"content":{"rendered":"<p>\u201cG\u00f6\u00e7 etmeyi ku\u015flardan \u00f6\u011frenmemi\u015f olabiliriz. Ku\u015flar gibi geri de d\u00f6nemeyebiliriz. Y\u0131llar\u0131n ge\u00e7ti\u011fini fark edemeyebiliriz. Bizler, insan\u0131z, yanl\u0131\u015f\u0131 da do\u011fruyu da ya\u015fayarak \u00f6\u011freniriz. Kim demi\u015f insan kendi mezar\u0131 ba\u015f\u0131nda a\u011flayamaz, diye, i\u015fte size canl\u0131 bir kan\u0131t\u0131. Kendi mezar ta\u015f\u0131ma bakarak yaz\u0131yorum en i\u00e7ten duygular\u0131m\u0131, \u00f6ld\u00fc\u011f\u00fcm\u00fc fark edememi\u015f bedenim, ruhumu esir alm\u0131\u015fken kurtulmaya \u00e7al\u0131\u015f\u0131yorum. <\/p>\n","protected":false},"excerpt":{"rendered":"<p>\u201cG\u00f6\u00e7 etmeyi ku\u015flardan \u00f6\u011frenmemi\u015f olabiliriz. Ku\u015flar gibi geri de d\u00f6nemeyebiliriz. Y\u0131llar\u0131n ge\u00e7ti\u011fini fark edemeyebiliriz. Bizler, insan\u0131z, yanl\u0131\u015f\u0131 da do\u011fruyu da ya\u015fayarak \u00f6\u011freniriz. Kim demi\u015f insan kendi<span class=\"excerpt-hellip\"> [\u2026]<\/span><\/p>\n","protected":false},"featured_media":0,"template":"","meta":{"_monsterinsights_skip_tracking":false,"_monsterinsights_sitenote_active":false,"_monsterinsights_sitenote_note":"","_monsterinsights_sitenote_category":0},"product_brand":[],"product_cat":[12291,12711],"product_tag":[],"class_list":{"0":"post-699339","1":"product","2":"type-product","3":"status-publish","5":"product_cat-edebiyat","6":"product_cat-roman-oyku","7":"pa_cilt-ciltsiz","8":"pa_tur-kitap","9":"pa_yayinevi-herdem-kitap","10":"pa_yazar-emre-karaca","12":"first","13":"instock","14":"sale","15":"shipping-taxable","16":"purchasable","17":"product-type-simple"},"_links":{"self":[{"href":"https:\/\/roveyayinevi.com.tr\/index.php\/wp-json\/wp\/v2\/product\/699339","targetHints":{"allow":["GET"]}}],"collection":[{"href":"https:\/\/roveyayinevi.com.tr\/index.php\/wp-json\/wp\/v2\/product"}],"about":[{"href":"https:\/\/roveyayinevi.com.tr\/index.php\/wp-json\/wp\/v2\/types\/product"}],"wp:attachment":[{"href":"https:\/\/roveyayinevi.com.tr\/index.php\/wp-json\/wp\/v2\/media?parent=699339"}],"wp:term":[{"taxonomy":"product_brand","embeddable":true,"href":"https:\/\/roveyayinevi.com.tr\/index.php\/wp-json\/wp\/v2\/product_brand?post=699339"},{"taxonomy":"product_cat","embeddable":true,"href":"https:\/\/roveyayinevi.com.tr\/index.php\/wp-json\/wp\/v2\/product_cat?post=699339"},{"taxonomy":"product_tag","embeddable":true,"href":"https:\/\/roveyayinevi.com.tr\/index.php\/wp-json\/wp\/v2\/product_tag?post=699339"}],"curies":[{"name":"wp","href":"https:\/\/api.w.org\/{rel}","templated":true}]}}