{"id":699336,"date":"2025-08-27T14:50:29","date_gmt":"2025-08-27T11:50:29","guid":{"rendered":"https:\/\/roveyayinevi.com.tr\/index.php\/urun\/goc-kultur-kimlik\/"},"modified":"2026-04-16T02:08:45","modified_gmt":"2026-04-15T23:08:45","slug":"goc-kultur-kimlik","status":"publish","type":"product","link":"https:\/\/roveyayinevi.com.tr\/index.php\/urun\/goc-kultur-kimlik\/","title":{"rendered":"G\u00f6\u00e7, K\u00fclt\u00fcr, Kimlik"},"content":{"rendered":"<p>Hem ger\u00e7eklikte hem de mecazi anlamda g\u00f6\u00e7, modernitenin temellerinin alt\u0131n\u0131 oyan ve onlar\u0131 sorgulamaya a\u00e7an bir kavramd\u0131r. K\u00fcresel d\u00fczlemdeki insan g\u00f6\u00e7leri modernitenin \u00e7ekirde\u011fi olan kent mek\u00e2n\u0131n\u0131 d\u00f6n\u00fc\u015f\u00fcme u\u011fratt\u0131\u011f\u0131 gibi, ulus-devlet s\u0131n\u0131rlar\u0131n\u0131 ya da Birinci D\u00fcnya ve \u00dc\u00e7\u00fcnc\u00fc D\u00fcnya gibi ayr\u0131mlar\u0131 da mu\u011flakla\u015ft\u0131rmakta ve eski a\u00e7\u0131klama kal\u0131plar\u0131n\u0131 ge\u00e7ersizle\u015ftirmektedir. Kavramsal d\u00fczeyde ise bu s\u00fcrece, farkl\u0131 tarih ve haf\u0131zalar\u0131n i\u00e7 i\u00e7e ge\u00e7ip harmanlanmas\u0131, tekil kimlik kurgular\u0131n\u0131n par\u00e7alanmas\u0131 ve dilin melezle\u015fmesi e\u015flik etmektedir. Bu g\u00f6zlemlerden yola \u00e7\u0131kan Iain Chambers, modernitenin g\u00f6zl\u00fc\u011f\u00fcnden bakmakta \u0131srar eden toplumsal ve k\u00fclt\u00fcrel kuramlar\u0131n bu \u201chareketli\u201d d\u00fcnyay\u0131 anlamakta yetersiz kald\u0131\u011f\u0131 tespitini yap\u0131yor. Bizi melez diller, d\u00fcnyalar ve tarihler aras\u0131nda gezdiren yazar, mek\u00e2n ve kimlik anlay\u0131\u015f\u0131m\u0131z\u0131n nas\u0131l de\u011fi\u015fti\u011fini ortaya koyuyor. Somut g\u00f6zlemlerle kuramsal d\u00fc\u015f\u00fcn\u00fcmlerin yan yana y\u00fcr\u00fcd\u00fc\u011f\u00fc \u201cdenemeler\u201dden olu\u015fan bu metin, ayn\u0131 anda hem par\u00e7al\u0131 hem de b\u00fct\u00fcnsel bir yap\u0131 arz ediyor. K\u00fclt\u00fcrel \u00e7e\u015fitlili\u011fin farkl\u0131 mecralar\u0131nda gezinirken, \u201c\u00f6teki\u201d ile tan\u0131\u015fman\u0131n ve anla\u015fman\u0131n yeni yollar\u0131n\u0131 ke\u015ffediyoruz. Bir seyahat anlat\u0131s\u0131 tad\u0131nda yaz\u0131lm\u0131\u015f olan G\u00f6\u00e7, K\u00fclt\u00fcr, Kimlik, g\u00f6\u00e7ler d\u00fcnyas\u0131nda sabit bir ikametg\u00e2h\u0131m\u0131z\u0131n olamayaca\u011f\u0131 ve eve d\u00f6n\u00fc\u015f\u00fcn imk\u00e2ns\u0131zl\u0131\u011f\u0131 noktas\u0131ndan yola \u00e7\u0131k\u0131yor. Melezle\u015fen metropol insan\u0131 i\u00e7in walkman\u2019in anlam\u0131 \u201cD\u00fcnya M\u00fczi\u011fi\u201dnin farkl\u0131 renklerinden ge\u00e7iyor art\u0131k. Yazar\u0131n bir di\u011fer dura\u011f\u0131 ise bu \u201ck\u00f6ks\u00fcz\u201d d\u00fcnyaya bilgisayar ekran\u0131ndan nas\u0131l bakt\u0131\u011f\u0131m\u0131z. S\u00fcrekli kalk\u0131\u015f durumunda olan bu yolculukta Chambers bize, haritas\u0131 \u00e7\u0131kar\u0131lamayacak kentleri nas\u0131l gezece\u011fimizi de g\u00f6steriyor ve kent sosyolojisi i\u00e7in ilgin\u00e7 bir \u0131\u015f\u0131k yak\u0131yor. B\u00fct\u00fcn bu duraklarda, g\u00f6\u00e7, marjinallik, melezlik ve evsizli\u011fin Bat\u0131\u2019n\u0131n do\u011frusal ilerleme ve rasyonel d\u00fc\u015f\u00fcnme inanc\u0131n\u0131 nas\u0131l bozguna u\u011fratt\u0131\u011f\u0131na \u015fahit oluyoruz. Bilgi ve kimli\u011fe dair modern anlay\u0131\u015f\u0131n temellerinin nas\u0131l sars\u0131ld\u0131\u011f\u0131n\u0131 g\u00f6zlemliyoruz. Iain Chambers, \u00e7a\u011fda\u015f k\u00fclt\u00fcrel \u00e7al\u0131\u015fmalar alan\u0131n\u0131n hayal g\u00fcc\u00fc en geni\u015f kuramc\u0131lar\u0131ndand\u0131r. Bu kitaptaki denemeler, bizim kendi d\u00fcnyam\u0131z\u0131 da tan\u0131mlayan farkl\u0131 d\u00fcnyalar\u0131n \u00f6yk\u00fclerini anlat\u0131yor. Kitapta, s\u0131n\u0131r b\u00f6lgelerinin yeni fikirlerle dolu k\u00fclt\u00fcrleriyle tan\u0131\u015f\u0131yor ve yol \u00fczerinde kar\u015f\u0131la\u015ft\u0131\u011f\u0131m\u0131z yabanc\u0131larla sohbet ediyoruz. Bu diyaloglarda ortak bir ufuk olu\u015fturman\u0131n ipu\u00e7lar\u0131n\u0131 beraberce yakalamaya ba\u015fl\u0131yoruz. Meaghan Morris Bu derinlikli, incelikli ve \u015fiirsel kitap, melezlik ve \u00f6tekili\u011fe y\u00f6nelik ilgilerimizi geni\u015fletiyor. Daha da \u00f6nemlisi, toplumsal ve k\u00fclt\u00fcrel kurama yeni bir g\u00fc\u00e7 ve hareket anlay\u0131\u015f\u0131 kat\u0131yor. Paul Gilroy \ufffc<\/p>\n","protected":false},"excerpt":{"rendered":"<p>Hem ger\u00e7eklikte hem de mecazi anlamda g\u00f6\u00e7, modernitenin temellerinin alt\u0131n\u0131 oyan ve onlar\u0131 sorgulamaya a\u00e7an bir kavramd\u0131r. K\u00fcresel d\u00fczlemdeki insan g\u00f6\u00e7leri modernitenin \u00e7ekirde\u011fi olan kent mek\u00e2n\u0131n\u0131<span class=\"excerpt-hellip\"> [\u2026]<\/span><\/p>\n","protected":false},"featured_media":0,"template":"","meta":{"_monsterinsights_skip_tracking":false,"_monsterinsights_sitenote_active":false,"_monsterinsights_sitenote_note":"","_monsterinsights_sitenote_category":0},"product_brand":[],"product_cat":[13633,12324],"product_tag":[],"class_list":{"0":"post-699336","1":"product","2":"type-product","3":"status-publish","5":"product_cat-kultur-ve-bilim","6":"product_cat-sosyoloji","7":"pa_cilt-ciltsiz","8":"pa_tur-kitap","9":"pa_yayinevi-ayrinti-yayinlari","10":"pa_yazar-iain-chambers","12":"first","13":"instock","14":"sale","15":"shipping-taxable","16":"purchasable","17":"product-type-simple"},"_links":{"self":[{"href":"https:\/\/roveyayinevi.com.tr\/index.php\/wp-json\/wp\/v2\/product\/699336","targetHints":{"allow":["GET"]}}],"collection":[{"href":"https:\/\/roveyayinevi.com.tr\/index.php\/wp-json\/wp\/v2\/product"}],"about":[{"href":"https:\/\/roveyayinevi.com.tr\/index.php\/wp-json\/wp\/v2\/types\/product"}],"wp:attachment":[{"href":"https:\/\/roveyayinevi.com.tr\/index.php\/wp-json\/wp\/v2\/media?parent=699336"}],"wp:term":[{"taxonomy":"product_brand","embeddable":true,"href":"https:\/\/roveyayinevi.com.tr\/index.php\/wp-json\/wp\/v2\/product_brand?post=699336"},{"taxonomy":"product_cat","embeddable":true,"href":"https:\/\/roveyayinevi.com.tr\/index.php\/wp-json\/wp\/v2\/product_cat?post=699336"},{"taxonomy":"product_tag","embeddable":true,"href":"https:\/\/roveyayinevi.com.tr\/index.php\/wp-json\/wp\/v2\/product_tag?post=699336"}],"curies":[{"name":"wp","href":"https:\/\/api.w.org\/{rel}","templated":true}]}}