{"id":699333,"date":"2025-08-27T14:50:28","date_gmt":"2025-08-27T11:50:28","guid":{"rendered":"https:\/\/roveyayinevi.com.tr\/index.php\/urun\/ilyada-2\/"},"modified":"2026-04-16T02:08:45","modified_gmt":"2026-04-15T23:08:45","slug":"ilyada-2","status":"publish","type":"product","link":"https:\/\/roveyayinevi.com.tr\/index.php\/urun\/ilyada-2\/","title":{"rendered":"\u0130lyada"},"content":{"rendered":"<p>Homeros (y. M\u00d6 IX. y\u00fczy\u0131l): Hayat\u0131 hakk\u0131nda kesin bir bilgi olmamakla birlikte M\u00d6 IX. y\u00fczy\u0131lda Sak\u0131z Adas\u0131&#8217;nda ya\u015fad\u0131\u011f\u0131 san\u0131lmaktad\u0131r. Eserleri Antik Yunan devletlerinde her t\u00fcrl\u00fc bilginin kayna\u011f\u0131 say\u0131lan Homeros, \u0130lyada va Odysseia destanlar\u0131yla edebiyat\u0131n hemen her t\u00fcr\u00fcn\u00fc g\u00fcn\u00fcm\u00fcze dek etkilemeyi ba\u015farm\u0131\u015ft\u0131r. En \u00fcnl\u00fc Antik Yunan dsetan\u0131 olan \u0130lyada dokuz y\u0131ld\u0131r s\u00fcren Troya Sava\u015f\u0131&#8217;n\u0131n elli bir g\u00fcnl\u00fck bir k\u0131sm\u0131 anlat\u0131l\u0131r. \u0130lyada d\u00fcnya edebiyat\u0131n\u0131n temel ta\u015flar\u0131ndan biri oldu\u011fu kadar, konu etti\u011fi d\u00f6neme \u0131\u015f\u0131k tutan en ger\u00e7ek\u00e7i eserdir. Bu e\u015fsiz destan Antik Yunan&#8217;da neredeyse bir kutsal kitap say\u0131lm\u0131\u015ft\u0131r. 1958-1962 y\u0131llar\u0131 aras\u0131nda Azra Erhat &#8211; A. Kadir \u00e7evirisiyle \u0130\u015f Bankas\u0131 K\u00fclt\u00fcr Yay\u0131nlar\u0131nca d\u00f6rt cilt olarak yay\u0131mlanan \u0130lyada 50 y\u0131l sonra Hasan Ali Y\u00fccel Klasikler Dizisi&#8217;nde yerini al\u0131yor. <\/p>\n","protected":false},"excerpt":{"rendered":"<p>Homeros (y. M\u00d6 IX. y\u00fczy\u0131l): Hayat\u0131 hakk\u0131nda kesin bir bilgi olmamakla birlikte M\u00d6 IX. y\u00fczy\u0131lda Sak\u0131z Adas\u0131&#8217;nda ya\u015fad\u0131\u011f\u0131 san\u0131lmaktad\u0131r. Eserleri Antik Yunan devletlerinde her t\u00fcrl\u00fc bilginin<span class=\"excerpt-hellip\"> [\u2026]<\/span><\/p>\n","protected":false},"featured_media":0,"template":"","meta":{"_monsterinsights_skip_tracking":false,"_monsterinsights_sitenote_active":false,"_monsterinsights_sitenote_note":"","_monsterinsights_sitenote_category":0},"product_brand":[],"product_cat":[12291,13706],"product_tag":[],"class_list":{"0":"post-699333","1":"product","2":"type-product","3":"status-publish","5":"product_cat-edebiyat","6":"product_cat-efsane-destan-masal","7":"pa_cilt-ciltsiz","8":"pa_tur-kitap","9":"pa_yayinevi-is-bankasi-kultur-yayinlari","10":"pa_yazar-homeros","12":"first","13":"instock","14":"sale","15":"shipping-taxable","16":"purchasable","17":"product-type-simple"},"_links":{"self":[{"href":"https:\/\/roveyayinevi.com.tr\/index.php\/wp-json\/wp\/v2\/product\/699333","targetHints":{"allow":["GET"]}}],"collection":[{"href":"https:\/\/roveyayinevi.com.tr\/index.php\/wp-json\/wp\/v2\/product"}],"about":[{"href":"https:\/\/roveyayinevi.com.tr\/index.php\/wp-json\/wp\/v2\/types\/product"}],"wp:attachment":[{"href":"https:\/\/roveyayinevi.com.tr\/index.php\/wp-json\/wp\/v2\/media?parent=699333"}],"wp:term":[{"taxonomy":"product_brand","embeddable":true,"href":"https:\/\/roveyayinevi.com.tr\/index.php\/wp-json\/wp\/v2\/product_brand?post=699333"},{"taxonomy":"product_cat","embeddable":true,"href":"https:\/\/roveyayinevi.com.tr\/index.php\/wp-json\/wp\/v2\/product_cat?post=699333"},{"taxonomy":"product_tag","embeddable":true,"href":"https:\/\/roveyayinevi.com.tr\/index.php\/wp-json\/wp\/v2\/product_tag?post=699333"}],"curies":[{"name":"wp","href":"https:\/\/api.w.org\/{rel}","templated":true}]}}