{"id":699331,"date":"2025-08-27T14:50:28","date_gmt":"2025-08-27T11:50:28","guid":{"rendered":"https:\/\/roveyayinevi.com.tr\/index.php\/urun\/olu-evinden-anilar-2\/"},"modified":"2026-04-16T02:08:45","modified_gmt":"2026-04-15T23:08:45","slug":"olu-evinden-anilar-2","status":"publish","type":"product","link":"https:\/\/roveyayinevi.com.tr\/index.php\/urun\/olu-evinden-anilar-2\/","title":{"rendered":"\u00d6l\u00fc Evinden An\u0131lar"},"content":{"rendered":"<p>1821-1881 y\u0131llar\u0131 aras\u0131nda ya\u015fayan B\u00fcy\u00fck Rus Romanc\u0131s\u0131 Dostoyevski nin ya\u015fam\u0131nda Sibirya\u2019daki hapislik y\u0131llar\u0131n\u0131n \u00e7ok \u00f6nemli bir yeri vard\u0131r. 1849-1854 y\u0131llar\u0131 aras\u0131nda Sibirya\u2019n\u0131n Omsk b\u00f6lgesindeki bu hapislik Dostoyevski\u2019ye, horlanan ve ezilen insanlar\u0131 yak\u0131ndan tan\u0131ma, anlama ve inceleme olana\u011f\u0131yla birlikte, zengin bir malzeme kayna\u011f\u0131 da vermi\u015ftir. Dostoyevski, bu y\u0131llar\u0131n\u0131n an\u0131lar\u0131n\u0131 1861-1862\u2019de Vremya dergisinde \u00d6l\u00fc Evinden An\u0131lar ad\u0131yla yay\u0131mlay\u0131nca \u00fcn\u00fcn\u00fc yenilemekle kalmam\u0131\u015f, Turgenyev ve Tolstoy\u2019un \u00f6vg\u00fclerini de alm\u0131\u015ft\u0131r. \ufffcTan\u0131t\u0131m Metni<\/p>\n","protected":false},"excerpt":{"rendered":"<p>1821-1881 y\u0131llar\u0131 aras\u0131nda ya\u015fayan B\u00fcy\u00fck Rus Romanc\u0131s\u0131 Dostoyevski nin ya\u015fam\u0131nda Sibirya\u2019daki hapislik y\u0131llar\u0131n\u0131n \u00e7ok \u00f6nemli bir yeri vard\u0131r. 1849-1854 y\u0131llar\u0131 aras\u0131nda Sibirya\u2019n\u0131n Omsk b\u00f6lgesindeki bu hapislik<span class=\"excerpt-hellip\"> [\u2026]<\/span><\/p>\n","protected":false},"featured_media":0,"template":"","meta":{"_monsterinsights_skip_tracking":false,"_monsterinsights_sitenote_active":false,"_monsterinsights_sitenote_note":"","_monsterinsights_sitenote_category":0},"product_brand":[],"product_cat":[12291,13570],"product_tag":[],"class_list":{"0":"post-699331","1":"product","2":"type-product","3":"status-publish","5":"product_cat-edebiyat","6":"product_cat-rus-edebiyati","7":"pa_tur-kitap","8":"pa_yayinevi-oda-yayinlari","9":"pa_yazar-fyodor-mihaylovic-dostoyevski","11":"first","12":"instock","13":"sale","14":"shipping-taxable","15":"purchasable","16":"product-type-simple"},"_links":{"self":[{"href":"https:\/\/roveyayinevi.com.tr\/index.php\/wp-json\/wp\/v2\/product\/699331","targetHints":{"allow":["GET"]}}],"collection":[{"href":"https:\/\/roveyayinevi.com.tr\/index.php\/wp-json\/wp\/v2\/product"}],"about":[{"href":"https:\/\/roveyayinevi.com.tr\/index.php\/wp-json\/wp\/v2\/types\/product"}],"wp:attachment":[{"href":"https:\/\/roveyayinevi.com.tr\/index.php\/wp-json\/wp\/v2\/media?parent=699331"}],"wp:term":[{"taxonomy":"product_brand","embeddable":true,"href":"https:\/\/roveyayinevi.com.tr\/index.php\/wp-json\/wp\/v2\/product_brand?post=699331"},{"taxonomy":"product_cat","embeddable":true,"href":"https:\/\/roveyayinevi.com.tr\/index.php\/wp-json\/wp\/v2\/product_cat?post=699331"},{"taxonomy":"product_tag","embeddable":true,"href":"https:\/\/roveyayinevi.com.tr\/index.php\/wp-json\/wp\/v2\/product_tag?post=699331"}],"curies":[{"name":"wp","href":"https:\/\/api.w.org\/{rel}","templated":true}]}}