{"id":699330,"date":"2025-08-27T14:50:27","date_gmt":"2025-08-27T11:50:27","guid":{"rendered":"https:\/\/roveyayinevi.com.tr\/index.php\/urun\/battal-gazi-destani\/"},"modified":"2026-04-16T02:08:45","modified_gmt":"2026-04-15T23:08:45","slug":"battal-gazi-destani","status":"publish","type":"product","link":"https:\/\/roveyayinevi.com.tr\/index.php\/urun\/battal-gazi-destani\/","title":{"rendered":"Battal Gazi Destan\u0131"},"content":{"rendered":"<p>Hz. Alinin torunu Caferin daha \u00e7ocuk denilecek bir ya\u015fta, tek ba\u015f\u0131na elli bin ki\u015filik ordunun kar\u015f\u0131s\u0131na nas\u0131l \u00e7\u0131kt\u0131\u011f\u0131 ve yard\u0131ma gelen be\u015f bin ki\u015filik bir ordu ile d\u00fc\u015fman kuvvetlerinden esir al\u0131nan be\u015f bin askerin nas\u0131l M\u00fcsl\u00fcman oldu\u011funun anlat\u0131ld\u0131\u011f\u0131 bir hik\u00e2ye.<\/p>\n","protected":false},"excerpt":{"rendered":"<p>Hz. Alinin torunu Caferin daha \u00e7ocuk denilecek bir ya\u015fta, tek ba\u015f\u0131na elli bin ki\u015filik ordunun kar\u015f\u0131s\u0131na nas\u0131l \u00e7\u0131kt\u0131\u011f\u0131 ve yard\u0131ma gelen be\u015f bin ki\u015filik bir ordu<span class=\"excerpt-hellip\"> [\u2026]<\/span><\/p>\n","protected":false},"featured_media":0,"template":"","meta":{"_monsterinsights_skip_tracking":false,"_monsterinsights_sitenote_active":false,"_monsterinsights_sitenote_note":"","_monsterinsights_sitenote_category":0},"product_brand":[],"product_cat":[12274,12284],"product_tag":[],"class_list":{"0":"post-699330","1":"product","2":"type-product","3":"status-publish","5":"product_cat-cocuk-ve-genclik-kitaplari","6":"product_cat-hikayeler","7":"pa_cilt-ciltsiz","8":"pa_tur-kitap","9":"pa_yayinevi-erdem-cocuk","10":"pa_yazar-kollektif","12":"first","13":"instock","14":"sale","15":"shipping-taxable","16":"purchasable","17":"product-type-simple"},"_links":{"self":[{"href":"https:\/\/roveyayinevi.com.tr\/index.php\/wp-json\/wp\/v2\/product\/699330","targetHints":{"allow":["GET"]}}],"collection":[{"href":"https:\/\/roveyayinevi.com.tr\/index.php\/wp-json\/wp\/v2\/product"}],"about":[{"href":"https:\/\/roveyayinevi.com.tr\/index.php\/wp-json\/wp\/v2\/types\/product"}],"wp:attachment":[{"href":"https:\/\/roveyayinevi.com.tr\/index.php\/wp-json\/wp\/v2\/media?parent=699330"}],"wp:term":[{"taxonomy":"product_brand","embeddable":true,"href":"https:\/\/roveyayinevi.com.tr\/index.php\/wp-json\/wp\/v2\/product_brand?post=699330"},{"taxonomy":"product_cat","embeddable":true,"href":"https:\/\/roveyayinevi.com.tr\/index.php\/wp-json\/wp\/v2\/product_cat?post=699330"},{"taxonomy":"product_tag","embeddable":true,"href":"https:\/\/roveyayinevi.com.tr\/index.php\/wp-json\/wp\/v2\/product_tag?post=699330"}],"curies":[{"name":"wp","href":"https:\/\/api.w.org\/{rel}","templated":true}]}}