{"id":699321,"date":"2025-08-27T14:50:25","date_gmt":"2025-08-27T11:50:25","guid":{"rendered":"https:\/\/roveyayinevi.com.tr\/index.php\/urun\/moda-tasariminda-koleksiyon-gelistirme\/"},"modified":"2026-04-16T02:08:45","modified_gmt":"2026-04-15T23:08:45","slug":"moda-tasariminda-koleksiyon-gelistirme","status":"publish","type":"product","link":"https:\/\/roveyayinevi.com.tr\/index.php\/urun\/moda-tasariminda-koleksiyon-gelistirme\/","title":{"rendered":"Moda Tasar\u0131m\u0131nda Koleksiyon Geli\u015ftirme"},"content":{"rendered":"<p>Literat\u00fcr Moda Tasar\u0131m\u0131n\u0131n Temelleri Dizisi\u2019nin d\u00f6rd\u00fcnc\u00fc kitab\u0131 olan Koleksiyon Geli\u015ftirme, b\u00fct\u00fcn tasar\u0131mc\u0131lar\u0131n, bir koleksiyon geli\u015ftirirken ge\u00e7ti\u011fi safhalardan (ara\u015ft\u0131rma, tasar\u0131m, geli\u015ftirme, d\u00fczenleme ve sunum) birine rehberlik etmek i\u00e7in kaleme al\u0131nm\u0131\u015ft\u0131r. \u201cKoleksiyon nedir?\u201d sorusuyla ba\u015flayan Koleksiyon Geli\u015ftirme, moda koleksiyonlar\u0131n\u0131n pazar seviyesi, \u00fcr\u00fcn tipleri, sezon, m\u00fc\u015fteri ve perakende sat\u0131\u015f\u0131n\u0131 inceler ve ilk tasar\u0131m fikirlerinden te\u015fhir ve sat\u0131\u015fa dek t\u00fcm tasar\u0131m s\u00fcrecini izler. Bu kitap, geli\u015fim s\u00fcrecine genel bir bak\u0131\u015f, tasar\u0131mc\u0131lar taraf\u0131ndan kullan\u0131lan ortak temalar, haute couture\u2019den ana al\u0131\u015fveri\u015f caddesi modas\u0131na farkl\u0131 pazar seviyeleri, uzmanl\u0131k gerektiren koleksiyonlar ve \u00f6\u011frenci koleksiyonu tasarlamadaki yakla\u015f\u0131mlar\u0131 da i\u00e7ine alan, moda \u00f6\u011frencisinin bilmesi gereken her \u015feyi kapsar. Son b\u00f6l\u00fcmde bir \u00f6\u011frenci olarak size odaklan\u0131larak mezuniyet koleksiyonunuzu tasarlaman\u0131z i\u00e7in yol g\u00f6sterici ilkeler ve ipu\u00e7lar\u0131 verilmi\u015ftir. <\/p>\n","protected":false},"excerpt":{"rendered":"<p>Literat\u00fcr Moda Tasar\u0131m\u0131n\u0131n Temelleri Dizisi\u2019nin d\u00f6rd\u00fcnc\u00fc kitab\u0131 olan Koleksiyon Geli\u015ftirme, b\u00fct\u00fcn tasar\u0131mc\u0131lar\u0131n, bir koleksiyon geli\u015ftirirken ge\u00e7ti\u011fi safhalardan (ara\u015ft\u0131rma, tasar\u0131m, geli\u015ftirme, d\u00fczenleme ve sunum) birine rehberlik etmek<span class=\"excerpt-hellip\"> [\u2026]<\/span><\/p>\n","protected":false},"featured_media":0,"template":"","meta":{"_monsterinsights_skip_tracking":false,"_monsterinsights_sitenote_active":false,"_monsterinsights_sitenote_note":"","_monsterinsights_sitenote_category":0},"product_brand":[],"product_cat":[15563,31980],"product_tag":[],"class_list":{"0":"post-699321","1":"product","2":"type-product","3":"status-publish","5":"product_cat-hobi","6":"product_cat-moda","7":"pa_cilt-ciltsiz","8":"pa_tur-kitap","9":"pa_yayinevi-literatur-yayinevi","10":"pa_yazar-colin-renfrew","11":"pa_yazar-elinor-renfrew","13":"first","14":"instock","15":"sale","16":"shipping-taxable","17":"purchasable","18":"product-type-simple"},"_links":{"self":[{"href":"https:\/\/roveyayinevi.com.tr\/index.php\/wp-json\/wp\/v2\/product\/699321","targetHints":{"allow":["GET"]}}],"collection":[{"href":"https:\/\/roveyayinevi.com.tr\/index.php\/wp-json\/wp\/v2\/product"}],"about":[{"href":"https:\/\/roveyayinevi.com.tr\/index.php\/wp-json\/wp\/v2\/types\/product"}],"wp:attachment":[{"href":"https:\/\/roveyayinevi.com.tr\/index.php\/wp-json\/wp\/v2\/media?parent=699321"}],"wp:term":[{"taxonomy":"product_brand","embeddable":true,"href":"https:\/\/roveyayinevi.com.tr\/index.php\/wp-json\/wp\/v2\/product_brand?post=699321"},{"taxonomy":"product_cat","embeddable":true,"href":"https:\/\/roveyayinevi.com.tr\/index.php\/wp-json\/wp\/v2\/product_cat?post=699321"},{"taxonomy":"product_tag","embeddable":true,"href":"https:\/\/roveyayinevi.com.tr\/index.php\/wp-json\/wp\/v2\/product_tag?post=699321"}],"curies":[{"name":"wp","href":"https:\/\/api.w.org\/{rel}","templated":true}]}}