{"id":699319,"date":"2025-08-27T14:50:24","date_gmt":"2025-08-27T11:50:24","guid":{"rendered":"https:\/\/roveyayinevi.com.tr\/index.php\/urun\/aydinlar-sosyalizmi\/"},"modified":"2026-04-16T02:08:45","modified_gmt":"2026-04-15T23:08:45","slug":"aydinlar-sosyalizmi","status":"publish","type":"product","link":"https:\/\/roveyayinevi.com.tr\/index.php\/urun\/aydinlar-sosyalizmi\/","title":{"rendered":"Ayd\u0131nlar Sosyalizmi"},"content":{"rendered":"<p>Sosyalizm \u00f6zg\u00fcrl\u00fck i\u00e7in bir ad\u0131m m\u0131? Yoksa halk\u0131 kontrol alt\u0131nda tutmak i\u00e7in k\u00f6t\u00fcye kullan\u0131lan bir kavram m\u0131? Proleter diktat\u00f6rl\u00fck proleter s\u00f6m\u00fcr\u00fcy\u00fc ortadan kald\u0131rabilir mi? Ayd\u0131nlar ger\u00e7ekten proletaryay\u0131 egemen k\u0131lmak m\u0131 istiyorlar, yoksa bilgi arac\u0131l\u0131\u011f\u0131yla i\u015f\u00e7i s\u0131n\u0131f\u0131 \u00fczerinde hegemonya sa\u011flay\u0131p burjuvaziyi alt etmek mi? 1866 y\u0131l\u0131nda Polonya\u2019da do\u011fan yazar i\u015fte bu gibi sorular\u0131n cevab\u0131n\u0131 ar\u0131yor elinizdeki \u00e7al\u0131\u015fmada. <\/p>\n","protected":false},"excerpt":{"rendered":"<p>Sosyalizm \u00f6zg\u00fcrl\u00fck i\u00e7in bir ad\u0131m m\u0131? Yoksa halk\u0131 kontrol alt\u0131nda tutmak i\u00e7in k\u00f6t\u00fcye kullan\u0131lan bir kavram m\u0131? Proleter diktat\u00f6rl\u00fck proleter s\u00f6m\u00fcr\u00fcy\u00fc ortadan kald\u0131rabilir mi? Ayd\u0131nlar ger\u00e7ekten<span class=\"excerpt-hellip\"> [\u2026]<\/span><\/p>\n","protected":false},"featured_media":0,"template":"","meta":{"_monsterinsights_skip_tracking":false,"_monsterinsights_sitenote_active":false,"_monsterinsights_sitenote_note":"","_monsterinsights_sitenote_category":0},"product_brand":[],"product_cat":[12351,12324],"product_tag":[],"class_list":{"0":"post-699319","1":"product","2":"type-product","3":"status-publish","5":"product_cat-siyaset-sosyolojisi","6":"product_cat-sosyoloji","7":"pa_cilt-ciltsiz","8":"pa_tur-kitap","9":"pa_yayinevi-ayrinti-yayinlari","10":"pa_yazar-jan-waclaw-makhayski","12":"first","13":"instock","14":"sale","15":"shipping-taxable","16":"purchasable","17":"product-type-simple"},"_links":{"self":[{"href":"https:\/\/roveyayinevi.com.tr\/index.php\/wp-json\/wp\/v2\/product\/699319","targetHints":{"allow":["GET"]}}],"collection":[{"href":"https:\/\/roveyayinevi.com.tr\/index.php\/wp-json\/wp\/v2\/product"}],"about":[{"href":"https:\/\/roveyayinevi.com.tr\/index.php\/wp-json\/wp\/v2\/types\/product"}],"wp:attachment":[{"href":"https:\/\/roveyayinevi.com.tr\/index.php\/wp-json\/wp\/v2\/media?parent=699319"}],"wp:term":[{"taxonomy":"product_brand","embeddable":true,"href":"https:\/\/roveyayinevi.com.tr\/index.php\/wp-json\/wp\/v2\/product_brand?post=699319"},{"taxonomy":"product_cat","embeddable":true,"href":"https:\/\/roveyayinevi.com.tr\/index.php\/wp-json\/wp\/v2\/product_cat?post=699319"},{"taxonomy":"product_tag","embeddable":true,"href":"https:\/\/roveyayinevi.com.tr\/index.php\/wp-json\/wp\/v2\/product_tag?post=699319"}],"curies":[{"name":"wp","href":"https:\/\/api.w.org\/{rel}","templated":true}]}}