{"id":699317,"date":"2025-08-27T14:50:23","date_gmt":"2025-08-27T11:50:23","guid":{"rendered":"https:\/\/roveyayinevi.com.tr\/index.php\/urun\/ala-geyik\/"},"modified":"2026-04-16T02:08:45","modified_gmt":"2026-04-15T23:08:45","slug":"ala-geyik","status":"publish","type":"product","link":"https:\/\/roveyayinevi.com.tr\/index.php\/urun\/ala-geyik\/","title":{"rendered":"Ala Geyik"},"content":{"rendered":"<p>Sekiz hik\u00e2ye yer al\u0131yor kitapta. Ala Geyikin hik\u00e2yesi, k\u00fc\u00e7\u00fck bir nar tanesi y\u00fcz\u00fcnden padi\u015fah\u0131n k\u0131z\u0131n\u0131n ba\u015f\u0131na gelenler, tembel Ahmetin nas\u0131l zengin oldu\u011fu ve daha fazlas\u0131<\/p>\n","protected":false},"excerpt":{"rendered":"<p>Sekiz hik\u00e2ye yer al\u0131yor kitapta. Ala Geyikin hik\u00e2yesi, k\u00fc\u00e7\u00fck bir nar tanesi y\u00fcz\u00fcnden padi\u015fah\u0131n k\u0131z\u0131n\u0131n ba\u015f\u0131na gelenler, tembel Ahmetin nas\u0131l zengin oldu\u011fu ve daha fazlas\u0131<\/p>\n","protected":false},"featured_media":0,"template":"","meta":{"_monsterinsights_skip_tracking":false,"_monsterinsights_sitenote_active":false,"_monsterinsights_sitenote_note":"","_monsterinsights_sitenote_category":0},"product_brand":[],"product_cat":[12274,12523],"product_tag":[],"class_list":{"0":"post-699317","1":"product","2":"type-product","3":"status-publish","5":"product_cat-cocuk-ve-genclik-kitaplari","6":"product_cat-masallar","7":"pa_cilt-ciltsiz","8":"pa_tur-kitap","9":"pa_yayinevi-erdem-cocuk","10":"pa_yazar-kollektif","12":"first","13":"instock","14":"sale","15":"shipping-taxable","16":"purchasable","17":"product-type-simple"},"_links":{"self":[{"href":"https:\/\/roveyayinevi.com.tr\/index.php\/wp-json\/wp\/v2\/product\/699317","targetHints":{"allow":["GET"]}}],"collection":[{"href":"https:\/\/roveyayinevi.com.tr\/index.php\/wp-json\/wp\/v2\/product"}],"about":[{"href":"https:\/\/roveyayinevi.com.tr\/index.php\/wp-json\/wp\/v2\/types\/product"}],"wp:attachment":[{"href":"https:\/\/roveyayinevi.com.tr\/index.php\/wp-json\/wp\/v2\/media?parent=699317"}],"wp:term":[{"taxonomy":"product_brand","embeddable":true,"href":"https:\/\/roveyayinevi.com.tr\/index.php\/wp-json\/wp\/v2\/product_brand?post=699317"},{"taxonomy":"product_cat","embeddable":true,"href":"https:\/\/roveyayinevi.com.tr\/index.php\/wp-json\/wp\/v2\/product_cat?post=699317"},{"taxonomy":"product_tag","embeddable":true,"href":"https:\/\/roveyayinevi.com.tr\/index.php\/wp-json\/wp\/v2\/product_tag?post=699317"}],"curies":[{"name":"wp","href":"https:\/\/api.w.org\/{rel}","templated":true}]}}