{"id":699316,"date":"2025-08-27T14:50:23","date_gmt":"2025-08-27T11:50:23","guid":{"rendered":"https:\/\/roveyayinevi.com.tr\/index.php\/urun\/tarih\/"},"modified":"2026-04-16T02:08:45","modified_gmt":"2026-04-15T23:08:45","slug":"tarih","status":"publish","type":"product","link":"https:\/\/roveyayinevi.com.tr\/index.php\/urun\/tarih\/","title":{"rendered":"Tarih"},"content":{"rendered":"<p>Herodotos (?M\u00d6 484 &#8211; ?M\u00d6 430-420 aras\u0131): Dokuz kitaptan olu\u015fan Tarih&#8217;i ile Bat\u0131 tarih yaz\u0131m\u0131n\u0131n atas\u0131 ve ilk b\u00fcy\u00fck yazar\u0131 olarak kabul edilir. Yazar, M\u00d6 550&#8217;den kitab\u0131na son d\u00fc\u015ft\u00fc\u011f\u00fc tarih olan M\u00d6 430&#8217;a, Antik Yunanl\u0131lar\u0131n, Perslerin, \u00d6n Asya&#8217;n\u0131n ve M\u0131s\u0131r&#8217;\u0131n ilk tarih\u00e7isi olmakla kalmam\u0131\u015f, \u00fcslubu ve anlat\u0131m g\u00fcc\u00fcyle g\u00fcn\u00fcm\u00fcze dek ilgiyle okunmay\u0131 s\u00fcrd\u00fcrm\u00fc\u015ft\u00fcr. M\u00fcmtekim \u00d6kmen (1915-2003); T\u00fcrk\u00e7enin \u00f6nde gelen Frans\u0131zca \u00e7evirmenlerindendi. Yazar\u0131n\u0131n izinde Bodrum&#8217;a (Halikarnassos) yerle\u015fdikten sonra yapt\u0131\u011f\u0131 Herodotos \/ Tarih \u00e7evirisinin yan\u0131 s\u0131ra Descartes (Akl\u0131n Y\u00f6netimi i\u00e7in Kurallar) ve Marguerite Yourcenar (Zenon) da dilimize yetkinlikle aktard\u0131\u011f\u0131 yazarlar aras\u0131nda yer al\u0131r. \ufffcTan\u0131t\u0131m Metni<\/p>\n","protected":false},"excerpt":{"rendered":"<p>Herodotos (?M\u00d6 484 &#8211; ?M\u00d6 430-420 aras\u0131): Dokuz kitaptan olu\u015fan Tarih&#8217;i ile Bat\u0131 tarih yaz\u0131m\u0131n\u0131n atas\u0131 ve ilk b\u00fcy\u00fck yazar\u0131 olarak kabul edilir. Yazar, M\u00d6 550&#8217;den<span class=\"excerpt-hellip\"> [\u2026]<\/span><\/p>\n","protected":false},"featured_media":0,"template":"","meta":{"_monsterinsights_skip_tracking":false,"_monsterinsights_sitenote_active":false,"_monsterinsights_sitenote_note":"","_monsterinsights_sitenote_category":0},"product_brand":[],"product_cat":[12274,14573],"product_tag":[],"class_list":{"0":"post-699316","1":"product","2":"type-product","3":"status-publish","5":"product_cat-cocuk-ve-genclik-kitaplari","6":"product_cat-referans-kitaplar-cocuk-ve-genclik-kitaplari","7":"pa_cilt-ciltsiz","8":"pa_tur-kitap","9":"pa_yayinevi-is-bankasi-kultur-yayinlari","10":"pa_yazar-herodotos","12":"first","13":"instock","14":"sale","15":"shipping-taxable","16":"purchasable","17":"product-type-simple"},"_links":{"self":[{"href":"https:\/\/roveyayinevi.com.tr\/index.php\/wp-json\/wp\/v2\/product\/699316","targetHints":{"allow":["GET"]}}],"collection":[{"href":"https:\/\/roveyayinevi.com.tr\/index.php\/wp-json\/wp\/v2\/product"}],"about":[{"href":"https:\/\/roveyayinevi.com.tr\/index.php\/wp-json\/wp\/v2\/types\/product"}],"wp:attachment":[{"href":"https:\/\/roveyayinevi.com.tr\/index.php\/wp-json\/wp\/v2\/media?parent=699316"}],"wp:term":[{"taxonomy":"product_brand","embeddable":true,"href":"https:\/\/roveyayinevi.com.tr\/index.php\/wp-json\/wp\/v2\/product_brand?post=699316"},{"taxonomy":"product_cat","embeddable":true,"href":"https:\/\/roveyayinevi.com.tr\/index.php\/wp-json\/wp\/v2\/product_cat?post=699316"},{"taxonomy":"product_tag","embeddable":true,"href":"https:\/\/roveyayinevi.com.tr\/index.php\/wp-json\/wp\/v2\/product_tag?post=699316"}],"curies":[{"name":"wp","href":"https:\/\/api.w.org\/{rel}","templated":true}]}}