{"id":699311,"date":"2025-08-27T14:50:21","date_gmt":"2025-08-27T11:50:21","guid":{"rendered":"https:\/\/roveyayinevi.com.tr\/index.php\/urun\/alis-aynalar-ulkesinde\/"},"modified":"2026-04-16T02:08:45","modified_gmt":"2026-04-15T23:08:45","slug":"alis-aynalar-ulkesinde","status":"publish","type":"product","link":"https:\/\/roveyayinevi.com.tr\/index.php\/urun\/alis-aynalar-ulkesinde\/","title":{"rendered":"Alis Aynalar \u00dclkesinde"},"content":{"rendered":"<p>Alice, kedi yavrusu Kitty&#8217;yle birlikte evindeki kocaman aynan\u0131n i\u00e7ine girer. Aynan\u0131n i\u00e7inde kendi evindeki her \u015feyin ayn\u0131s\u0131 vard\u0131r. Tek fark\u0131, her \u015fey terstir. Hatta yaz\u0131lar bile tersten yaz\u0131lmakta, zaman ve olaylar da geriye gitmektedir.<\/p>\n","protected":false},"excerpt":{"rendered":"<p>Alice, kedi yavrusu Kitty&#8217;yle birlikte evindeki kocaman aynan\u0131n i\u00e7ine girer. Aynan\u0131n i\u00e7inde kendi evindeki her \u015feyin ayn\u0131s\u0131 vard\u0131r. Tek fark\u0131, her \u015fey terstir. Hatta yaz\u0131lar bile<span class=\"excerpt-hellip\"> [\u2026]<\/span><\/p>\n","protected":false},"featured_media":0,"template":"","meta":{"_monsterinsights_skip_tracking":false,"_monsterinsights_sitenote_active":false,"_monsterinsights_sitenote_note":"","_monsterinsights_sitenote_category":0},"product_brand":[],"product_cat":[12274,12284],"product_tag":[],"class_list":{"0":"post-699311","1":"product","2":"type-product","3":"status-publish","5":"product_cat-cocuk-ve-genclik-kitaplari","6":"product_cat-hikayeler","7":"pa_cilt-ciltsiz","8":"pa_tur-kitap","9":"pa_yayinevi-erdem-cocuk","10":"pa_yazar-lewis-carroll","12":"first","13":"instock","14":"sale","15":"shipping-taxable","16":"purchasable","17":"product-type-simple"},"_links":{"self":[{"href":"https:\/\/roveyayinevi.com.tr\/index.php\/wp-json\/wp\/v2\/product\/699311","targetHints":{"allow":["GET"]}}],"collection":[{"href":"https:\/\/roveyayinevi.com.tr\/index.php\/wp-json\/wp\/v2\/product"}],"about":[{"href":"https:\/\/roveyayinevi.com.tr\/index.php\/wp-json\/wp\/v2\/types\/product"}],"wp:attachment":[{"href":"https:\/\/roveyayinevi.com.tr\/index.php\/wp-json\/wp\/v2\/media?parent=699311"}],"wp:term":[{"taxonomy":"product_brand","embeddable":true,"href":"https:\/\/roveyayinevi.com.tr\/index.php\/wp-json\/wp\/v2\/product_brand?post=699311"},{"taxonomy":"product_cat","embeddable":true,"href":"https:\/\/roveyayinevi.com.tr\/index.php\/wp-json\/wp\/v2\/product_cat?post=699311"},{"taxonomy":"product_tag","embeddable":true,"href":"https:\/\/roveyayinevi.com.tr\/index.php\/wp-json\/wp\/v2\/product_tag?post=699311"}],"curies":[{"name":"wp","href":"https:\/\/api.w.org\/{rel}","templated":true}]}}