{"id":699309,"date":"2025-08-27T14:50:21","date_gmt":"2025-08-27T11:50:21","guid":{"rendered":"https:\/\/roveyayinevi.com.tr\/index.php\/urun\/tutunamayanlarin-politik-psikolojisi\/"},"modified":"2026-04-16T02:08:44","modified_gmt":"2026-04-15T23:08:44","slug":"tutunamayanlarin-politik-psikolojisi","status":"publish","type":"product","link":"https:\/\/roveyayinevi.com.tr\/index.php\/urun\/tutunamayanlarin-politik-psikolojisi\/","title":{"rendered":"Tutunamayanlar\u0131n Politik Psikolojisi"},"content":{"rendered":"<p>Paranoid-melankolik \u015finasi&#8217;denkendi intihar\u0131n\u0131n vakan\u00fcvisli\u011fini yapan be\u015fir fuad&#8217;a&#8230;fahi\u015fe mehpeyker&#8217;denfahi\u015fe fantezileri i\u00e7inde k\u0131vranan bihter&#8217;e&#8230;\u00f6zg\u00fcr-mutsuz \u00e7aresiz mihri m\u00fc\u015ffik&#8217;tenmelankolik tevfik fikret&#8217;e&#8230;kimli\u011fini, ki\u015fili\u011fini ve k\u00fclt\u00fcr\u00fcn temelini olu\u015fturan dilini yitiren bihruz bey&#8217;den\u00e7ankaya&#8217;da korkuyu bekleyen mustafa kemal&#8217;e&#8230; huzursuz m\u00fcmtazlar&#8217;danbaba kompleksli hayri irdal&#8217;lara..de\u011fi\u015fmezli\u011fi simgeleyen nizam-\u0131 \u00e2lemin daire-i adliyesinden insan\u0131n kendisi olamamas\u0131 ve hi\u00e7-le\u015fmesinin aynas\u0131al\u00e2addin&#8217;in d\u00fckk\u00e2n\u0131na&#8230;Bunlar\u0131 yazmakla \u00e7\u0131ld\u0131rmaktan kurtulunur mu? <\/p>\n","protected":false},"excerpt":{"rendered":"<p>Paranoid-melankolik \u015finasi&#8217;denkendi intihar\u0131n\u0131n vakan\u00fcvisli\u011fini yapan be\u015fir fuad&#8217;a&#8230;fahi\u015fe mehpeyker&#8217;denfahi\u015fe fantezileri i\u00e7inde k\u0131vranan bihter&#8217;e&#8230;\u00f6zg\u00fcr-mutsuz \u00e7aresiz mihri m\u00fc\u015ffik&#8217;tenmelankolik tevfik fikret&#8217;e&#8230;kimli\u011fini, ki\u015fili\u011fini ve k\u00fclt\u00fcr\u00fcn temelini olu\u015fturan dilini yitiren bihruz bey&#8217;den\u00e7ankaya&#8217;da<span class=\"excerpt-hellip\"> [\u2026]<\/span><\/p>\n","protected":false},"featured_media":0,"template":"","meta":{"_monsterinsights_skip_tracking":false,"_monsterinsights_sitenote_active":false,"_monsterinsights_sitenote_note":"","_monsterinsights_sitenote_category":0},"product_brand":[],"product_cat":[14787,13488],"product_tag":[],"class_list":{"0":"post-699309","1":"product","2":"type-product","3":"status-publish","5":"product_cat-diger-toplum-ve-insan","6":"product_cat-toplum-ve-insan","7":"pa_tur-kitap","8":"pa_yayinevi-okuyan-us-yayin","9":"pa_yazar-serol-teber","11":"first","12":"instock","13":"sale","14":"shipping-taxable","15":"purchasable","16":"product-type-simple"},"_links":{"self":[{"href":"https:\/\/roveyayinevi.com.tr\/index.php\/wp-json\/wp\/v2\/product\/699309","targetHints":{"allow":["GET"]}}],"collection":[{"href":"https:\/\/roveyayinevi.com.tr\/index.php\/wp-json\/wp\/v2\/product"}],"about":[{"href":"https:\/\/roveyayinevi.com.tr\/index.php\/wp-json\/wp\/v2\/types\/product"}],"wp:attachment":[{"href":"https:\/\/roveyayinevi.com.tr\/index.php\/wp-json\/wp\/v2\/media?parent=699309"}],"wp:term":[{"taxonomy":"product_brand","embeddable":true,"href":"https:\/\/roveyayinevi.com.tr\/index.php\/wp-json\/wp\/v2\/product_brand?post=699309"},{"taxonomy":"product_cat","embeddable":true,"href":"https:\/\/roveyayinevi.com.tr\/index.php\/wp-json\/wp\/v2\/product_cat?post=699309"},{"taxonomy":"product_tag","embeddable":true,"href":"https:\/\/roveyayinevi.com.tr\/index.php\/wp-json\/wp\/v2\/product_tag?post=699309"}],"curies":[{"name":"wp","href":"https:\/\/api.w.org\/{rel}","templated":true}]}}