{"id":699304,"date":"2025-08-27T14:50:19","date_gmt":"2025-08-27T11:50:19","guid":{"rendered":"https:\/\/roveyayinevi.com.tr\/index.php\/urun\/ekmegimi-kazanirken-2\/"},"modified":"2026-04-16T02:08:44","modified_gmt":"2026-04-15T23:08:44","slug":"ekmegimi-kazanirken-2","status":"publish","type":"product","link":"https:\/\/roveyayinevi.com.tr\/index.php\/urun\/ekmegimi-kazanirken-2\/","title":{"rendered":"Ekme\u011fimi Kazan\u0131rken"},"content":{"rendered":"<p>Ekme\u011fimi Kazan\u0131rken, Gorki\u2019nin otobiyografik \u00fc\u00e7lemesinin ikinci kitab\u0131d\u0131r. Yazar\u0131n hayat\u0131 anlama, insanlar\u0131 tan\u0131ma \u00e7abas\u0131n\u0131 ve Rus k\u00f6yl\u00fclerinin, i\u015f\u00e7ilerinin  m\u00fccadelelerine tan\u0131k olma s\u00fcrecini anlat\u0131r. Gorki, eserinde gen\u00e7li\u011finin nerelerde ge\u00e7ti\u011fini, ne t\u00fcr i\u015flerde \u00e7al\u0131\u015ft\u0131\u011f\u0131n\u0131 ve en \u00f6nemlisi de kitaplara olan d\u00fc\u015fk\u00fcnl\u00fc\u011f\u00fcn\u00fc ayr\u0131nt\u0131lar\u0131yla anlat\u0131r. Gemide bula\u015f\u0131k\u00e7\u0131l\u0131k yapar, ancak \u00e7al\u0131\u015fma arkada\u015flar\u0131na okumaktan keyif ald\u0131\u011f\u0131 eserlerden, hayran oldu\u011fu yazarlardan bahsetmeden edemez. Okuduklar\u0131m\u0131z g\u00f6sterir ki o, \u201cne i\u015f olsa yapar\u0131m.\u201d ifadesinin iticili\u011fine bir anlam kazand\u0131rm\u0131\u015f, \u00e7al\u0131\u015ft\u0131\u011f\u0131 her i\u015fe adeta d\u00fcnyan\u0131n en zevkli i\u015fiymi\u015f\u00e7esine ba\u011flanm\u0131\u015ft\u0131r. Haks\u0131z da de\u011fildir. \u00c7\u00fcnk\u00fc Gorki, \u00e7al\u0131\u015ft\u0131\u011f\u0131 bu i\u015fler sayesinde as\u0131l yolunu bulur, \u00fcniversiteye gitmekte gecikmez.  B\u00fct\u00fcn bu i\u015flere girip \u00e7\u0131kman\u0131n bir bedeli vard\u0131r: Hayal k\u0131r\u0131kl\u0131\u011f\u0131. Ninesi ve dedesiyle ya\u015fayan eserin ba\u015fkarakteri Alyo\u015fa, Gorki\u2019nin ya\u015fad\u0131\u011f\u0131n\u0131 tahmin etti\u011fimiz hayal k\u0131r\u0131kl\u0131\u011f\u0131n\u0131n, umudunu ne derece etkiledi\u011fini g\u00f6sterir. \u201c\u0130nsanlar ya\u015fad\u0131k\u00e7a ya\u015fayacakt\u0131r. \u00c7\u00fcnk\u00fc yery\u00fcz\u00fcn\u00fcn en b\u00fcy\u00fck \u015fairidir.\u201d <\/p>\n","protected":false},"excerpt":{"rendered":"<p>Ekme\u011fimi Kazan\u0131rken, Gorki\u2019nin otobiyografik \u00fc\u00e7lemesinin ikinci kitab\u0131d\u0131r. Yazar\u0131n hayat\u0131 anlama, insanlar\u0131 tan\u0131ma \u00e7abas\u0131n\u0131 ve Rus k\u00f6yl\u00fclerinin, i\u015f\u00e7ilerinin m\u00fccadelelerine tan\u0131k olma s\u00fcrecini anlat\u0131r. Gorki, eserinde gen\u00e7li\u011finin nerelerde<span class=\"excerpt-hellip\"> [\u2026]<\/span><\/p>\n","protected":false},"featured_media":0,"template":"","meta":{"_monsterinsights_skip_tracking":false,"_monsterinsights_sitenote_active":false,"_monsterinsights_sitenote_note":"","_monsterinsights_sitenote_category":0},"product_brand":[],"product_cat":[12291,13570],"product_tag":[],"class_list":{"0":"post-699304","1":"product","2":"type-product","3":"status-publish","5":"product_cat-edebiyat","6":"product_cat-rus-edebiyati","7":"pa_tur-kitap","8":"pa_yayinevi-antik-kitap","9":"pa_yazar-maksim-gorki","11":"first","12":"instock","13":"sale","14":"shipping-taxable","15":"purchasable","16":"product-type-simple"},"_links":{"self":[{"href":"https:\/\/roveyayinevi.com.tr\/index.php\/wp-json\/wp\/v2\/product\/699304","targetHints":{"allow":["GET"]}}],"collection":[{"href":"https:\/\/roveyayinevi.com.tr\/index.php\/wp-json\/wp\/v2\/product"}],"about":[{"href":"https:\/\/roveyayinevi.com.tr\/index.php\/wp-json\/wp\/v2\/types\/product"}],"wp:attachment":[{"href":"https:\/\/roveyayinevi.com.tr\/index.php\/wp-json\/wp\/v2\/media?parent=699304"}],"wp:term":[{"taxonomy":"product_brand","embeddable":true,"href":"https:\/\/roveyayinevi.com.tr\/index.php\/wp-json\/wp\/v2\/product_brand?post=699304"},{"taxonomy":"product_cat","embeddable":true,"href":"https:\/\/roveyayinevi.com.tr\/index.php\/wp-json\/wp\/v2\/product_cat?post=699304"},{"taxonomy":"product_tag","embeddable":true,"href":"https:\/\/roveyayinevi.com.tr\/index.php\/wp-json\/wp\/v2\/product_tag?post=699304"}],"curies":[{"name":"wp","href":"https:\/\/api.w.org\/{rel}","templated":true}]}}