{"id":699302,"date":"2025-08-27T14:50:19","date_gmt":"2025-08-27T11:50:19","guid":{"rendered":"https:\/\/roveyayinevi.com.tr\/index.php\/urun\/gazete-fisiltilari\/"},"modified":"2026-04-16T02:08:44","modified_gmt":"2026-04-15T23:08:44","slug":"gazete-fisiltilari","status":"publish","type":"product","link":"https:\/\/roveyayinevi.com.tr\/index.php\/urun\/gazete-fisiltilari\/","title":{"rendered":"Gazete F\u0131s\u0131lt\u0131lar\u0131"},"content":{"rendered":"<p>Sat\u0131r aras\u0131ndaki s\u0131rlar Afi b\u00fcy\u00fcme yolculu\u011fundaki zorluklar\u0131 taban tabana z\u0131t \u0130kizi Kozi\u2019yle a\u015fmaya \u00e7al\u0131\u015f\u0131yor. Masal anlat\u0131c\u0131s\u0131 k\u0131z\u0131, parmaks\u0131z k\u00fc\u00e7\u00fck devi, yersiz yurtsuz sihirbaz\u0131 tan\u0131d\u0131k\u00e7a se\u00e7imlerini netle\u015ftiriyor, \u00f6zg\u00fcrle\u015fiyor. \ufffcTan\u0131t\u0131m Metni<\/p>\n","protected":false},"excerpt":{"rendered":"<p>Sat\u0131r aras\u0131ndaki s\u0131rlar Afi b\u00fcy\u00fcme yolculu\u011fundaki zorluklar\u0131 taban tabana z\u0131t \u0130kizi Kozi\u2019yle a\u015fmaya \u00e7al\u0131\u015f\u0131yor. Masal anlat\u0131c\u0131s\u0131 k\u0131z\u0131, parmaks\u0131z k\u00fc\u00e7\u00fck devi, yersiz yurtsuz sihirbaz\u0131 tan\u0131d\u0131k\u00e7a se\u00e7imlerini netle\u015ftiriyor,<span class=\"excerpt-hellip\"> [\u2026]<\/span><\/p>\n","protected":false},"featured_media":0,"template":"","meta":{"_monsterinsights_skip_tracking":false,"_monsterinsights_sitenote_active":false,"_monsterinsights_sitenote_note":"","_monsterinsights_sitenote_category":0},"product_brand":[],"product_cat":[12274,12284],"product_tag":[],"class_list":{"0":"post-699302","1":"product","2":"type-product","3":"status-publish","5":"product_cat-cocuk-ve-genclik-kitaplari","6":"product_cat-hikayeler","7":"pa_cilt-ciltsiz","8":"pa_tur-kitap","9":"pa_yayinevi-can-cocuk-yayinlari","10":"pa_yazar-sevim-ak","12":"first","13":"instock","14":"sale","15":"shipping-taxable","16":"purchasable","17":"product-type-simple"},"_links":{"self":[{"href":"https:\/\/roveyayinevi.com.tr\/index.php\/wp-json\/wp\/v2\/product\/699302","targetHints":{"allow":["GET"]}}],"collection":[{"href":"https:\/\/roveyayinevi.com.tr\/index.php\/wp-json\/wp\/v2\/product"}],"about":[{"href":"https:\/\/roveyayinevi.com.tr\/index.php\/wp-json\/wp\/v2\/types\/product"}],"wp:attachment":[{"href":"https:\/\/roveyayinevi.com.tr\/index.php\/wp-json\/wp\/v2\/media?parent=699302"}],"wp:term":[{"taxonomy":"product_brand","embeddable":true,"href":"https:\/\/roveyayinevi.com.tr\/index.php\/wp-json\/wp\/v2\/product_brand?post=699302"},{"taxonomy":"product_cat","embeddable":true,"href":"https:\/\/roveyayinevi.com.tr\/index.php\/wp-json\/wp\/v2\/product_cat?post=699302"},{"taxonomy":"product_tag","embeddable":true,"href":"https:\/\/roveyayinevi.com.tr\/index.php\/wp-json\/wp\/v2\/product_tag?post=699302"}],"curies":[{"name":"wp","href":"https:\/\/api.w.org\/{rel}","templated":true}]}}