{"id":699297,"date":"2025-08-27T14:50:17","date_gmt":"2025-08-27T11:50:17","guid":{"rendered":"https:\/\/roveyayinevi.com.tr\/index.php\/urun\/iki-taktik-demokratik-devrimde-sosyal-demokrasinin-iki-taktigi\/"},"modified":"2026-04-14T02:11:08","modified_gmt":"2026-04-13T23:11:08","slug":"iki-taktik-demokratik-devrimde-sosyal-demokrasinin-iki-taktigi","status":"publish","type":"product","link":"https:\/\/roveyayinevi.com.tr\/index.php\/urun\/iki-taktik-demokratik-devrimde-sosyal-demokrasinin-iki-taktigi\/","title":{"rendered":"\u0130ki Taktik Demokratik Devrimde Sosyal Demokrasinin \u0130ki Takti\u011fi"},"content":{"rendered":"<p>\u0130\u00c7\u0130NDEK\u0130LER 7    \u00d6ns\u00f6z, N. Lenin11    \u0130vedi Bir Siyasal Sorun15    RSD\u0130P \u00dc\u00e7\u00fcnc\u00fc Kongresinin Ge\u00e7ici Devrimci H\u00fck\u00fcmet Konusundaki Karar\u0131 Bize Ne Getiriyor?22   &#8220;Devrimin \u00c7arl\u0131k \u00dczerinde Kesin Zaferi&#8221; Ne Demektir?29    Monar\u015finin Kald\u0131r\u0131lmas\u0131 ve Cumhuriyet35    &#8220;Devrimi \u0130lerletme&#8221; Nas\u0131l Olur?39    Tutars\u0131z Burjuvaziye Kar\u015f\u0131 Sava\u015f\u0131mda Proletaryan\u0131n\u0131n Eli-Kolu Ba\u011fl\u0131 Kalmas\u0131 Tehlikesi      Nereden Gelebilir?53    &#8220;Tutucular\u0131 H\u00fck\u00fcmetten Tasfiye Etme&#8221; Taktikleri58    Osvobojdenye  ve Yeni-\u0130skra E\u011filimleri67    Devrim S\u0131ras\u0131nda A\u015f\u0131r\u0131 Muhalefet Partisi Olmak Ne Demektir?71    &#8220;Devrimci Kom\u00fcnler&#8221; ve Proletaryan\u0131n\u0131n ve K\u00f6yl\u00fcl\u00fc\u011f\u00fcn Devrimci-Demokratik Diktat\u00f6rl\u00fc\u011f\u00fc82    RSD\u0130P&#8217;nin \u00dc\u00e7\u00fcnc\u00fc Kongresinin Baz\u0131 Kararlar\u0131 ile &#8220;Konferans&#8221;\u0131nkiler Aras\u0131nda Kaba Bir Kar\u015f\u0131la\u015ft\u0131rma88    E\u011fer Burjuvazi Y\u00fcz \u00c7evirecek Olursa Demokratik Devrimin Kapsam\u0131 Daral\u0131r m\u0131?98    Sonu\u00e7. Kazanmay\u0131 G\u00f6ze Al\u0131yormuyuz?109  Sons\u00f6z \u2014 Bir kez Daha Osvobojdenye E\u011filimi, Bir Kez Daha Yeni-\u0130skra E\u011filimi109    I. Burjuva Liberal Ger\u00e7ek\u00e7iler, Sosyal-Demokrat &#8220;Ger\u00e7ek\u00e7ileri&#8221; Neden Y\u00fcceltiyorlar?117    II. Martinov Yolda\u015f Soruna Gene &#8220;Derinlik&#8221; Kazand\u0131r\u0131yor.125    III. Diktat\u00f6rl\u00fck Konusundaki Kaba Burjuva G\u00f6r\u00fc\u015fler ile Marksist G\u00f6r\u00fc\u015fler 135    A\u00e7\u0131klay\u0131c\u0131 Notlar <\/p>\n","protected":false},"excerpt":{"rendered":"<p>\u0130\u00c7\u0130NDEK\u0130LER 7 \u00d6ns\u00f6z, N. Lenin11 \u0130vedi Bir Siyasal Sorun15 RSD\u0130P \u00dc\u00e7\u00fcnc\u00fc Kongresinin Ge\u00e7ici Devrimci H\u00fck\u00fcmet Konusundaki Karar\u0131 Bize Ne Getiriyor?22 &#8220;Devrimin \u00c7arl\u0131k \u00dczerinde Kesin Zaferi&#8221; Ne<span class=\"excerpt-hellip\"> [\u2026]<\/span><\/p>\n","protected":false},"featured_media":0,"template":"","meta":{"_monsterinsights_skip_tracking":false,"_monsterinsights_sitenote_active":false,"_monsterinsights_sitenote_note":"","_monsterinsights_sitenote_category":0},"product_brand":[],"product_cat":[12370,12304],"product_tag":[],"class_list":{"0":"post-699297","1":"product","2":"type-product","3":"status-publish","5":"product_cat-arastirma-inceleme","6":"product_cat-tarih","7":"pa_cilt-ciltsiz","8":"pa_tur-kitap","9":"pa_yayinevi-sol-yayinlari","10":"pa_yazar-vladimir-ilyic-lenin","12":"first","13":"instock","14":"sale","15":"shipping-taxable","16":"purchasable","17":"product-type-simple"},"_links":{"self":[{"href":"https:\/\/roveyayinevi.com.tr\/index.php\/wp-json\/wp\/v2\/product\/699297","targetHints":{"allow":["GET"]}}],"collection":[{"href":"https:\/\/roveyayinevi.com.tr\/index.php\/wp-json\/wp\/v2\/product"}],"about":[{"href":"https:\/\/roveyayinevi.com.tr\/index.php\/wp-json\/wp\/v2\/types\/product"}],"wp:attachment":[{"href":"https:\/\/roveyayinevi.com.tr\/index.php\/wp-json\/wp\/v2\/media?parent=699297"}],"wp:term":[{"taxonomy":"product_brand","embeddable":true,"href":"https:\/\/roveyayinevi.com.tr\/index.php\/wp-json\/wp\/v2\/product_brand?post=699297"},{"taxonomy":"product_cat","embeddable":true,"href":"https:\/\/roveyayinevi.com.tr\/index.php\/wp-json\/wp\/v2\/product_cat?post=699297"},{"taxonomy":"product_tag","embeddable":true,"href":"https:\/\/roveyayinevi.com.tr\/index.php\/wp-json\/wp\/v2\/product_tag?post=699297"}],"curies":[{"name":"wp","href":"https:\/\/api.w.org\/{rel}","templated":true}]}}