{"id":699296,"date":"2025-08-27T14:50:17","date_gmt":"2025-08-27T11:50:17","guid":{"rendered":"https:\/\/roveyayinevi.com.tr\/index.php\/urun\/halkin-dostlari-kimlerdir-ve-sosyal-demokratlara-karsi-nasil-savasirlar-ruskoye-bogatsvoda-yayinlanmis-marksistlere-karsi-maka\/"},"modified":"2026-04-07T02:14:40","modified_gmt":"2026-04-06T23:14:40","slug":"halkin-dostlari-kimlerdir-ve-sosyal-demokratlara-karsi-nasil-savasirlar-ruskoye-bogatsvoda-yayinlanmis-marksistlere-karsi-maka","status":"publish","type":"product","link":"https:\/\/roveyayinevi.com.tr\/index.php\/urun\/halkin-dostlari-kimlerdir-ve-sosyal-demokratlara-karsi-nasil-savasirlar-ruskoye-bogatsvoda-yayinlanmis-marksistlere-karsi-maka\/","title":{"rendered":"Halk\u0131n Dostlar\u0131 Kimlerdir ve Sosyal Demokratlara Kar\u015f\u0131 Nas\u0131l Sava\u015f\u0131rlar? Ruskoye Bogatsvo\u2019da Yay\u0131nlanm\u0131\u015f Marksistlere Kar\u015f\u0131 Maka"},"content":{"rendered":"<p>V. \u0130. Lenin\u2019in \u00c7to takoye \u201cDruzya Naroda\u201d i kak oni voyuyut protiv Sotsial-Demokratov? (1894) adl\u0131 yap\u0131t\u0131n\u0131 Vahap S. Erdo\u011fdu \u0130ngilizcesinden (What the \u201cFriends of the People\u201d Are and How They Fight the Social-Democrats \u2014 A Reply to Articles in Ruskoye Bogatstvo Opposing the Marxists, Progress Publishers, Moscow 1970) dilimize \u00e7evirdi ve kitap \u201cHalk\u0131n Dostlar\u0131\u201d Kimlerdir ve Sosyal-Demokratlara Kar\u015f\u0131 Nas\u0131l Sava\u015f\u0131rlar? (Ruskoye Bogatstvo\u2019da Yay\u0131nlanm\u0131\u015f Marksistlere Kar\u015f\u0131 Makalelere Yan\u0131t) ad\u0131 ile Sol Yay\u0131nlar\u0131 taraf\u0131ndan Ekim 2012 (Birinci Bask\u0131: Mart 1976; \u0130kinci Bask\u0131: Ocak 1978; \u00dc\u00e7\u00fcnc\u00fc Bask\u0131: A\u011fustos 1979; D\u00f6rd\u00fcnc\u00fc Bask\u0131: Mart 1990; Be\u015finci Bask\u0131: Eyl\u00fcl 1996) tarihinde Ankara\u2019da Kuban Matbaac\u0131l\u0131k\u2019ta bast\u0131r\u0131ld\u0131. \ufffcTan\u0131t\u0131m Metni<\/p>\n","protected":false},"excerpt":{"rendered":"<p>V. \u0130. Lenin\u2019in \u00c7to takoye \u201cDruzya Naroda\u201d i kak oni voyuyut protiv Sotsial-Demokratov? (1894) adl\u0131 yap\u0131t\u0131n\u0131 Vahap S. Erdo\u011fdu \u0130ngilizcesinden (What the \u201cFriends of the People\u201d<span class=\"excerpt-hellip\"> [\u2026]<\/span><\/p>\n","protected":false},"featured_media":0,"template":"","meta":{"_monsterinsights_skip_tracking":false,"_monsterinsights_sitenote_active":false,"_monsterinsights_sitenote_note":"","_monsterinsights_sitenote_category":0},"product_brand":[],"product_cat":[12312,12304],"product_tag":[],"class_list":{"0":"post-699296","1":"product","2":"type-product","3":"status-publish","5":"product_cat-diger","6":"product_cat-tarih","7":"pa_cilt-ciltsiz","8":"pa_tur-kitap","9":"pa_yayinevi-sol-yayinlari","10":"pa_yazar-vladimir-ilyic-lenin","12":"first","13":"instock","14":"sale","15":"shipping-taxable","16":"purchasable","17":"product-type-simple"},"_links":{"self":[{"href":"https:\/\/roveyayinevi.com.tr\/index.php\/wp-json\/wp\/v2\/product\/699296","targetHints":{"allow":["GET"]}}],"collection":[{"href":"https:\/\/roveyayinevi.com.tr\/index.php\/wp-json\/wp\/v2\/product"}],"about":[{"href":"https:\/\/roveyayinevi.com.tr\/index.php\/wp-json\/wp\/v2\/types\/product"}],"wp:attachment":[{"href":"https:\/\/roveyayinevi.com.tr\/index.php\/wp-json\/wp\/v2\/media?parent=699296"}],"wp:term":[{"taxonomy":"product_brand","embeddable":true,"href":"https:\/\/roveyayinevi.com.tr\/index.php\/wp-json\/wp\/v2\/product_brand?post=699296"},{"taxonomy":"product_cat","embeddable":true,"href":"https:\/\/roveyayinevi.com.tr\/index.php\/wp-json\/wp\/v2\/product_cat?post=699296"},{"taxonomy":"product_tag","embeddable":true,"href":"https:\/\/roveyayinevi.com.tr\/index.php\/wp-json\/wp\/v2\/product_tag?post=699296"}],"curies":[{"name":"wp","href":"https:\/\/api.w.org\/{rel}","templated":true}]}}