{"id":699295,"date":"2025-08-27T14:50:16","date_gmt":"2025-08-27T11:50:16","guid":{"rendered":"https:\/\/roveyayinevi.com.tr\/index.php\/urun\/ibn-rusd\/"},"modified":"2026-04-16T02:08:44","modified_gmt":"2026-04-15T23:08:44","slug":"ibn-rusd","status":"publish","type":"product","link":"https:\/\/roveyayinevi.com.tr\/index.php\/urun\/ibn-rusd\/","title":{"rendered":"\u0130bn R\u00fc\u015fd"},"content":{"rendered":"<p>Bat\u0131l\u0131lar\u0131n Averroes diye adland\u0131rd\u0131\u011f\u0131 \u0130bn R\u00fc\u015fd, Klasik D\u00f6nem\u2019de \u0130slam D\u00fcnyas\u0131\u2019nda hayat bulmu\u015f olan bilim ve d\u00fc\u015f\u00fcn etkinli\u011finin son temsilcisi olarak, hem Antik d\u00fc\u015f\u00fcnce miras\u0131n\u0131 End\u00fcl\u00fcs\u2019\u00fcn verimli topraklar\u0131na ta\u015f\u0131m\u0131\u015f, hem de Bat\u0131\u2019da ba\u015flayan R\u00f6nesans d\u00fc\u015f\u00fcncesinin temellerini haz\u0131rlam\u0131\u015f bir bilim ve d\u00fc\u015f\u00fcn insan\u0131d\u0131r. <\/p>\n","protected":false},"excerpt":{"rendered":"<p>Bat\u0131l\u0131lar\u0131n Averroes diye adland\u0131rd\u0131\u011f\u0131 \u0130bn R\u00fc\u015fd, Klasik D\u00f6nem\u2019de \u0130slam D\u00fcnyas\u0131\u2019nda hayat bulmu\u015f olan bilim ve d\u00fc\u015f\u00fcn etkinli\u011finin son temsilcisi olarak, hem Antik d\u00fc\u015f\u00fcnce miras\u0131n\u0131 End\u00fcl\u00fcs\u2019\u00fcn verimli<span class=\"excerpt-hellip\"> [\u2026]<\/span><\/p>\n","protected":false},"featured_media":0,"template":"","meta":{"_monsterinsights_skip_tracking":false,"_monsterinsights_sitenote_active":false,"_monsterinsights_sitenote_note":"","_monsterinsights_sitenote_category":0},"product_brand":[],"product_cat":[12389,12388],"product_tag":[],"class_list":{"0":"post-699295","1":"product","2":"type-product","3":"status-publish","5":"product_cat-diger-felsefe","6":"product_cat-felsefe","7":"pa_cilt-ciltsiz","8":"pa_tur-kitap","9":"pa_yayinevi-say-yayinlari","10":"pa_yazar-huseyin-gazi-topdemir","12":"first","13":"instock","14":"sale","15":"shipping-taxable","16":"purchasable","17":"product-type-simple"},"_links":{"self":[{"href":"https:\/\/roveyayinevi.com.tr\/index.php\/wp-json\/wp\/v2\/product\/699295","targetHints":{"allow":["GET"]}}],"collection":[{"href":"https:\/\/roveyayinevi.com.tr\/index.php\/wp-json\/wp\/v2\/product"}],"about":[{"href":"https:\/\/roveyayinevi.com.tr\/index.php\/wp-json\/wp\/v2\/types\/product"}],"wp:attachment":[{"href":"https:\/\/roveyayinevi.com.tr\/index.php\/wp-json\/wp\/v2\/media?parent=699295"}],"wp:term":[{"taxonomy":"product_brand","embeddable":true,"href":"https:\/\/roveyayinevi.com.tr\/index.php\/wp-json\/wp\/v2\/product_brand?post=699295"},{"taxonomy":"product_cat","embeddable":true,"href":"https:\/\/roveyayinevi.com.tr\/index.php\/wp-json\/wp\/v2\/product_cat?post=699295"},{"taxonomy":"product_tag","embeddable":true,"href":"https:\/\/roveyayinevi.com.tr\/index.php\/wp-json\/wp\/v2\/product_tag?post=699295"}],"curies":[{"name":"wp","href":"https:\/\/api.w.org\/{rel}","templated":true}]}}