{"id":699294,"date":"2025-08-27T14:50:16","date_gmt":"2025-08-27T11:50:16","guid":{"rendered":"https:\/\/roveyayinevi.com.tr\/index.php\/urun\/hafif-cografya\/"},"modified":"2026-04-16T02:08:44","modified_gmt":"2026-04-15T23:08:44","slug":"hafif-cografya","status":"publish","type":"product","link":"https:\/\/roveyayinevi.com.tr\/index.php\/urun\/hafif-cografya\/","title":{"rendered":"Hafif Co\u011frafya"},"content":{"rendered":"<p>\u015eair Achim Wagner 1967 y\u0131l\u0131nda, Almanya&#8217;n\u0131n g\u00fcneydo\u011fusundaki Coburg kentinde do\u011fdu; Ankara ve Berlin&#8217;de ya\u015f\u0131yor. \u015eiirler, d\u00fczyaz\u0131lar, tiyatro oyunlar\u0131 ve makaleler yazan Wagner&#8217;in, yedi kitab\u0131 bulunuyor. Wair pek \u00e7ok edebiyat \u00f6d\u00fcl\u00fc ald\u0131. Bu \u00f6d\u00fcller aras\u0131nda, 2009&#8217;da Kunstsiftung Nordrhein-Westfalen&#8217;den ald\u0131\u011f\u0131 alt\u0131 ayl\u0131k \u0130stanbul bursu da bulunuyor. Wagner&#8217;in T\u00fcrkiye maceras\u0131 b\u00f6yle ba\u015flad\u0131. 2010 y\u0131l\u0131ndan bu yana, \u015fiirleri d\u00fczenli olarak edebiyat dergisi \u015eiiri \u00d6zl\u00fcyorum&#8217;da yay\u0131mlan\u0131yor. Wagner, hafif co\u011frafya&#8217;daki \u015fiirleri, T\u00fcrk\u00e7e kaleme ald\u0131.  Achim Wagner, edebiyat \u00e7al\u0131\u015fmalar\u0131n\u0131n yan\u0131 s\u0131ra foto\u011fraf\u00e7\u0131l\u0131kla da ilgileniyor. Wagner&#8217;in ilk ki\u015fisel foto\u011fraf sergisi, 2012 y\u0131l\u0131nda ODT\u00dc&#8217;de d\u00fczenlendi. <\/p>\n","protected":false},"excerpt":{"rendered":"<p>\u015eair Achim Wagner 1967 y\u0131l\u0131nda, Almanya&#8217;n\u0131n g\u00fcneydo\u011fusundaki Coburg kentinde do\u011fdu; Ankara ve Berlin&#8217;de ya\u015f\u0131yor. \u015eiirler, d\u00fczyaz\u0131lar, tiyatro oyunlar\u0131 ve makaleler yazan Wagner&#8217;in, yedi kitab\u0131 bulunuyor. Wair<span class=\"excerpt-hellip\"> [\u2026]<\/span><\/p>\n","protected":false},"featured_media":0,"template":"","meta":{"_monsterinsights_skip_tracking":false,"_monsterinsights_sitenote_active":false,"_monsterinsights_sitenote_note":"","_monsterinsights_sitenote_category":0},"product_brand":[],"product_cat":[12782,12291],"product_tag":[],"class_list":{"0":"post-699294","1":"product","2":"type-product","3":"status-publish","5":"product_cat-alman-edebiyati","6":"product_cat-edebiyat","7":"pa_cilt-ciltsiz","8":"pa_tur-kitap","9":"pa_yayinevi-nika-yayinevi","10":"pa_yazar-achim-wagner","12":"first","13":"instock","14":"sale","15":"shipping-taxable","16":"purchasable","17":"product-type-simple"},"_links":{"self":[{"href":"https:\/\/roveyayinevi.com.tr\/index.php\/wp-json\/wp\/v2\/product\/699294","targetHints":{"allow":["GET"]}}],"collection":[{"href":"https:\/\/roveyayinevi.com.tr\/index.php\/wp-json\/wp\/v2\/product"}],"about":[{"href":"https:\/\/roveyayinevi.com.tr\/index.php\/wp-json\/wp\/v2\/types\/product"}],"wp:attachment":[{"href":"https:\/\/roveyayinevi.com.tr\/index.php\/wp-json\/wp\/v2\/media?parent=699294"}],"wp:term":[{"taxonomy":"product_brand","embeddable":true,"href":"https:\/\/roveyayinevi.com.tr\/index.php\/wp-json\/wp\/v2\/product_brand?post=699294"},{"taxonomy":"product_cat","embeddable":true,"href":"https:\/\/roveyayinevi.com.tr\/index.php\/wp-json\/wp\/v2\/product_cat?post=699294"},{"taxonomy":"product_tag","embeddable":true,"href":"https:\/\/roveyayinevi.com.tr\/index.php\/wp-json\/wp\/v2\/product_tag?post=699294"}],"curies":[{"name":"wp","href":"https:\/\/api.w.org\/{rel}","templated":true}]}}