{"id":699293,"date":"2025-08-27T14:50:16","date_gmt":"2025-08-27T11:50:16","guid":{"rendered":"https:\/\/roveyayinevi.com.tr\/index.php\/urun\/canavar-pesinde-serisi-24-avantianin-tilsimi-hayalet-panter-uc-kuyruk\/"},"modified":"2026-04-13T02:11:15","modified_gmt":"2026-04-12T23:11:15","slug":"canavar-pesinde-serisi-24-avantianin-tilsimi-hayalet-panter-uc-kuyruk","status":"publish","type":"product","link":"https:\/\/roveyayinevi.com.tr\/index.php\/urun\/canavar-pesinde-serisi-24-avantianin-tilsimi-hayalet-panter-uc-kuyruk\/","title":{"rendered":"Canavar Pe\u015finde Serisi 24 &#8211; Avantia&#8217;n\u0131n T\u0131ls\u0131m\u0131 (Hayalet Panter \u00dc\u00e7 Kuyruk)"},"content":{"rendered":"<p>Yepyeni Canavar Pe\u015finde maceras\u0131na ho\u015f geldiniz: Avantia\u2019n\u0131n T\u0131ls\u0131m\u0131Tom, sonunda babas\u0131n\u0131 buldu. Fakat babas\u0131 Taladon, ger\u00e7ek d\u00fcnya ile ruhlar d\u00fcnyas\u0131 aras\u0131nda s\u0131k\u0131\u015f\u0131p kalm\u0131\u015f durumda. Tom\u2019un onu kurtarabilmesi i\u00e7in Hayalet Canavarlarla sava\u015fmas\u0131 ve par\u00e7alar\u0131na ayr\u0131lm\u0131\u015f olan Avantia\u2019n\u0131n T\u0131ls\u0131m\u0131\u2019n\u0131 birle\u015ftirmesi gerekiyor.Kara B\u00fcy\u00fcc\u00fc Malvel\u2019in son canavar\u0131, Kral Hugo\u2019nun saray\u0131n\u0131 tehdit ediyor! Hayalet Panter \u00dc\u00e7 Kuyruk, kurbanlar\u0131n\u0131 kuyruklar\u0131yla yakalay\u0131p iyi insanlar\u0131 k\u00f6t\u00fc insanlara d\u00f6n\u00fc\u015ft\u00fcr\u00fcyor! Tom, babas\u0131n\u0131 hayata d\u00f6nd\u00fcrebilmek i\u00e7in \u00dc\u00e7 Kuyruk\u2019un tasmas\u0131ndaki t\u0131ls\u0131m par\u00e7as\u0131n\u0131 almak zorunda. Yoksa ne onu ne de Avantial\u0131lar\u0131 kurtarabilecek\u2026 <\/p>\n","protected":false},"excerpt":{"rendered":"<p>Yepyeni Canavar Pe\u015finde maceras\u0131na ho\u015f geldiniz: Avantia\u2019n\u0131n T\u0131ls\u0131m\u0131Tom, sonunda babas\u0131n\u0131 buldu. Fakat babas\u0131 Taladon, ger\u00e7ek d\u00fcnya ile ruhlar d\u00fcnyas\u0131 aras\u0131nda s\u0131k\u0131\u015f\u0131p kalm\u0131\u015f durumda. Tom\u2019un onu kurtarabilmesi<span class=\"excerpt-hellip\"> [\u2026]<\/span><\/p>\n","protected":false},"featured_media":0,"template":"","meta":{"_monsterinsights_skip_tracking":false,"_monsterinsights_sitenote_active":false,"_monsterinsights_sitenote_note":"","_monsterinsights_sitenote_category":0},"product_brand":[],"product_cat":[12274,12284],"product_tag":[],"class_list":{"0":"post-699293","1":"product","2":"type-product","3":"status-publish","5":"product_cat-cocuk-ve-genclik-kitaplari","6":"product_cat-hikayeler","7":"pa_tur-kitap","8":"pa_yayinevi-beyaz-balina-yayinlari","9":"pa_yazar-adam-blade","11":"first","12":"instock","13":"sale","14":"shipping-taxable","15":"purchasable","16":"product-type-simple"},"_links":{"self":[{"href":"https:\/\/roveyayinevi.com.tr\/index.php\/wp-json\/wp\/v2\/product\/699293","targetHints":{"allow":["GET"]}}],"collection":[{"href":"https:\/\/roveyayinevi.com.tr\/index.php\/wp-json\/wp\/v2\/product"}],"about":[{"href":"https:\/\/roveyayinevi.com.tr\/index.php\/wp-json\/wp\/v2\/types\/product"}],"wp:attachment":[{"href":"https:\/\/roveyayinevi.com.tr\/index.php\/wp-json\/wp\/v2\/media?parent=699293"}],"wp:term":[{"taxonomy":"product_brand","embeddable":true,"href":"https:\/\/roveyayinevi.com.tr\/index.php\/wp-json\/wp\/v2\/product_brand?post=699293"},{"taxonomy":"product_cat","embeddable":true,"href":"https:\/\/roveyayinevi.com.tr\/index.php\/wp-json\/wp\/v2\/product_cat?post=699293"},{"taxonomy":"product_tag","embeddable":true,"href":"https:\/\/roveyayinevi.com.tr\/index.php\/wp-json\/wp\/v2\/product_tag?post=699293"}],"curies":[{"name":"wp","href":"https:\/\/api.w.org\/{rel}","templated":true}]}}