{"id":699290,"date":"2025-08-27T14:50:15","date_gmt":"2025-08-27T11:50:15","guid":{"rendered":"https:\/\/roveyayinevi.com.tr\/index.php\/urun\/ittihatci-senusi-iliskileri-1908-1918\/"},"modified":"2026-04-16T02:08:44","modified_gmt":"2026-04-15T23:08:44","slug":"ittihatci-senusi-iliskileri-1908-1918","status":"publish","type":"product","link":"https:\/\/roveyayinevi.com.tr\/index.php\/urun\/ittihatci-senusi-iliskileri-1908-1918\/","title":{"rendered":"\u0130ttihat\u00e7\u0131-Sen\u00fcsi \u0130li\u015fkileri (1908-1918)"},"content":{"rendered":"<p>Nevzat Artu\u00e7, elinizdeki bu eserde, bug\u00fcne kadar \u00fczerinde \u00e7al\u0131\u015fmay\u0131 bir tarafa b\u0131rak\u0131n, yan yana getirilmesi bile kabul g\u00f6rmeyen \u0130ttihat\u00e7\u0131-\u0130ttihad-\u0131 \u0130sl\u00e2m ili\u015fkisini b\u00fcy\u00fck bir cesaretle ele al\u0131yor. \u0130ttihat\u00e7\u0131-Sen\u00fbs\u00ee ili\u015fkilerinin ve Osmanl\u0131 Devleti&#8217;nin Trablusgarp politikalar\u0131n\u0131n e\u015frutiyet kahraman\u0131 Enver Bey&#8217;in etraf\u0131nda \u015fekillendi\u011fini, \u0130ttihat\u00e7\u0131lar\u0131n, 1911&#8217;de ba\u015flayan Trablusgarp Sava\u015f\u0131&#8217;nda destans\u0131 bir m\u00fccadele sergilediklerini, Balkan Sava\u015flar\u0131 nedeniyle bir k\u0131s\u0131m \u0130ttihat\u00e7\u0131n\u0131n \u0130stanbul&#8217;a d\u00f6nm\u00fc\u015f olmas\u0131na ra\u011fmen Trablusgarp&#8217;taki m\u00fccadelenin 1918 sonlar\u0131na kadar devam ettirildi\u011fini, b\u00f6ylece Trablusgarp halk\u0131na vatanseverlik ve direni\u015f ruhu a\u015f\u0131lad\u0131klar\u0131n\u0131 hi\u00e7bir tart\u0131\u015fmaya mahal b\u0131rakmayacak \u015fekilde ortaya koyuyor. <\/p>\n","protected":false},"excerpt":{"rendered":"<p>Nevzat Artu\u00e7, elinizdeki bu eserde, bug\u00fcne kadar \u00fczerinde \u00e7al\u0131\u015fmay\u0131 bir tarafa b\u0131rak\u0131n, yan yana getirilmesi bile kabul g\u00f6rmeyen \u0130ttihat\u00e7\u0131-\u0130ttihad-\u0131 \u0130sl\u00e2m ili\u015fkisini b\u00fcy\u00fck bir cesaretle ele al\u0131yor.<span class=\"excerpt-hellip\"> [\u2026]<\/span><\/p>\n","protected":false},"featured_media":0,"template":"","meta":{"_monsterinsights_skip_tracking":false,"_monsterinsights_sitenote_active":false,"_monsterinsights_sitenote_note":"","_monsterinsights_sitenote_category":0},"product_brand":[],"product_cat":[13517,12304],"product_tag":[],"class_list":{"0":"post-699290","1":"product","2":"type-product","3":"status-publish","5":"product_cat-osmanli-tarihi","6":"product_cat-tarih","7":"pa_tur-kitap","8":"pa_yayinevi-bilge-kultur-sanat","9":"pa_yazar-nevzat-artuc","11":"first","12":"instock","13":"sale","14":"shipping-taxable","15":"purchasable","16":"product-type-simple"},"_links":{"self":[{"href":"https:\/\/roveyayinevi.com.tr\/index.php\/wp-json\/wp\/v2\/product\/699290","targetHints":{"allow":["GET"]}}],"collection":[{"href":"https:\/\/roveyayinevi.com.tr\/index.php\/wp-json\/wp\/v2\/product"}],"about":[{"href":"https:\/\/roveyayinevi.com.tr\/index.php\/wp-json\/wp\/v2\/types\/product"}],"wp:attachment":[{"href":"https:\/\/roveyayinevi.com.tr\/index.php\/wp-json\/wp\/v2\/media?parent=699290"}],"wp:term":[{"taxonomy":"product_brand","embeddable":true,"href":"https:\/\/roveyayinevi.com.tr\/index.php\/wp-json\/wp\/v2\/product_brand?post=699290"},{"taxonomy":"product_cat","embeddable":true,"href":"https:\/\/roveyayinevi.com.tr\/index.php\/wp-json\/wp\/v2\/product_cat?post=699290"},{"taxonomy":"product_tag","embeddable":true,"href":"https:\/\/roveyayinevi.com.tr\/index.php\/wp-json\/wp\/v2\/product_tag?post=699290"}],"curies":[{"name":"wp","href":"https:\/\/api.w.org\/{rel}","templated":true}]}}