{"id":699285,"date":"2025-08-27T14:50:13","date_gmt":"2025-08-27T11:50:13","guid":{"rendered":"https:\/\/roveyayinevi.com.tr\/index.php\/urun\/evlilik-sozlesmesi\/"},"modified":"2026-04-16T02:08:44","modified_gmt":"2026-04-15T23:08:44","slug":"evlilik-sozlesmesi","status":"publish","type":"product","link":"https:\/\/roveyayinevi.com.tr\/index.php\/urun\/evlilik-sozlesmesi\/","title":{"rendered":"Evlilik S\u00f6zle\u015fmesi"},"content":{"rendered":"<p>Ger\u00e7ek A\u015fk\u0131 Bulmak \u0130\u00e7in Tek \u015eanslar\u0131 EvlenmektiHakk\u0131nda karanl\u0131k s\u00f6ylentiler olan Aidan toplum d\u0131\u015f\u0131na s\u00fcr\u00fclm\u00fc\u015f, yak\u0131\u015f\u0131kl\u0131 ve gururlu biridir. Yine de Anne Burnett bir evlilik s\u00f6zle\u015fmesi imzalayarak kendini bu gizemli Tiebauld Kontu\u2019na ba\u011flam\u0131\u015ft\u0131r. Aidan\u2019la daha \u00f6nce kar\u015f\u0131la\u015fmam\u0131\u015f olsa da att\u0131\u011f\u0131 imzaya sad\u0131k kal\u0131p ger\u00e7ek bir evlilik yapmaya kararl\u0131d\u0131r.Anne olayl\u0131 bir yolculuk sonunda ula\u015ft\u0131\u011f\u0131 Kelwin Kalesi\u2019ne ve kalenin yak\u0131\u015f\u0131kl\u0131 lorduna g\u00f6nl\u00fcn\u00fc kapt\u0131r\u0131r. Aidan g\u00fcnd\u00fczleri halk\u0131n\u0131n sadakatini ustaca kazanmakta, geceleriyse masumiyetini ona vermesi i\u00e7in Anne\u2019i ba\u015ftan \u00e7\u0131karmaktad\u0131r. Aidan bedenini gen\u00e7 k\u0131za vermeye haz\u0131rd\u0131r ama kalbini vermekte direnmektedir. Anne bu gizem perdesinin ard\u0131ndaki ger\u00e7e\u011fi \u00f6\u011frenip kocas\u0131n\u0131n kalbini kazanabilecek midir?\u201cSempatik karakterleri ve ustaca yaz\u0131lm\u0131\u015f \u00f6yk\u00fcs\u00fcyle Maxwell\u2019in bu yeni roman\u0131 hem eski hayranlar\u0131n\u0131 hem de yeni okurlar\u0131 memnun edecek.\u201d- Publishers Weekly \u201cMaxwell bir kez daha ilgin\u00e7 karakterleri, tarihsel ger\u00e7ekleri ve inan\u0131lmaz bir a\u015fk \u00f6yk\u00fcs\u00fcn\u00fc bir araya getirmeyi ba\u015farm\u0131\u015f.\u201d &#8211; Library Journal <\/p>\n","protected":false},"excerpt":{"rendered":"<p>Ger\u00e7ek A\u015fk\u0131 Bulmak \u0130\u00e7in Tek \u015eanslar\u0131 EvlenmektiHakk\u0131nda karanl\u0131k s\u00f6ylentiler olan Aidan toplum d\u0131\u015f\u0131na s\u00fcr\u00fclm\u00fc\u015f, yak\u0131\u015f\u0131kl\u0131 ve gururlu biridir. Yine de Anne Burnett bir evlilik s\u00f6zle\u015fmesi imzalayarak<span class=\"excerpt-hellip\"> [\u2026]<\/span><\/p>\n","protected":false},"featured_media":0,"template":"","meta":{"_monsterinsights_skip_tracking":false,"_monsterinsights_sitenote_active":false,"_monsterinsights_sitenote_note":"","_monsterinsights_sitenote_category":0},"product_brand":[],"product_cat":[12291,12711],"product_tag":[],"class_list":{"0":"post-699285","1":"product","2":"type-product","3":"status-publish","5":"product_cat-edebiyat","6":"product_cat-roman-oyku","7":"pa_cilt-ciltsiz","8":"pa_tur-kitap","9":"pa_yayinevi-pegasus-yayinlari","10":"pa_yazar-cathy-maxwell","12":"first","13":"instock","14":"sale","15":"shipping-taxable","16":"purchasable","17":"product-type-simple"},"_links":{"self":[{"href":"https:\/\/roveyayinevi.com.tr\/index.php\/wp-json\/wp\/v2\/product\/699285","targetHints":{"allow":["GET"]}}],"collection":[{"href":"https:\/\/roveyayinevi.com.tr\/index.php\/wp-json\/wp\/v2\/product"}],"about":[{"href":"https:\/\/roveyayinevi.com.tr\/index.php\/wp-json\/wp\/v2\/types\/product"}],"wp:attachment":[{"href":"https:\/\/roveyayinevi.com.tr\/index.php\/wp-json\/wp\/v2\/media?parent=699285"}],"wp:term":[{"taxonomy":"product_brand","embeddable":true,"href":"https:\/\/roveyayinevi.com.tr\/index.php\/wp-json\/wp\/v2\/product_brand?post=699285"},{"taxonomy":"product_cat","embeddable":true,"href":"https:\/\/roveyayinevi.com.tr\/index.php\/wp-json\/wp\/v2\/product_cat?post=699285"},{"taxonomy":"product_tag","embeddable":true,"href":"https:\/\/roveyayinevi.com.tr\/index.php\/wp-json\/wp\/v2\/product_tag?post=699285"}],"curies":[{"name":"wp","href":"https:\/\/api.w.org\/{rel}","templated":true}]}}