{"id":699284,"date":"2025-08-27T14:50:13","date_gmt":"2025-08-27T11:50:13","guid":{"rendered":"https:\/\/roveyayinevi.com.tr\/index.php\/urun\/buyuklere-mektuplar\/"},"modified":"2026-04-11T13:26:33","modified_gmt":"2026-04-11T10:26:33","slug":"buyuklere-mektuplar","status":"publish","type":"product","link":"https:\/\/roveyayinevi.com.tr\/index.php\/urun\/buyuklere-mektuplar\/","title":{"rendered":"B\u00fcy\u00fcklere Mektuplar"},"content":{"rendered":"<p>De\u011ferli b\u00fcy\u00fcklerim,Bana ay\u0131racak fazla vaktiniz olmad\u0131\u011f\u0131n\u0131 biliyorum. K\u0131sac\u0131k mektuplar\u0131m\u0131 okuyup benden haberdar olursunuz diye umuyorum.Sevgimle. <\/p>\n","protected":false},"excerpt":{"rendered":"<p>De\u011ferli b\u00fcy\u00fcklerim,Bana ay\u0131racak fazla vaktiniz olmad\u0131\u011f\u0131n\u0131 biliyorum. K\u0131sac\u0131k mektuplar\u0131m\u0131 okuyup benden haberdar olursunuz diye umuyorum.Sevgimle.<\/p>\n","protected":false},"featured_media":0,"template":"","meta":{"_monsterinsights_skip_tracking":false,"_monsterinsights_sitenote_active":false,"_monsterinsights_sitenote_note":"","_monsterinsights_sitenote_category":0},"product_brand":[],"product_cat":[12275,12274],"product_tag":[],"class_list":{"0":"post-699284","1":"product","2":"type-product","3":"status-publish","5":"product_cat-6-12-yas-kitaplari","6":"product_cat-cocuk-ve-genclik-kitaplari","7":"pa_cilt-ciltsiz","8":"pa_tur-kitap","9":"pa_yayinevi-can-cocuk-yayinlari","10":"pa_yazar-melek-ozlem-sezer","12":"first","13":"instock","14":"sale","15":"shipping-taxable","16":"purchasable","17":"product-type-simple"},"_links":{"self":[{"href":"https:\/\/roveyayinevi.com.tr\/index.php\/wp-json\/wp\/v2\/product\/699284","targetHints":{"allow":["GET"]}}],"collection":[{"href":"https:\/\/roveyayinevi.com.tr\/index.php\/wp-json\/wp\/v2\/product"}],"about":[{"href":"https:\/\/roveyayinevi.com.tr\/index.php\/wp-json\/wp\/v2\/types\/product"}],"wp:attachment":[{"href":"https:\/\/roveyayinevi.com.tr\/index.php\/wp-json\/wp\/v2\/media?parent=699284"}],"wp:term":[{"taxonomy":"product_brand","embeddable":true,"href":"https:\/\/roveyayinevi.com.tr\/index.php\/wp-json\/wp\/v2\/product_brand?post=699284"},{"taxonomy":"product_cat","embeddable":true,"href":"https:\/\/roveyayinevi.com.tr\/index.php\/wp-json\/wp\/v2\/product_cat?post=699284"},{"taxonomy":"product_tag","embeddable":true,"href":"https:\/\/roveyayinevi.com.tr\/index.php\/wp-json\/wp\/v2\/product_tag?post=699284"}],"curies":[{"name":"wp","href":"https:\/\/api.w.org\/{rel}","templated":true}]}}