{"id":699280,"date":"2025-08-27T14:50:12","date_gmt":"2025-08-27T11:50:12","guid":{"rendered":"https:\/\/roveyayinevi.com.tr\/index.php\/urun\/10-000-erkek-ve-sayim-devam-ediyor\/"},"modified":"2026-04-16T02:08:44","modified_gmt":"2026-04-15T23:08:44","slug":"10-000-erkek-ve-sayim-devam-ediyor","status":"publish","type":"product","link":"https:\/\/roveyayinevi.com.tr\/index.php\/urun\/10-000-erkek-ve-sayim-devam-ediyor\/","title":{"rendered":"10.000 Erkek ve Say\u0131m Devam Ediyor"},"content":{"rendered":"<p>On Bin Erkek ve Say\u0131m Devam Ediyor. Bu bir kurgu olsayd\u0131 yeterince \u015fa\u015f\u0131rt\u0131c\u0131 olurdu ama ister inan\u0131n ister inanmay\u0131n, bu ger\u00e7ek bir ya\u015fam \u00f6yk\u00fcs\u00fc ve bu ya\u015fam\u0131n s\u0131ra d\u0131\u015f\u0131l\u0131\u011f\u0131 her okuyan\u0131 derinden etkileyecek\u2026 <\/p>\n","protected":false},"excerpt":{"rendered":"<p>On Bin Erkek ve Say\u0131m Devam Ediyor. Bu bir kurgu olsayd\u0131 yeterince \u015fa\u015f\u0131rt\u0131c\u0131 olurdu ama ister inan\u0131n ister inanmay\u0131n, bu ger\u00e7ek bir ya\u015fam \u00f6yk\u00fcs\u00fc ve bu<span class=\"excerpt-hellip\"> [\u2026]<\/span><\/p>\n","protected":false},"featured_media":0,"template":"","meta":{"_monsterinsights_skip_tracking":false,"_monsterinsights_sitenote_active":false,"_monsterinsights_sitenote_note":"","_monsterinsights_sitenote_category":0},"product_brand":[],"product_cat":[12782,12291],"product_tag":[],"class_list":{"0":"post-699280","1":"product","2":"type-product","3":"status-publish","5":"product_cat-alman-edebiyati","6":"product_cat-edebiyat","7":"pa_tur-kitap","8":"pa_yayinevi-kassandra-yayinlari","9":"pa_yazar-gwyneth-montenegro","11":"first","12":"instock","13":"sale","14":"shipping-taxable","15":"purchasable","16":"product-type-simple"},"_links":{"self":[{"href":"https:\/\/roveyayinevi.com.tr\/index.php\/wp-json\/wp\/v2\/product\/699280","targetHints":{"allow":["GET"]}}],"collection":[{"href":"https:\/\/roveyayinevi.com.tr\/index.php\/wp-json\/wp\/v2\/product"}],"about":[{"href":"https:\/\/roveyayinevi.com.tr\/index.php\/wp-json\/wp\/v2\/types\/product"}],"wp:attachment":[{"href":"https:\/\/roveyayinevi.com.tr\/index.php\/wp-json\/wp\/v2\/media?parent=699280"}],"wp:term":[{"taxonomy":"product_brand","embeddable":true,"href":"https:\/\/roveyayinevi.com.tr\/index.php\/wp-json\/wp\/v2\/product_brand?post=699280"},{"taxonomy":"product_cat","embeddable":true,"href":"https:\/\/roveyayinevi.com.tr\/index.php\/wp-json\/wp\/v2\/product_cat?post=699280"},{"taxonomy":"product_tag","embeddable":true,"href":"https:\/\/roveyayinevi.com.tr\/index.php\/wp-json\/wp\/v2\/product_tag?post=699280"}],"curies":[{"name":"wp","href":"https:\/\/api.w.org\/{rel}","templated":true}]}}