{"id":699279,"date":"2025-08-27T14:50:11","date_gmt":"2025-08-27T11:50:11","guid":{"rendered":"https:\/\/roveyayinevi.com.tr\/index.php\/urun\/antigone-2\/"},"modified":"2026-04-16T02:08:44","modified_gmt":"2026-04-15T23:08:44","slug":"antigone-2","status":"publish","type":"product","link":"https:\/\/roveyayinevi.com.tr\/index.php\/urun\/antigone-2\/","title":{"rendered":"Antigone"},"content":{"rendered":"<p>&#8220;Sen mi yapt\u0131n?&#8221; dedi kral. Antigone ba\u015f\u0131n\u0131 kald\u0131rd\u0131 ve dosdo\u011fru kral\u0131n g\u00f6zlerinin i\u00e7ine bakt\u0131.&#8221;Hi\u00e7bir \u015feyi ink\u00e2r etmiyorum,&#8221; dedi&#8221;Yasadan ve yasay\u0131 \u00e7i\u011fnemenin cezas\u0131ndan haberin vard\u0131, de\u011fil mi?&#8221; dedi kral.&#8221;Herkesin haberi var,&#8221; dedi Antigone. &#8220;Ama yine de \u00e7i\u011fnedin yasay\u0131?&#8221; dedi kral. &#8220;Tanr\u0131 de\u011filsin sen,&#8221; dedi Antigone. \u00d6len a\u011fabeyinin cesedini defnedip ruhunu huzura kavu\u015fturmak isteyen ve bu u\u011furda amcas\u0131 Kral Kreon&#8217;un emirlerine kar\u015f\u0131 gelmeyi bile g\u00f6ze alm\u0131\u015f Prenses Antigone&#8217;nin destans\u0131 \u00f6yk\u00fcs\u00fcn\u00fc, \u00fcnl\u00fc yazar Ali Smith bize \u015fehrin surlar\u0131na t\u00fcnemi\u015f bir kargan\u0131n g\u00f6z\u00fcnden anlat\u0131yor. On kitapl\u0131k HEPS\u0130 SANA M\u0130RAS serisinin yedinci kitab\u0131nda, Sofokles ile \u00f6zde\u015fle\u015fmi\u015f \u00fcnl\u00fc tragedya Antigone&#8217;nin \u00f6yk\u00fcs\u00fcn\u00fc, \u00e7a\u011fda\u015f edebiyat\u0131n \u00f6nemli isimlerinden, kitaplar\u0131 T\u00fcrk\u00e7e dahil pek \u00e7ok dile \u00e7evrilmi\u015f Ali Smith anlat\u0131yor, Laura Paoletti ise resimliyor. Hepsi Sana Miras serisi hakk\u0131nda: Peki ya bug\u00fcn\u00fcn b\u00fcy\u00fck yazarlar\u0131, T\u00fcm zamanlar\u0131n en b\u00fcy\u00fck hikayelerini, Sana yeniden anlatsa. Unutulmakta olan klasikleri, bug\u00fcn\u00fcn b\u00fcy\u00fck yazarlar\u0131n\u0131n yard\u0131m\u0131yla \u00e7ocuklarla bulu\u015fturmak. \u0130\u015fte Hepsi Sana Miras serisinin amac\u0131 bu. \u00dcnl\u00fc \u0130talyan yazar Alessandro Baricco&#8217;nun d\u00fcnyan\u0131n d\u00f6rt yan\u0131ndaki yazar dostlar\u0131n\u0131 yard\u0131ma \u00e7a\u011f\u0131rmas\u0131 ile ortaya \u00e7\u0131km\u0131\u015f bir &#8220;kurtarma botu&#8221;. Umberto Eco&#8217;dan Jonathan Coe&#8217;ya, Dave Eggers&#8217;tan Ali Smith&#8217;e, g\u00fcn\u00fcm\u00fcz\u00fcn \u00f6nemli yazarlar\u0131 birer klasik se\u00e7ip, bunlar\u0131 sanki kendi \u00e7ocuklar\u0131na anlat\u0131rm\u0131\u015f gibi, etkileyici ama kolay anla\u015f\u0131l\u0131r bir dille yeniden hikayelendirdi. \u00dcstelik zaman zaman kendi hayal g\u00fc\u00e7leriyle zenginle\u015ftirmekten de ka\u00e7\u0131nmayarak. Ve yine g\u00fcn\u00fcm\u00fcz\u00fcn \u00f6nemli \u00e7izerleri bu metinleri resimlediler.  Hepsi Sana Miras (\u00f6zg\u00fcn isim: Save The Story) serisinde anlat\u0131m dilinden g\u00f6rsel tasar\u0131ma kadar her \u015fey klasikleri \u00e7ocuklara sevdirmek amac\u0131yla tasarland\u0131. Ama san\u0131r\u0131z yeti\u015fkinler de okurken b\u00fcy\u00fck keyif alacaklar. <\/p>\n","protected":false},"excerpt":{"rendered":"<p>&#8220;Sen mi yapt\u0131n?&#8221; dedi kral. Antigone ba\u015f\u0131n\u0131 kald\u0131rd\u0131 ve dosdo\u011fru kral\u0131n g\u00f6zlerinin i\u00e7ine bakt\u0131.&#8221;Hi\u00e7bir \u015feyi ink\u00e2r etmiyorum,&#8221; dedi&#8221;Yasadan ve yasay\u0131 \u00e7i\u011fnemenin cezas\u0131ndan haberin vard\u0131, de\u011fil mi?&#8221;<span class=\"excerpt-hellip\"> [\u2026]<\/span><\/p>\n","protected":false},"featured_media":0,"template":"","meta":{"_monsterinsights_skip_tracking":false,"_monsterinsights_sitenote_active":false,"_monsterinsights_sitenote_note":"","_monsterinsights_sitenote_category":0},"product_brand":[],"product_cat":[12275,12274],"product_tag":[],"class_list":{"0":"post-699279","1":"product","2":"type-product","3":"status-publish","5":"product_cat-6-12-yas-kitaplari","6":"product_cat-cocuk-ve-genclik-kitaplari","7":"pa_cilt-ciltsiz","8":"pa_tur-kitap","9":"pa_yayinevi-domingo-yayinevi","10":"pa_yazar-ali-smith","12":"first","13":"instock","14":"sale","15":"shipping-taxable","16":"purchasable","17":"product-type-simple"},"_links":{"self":[{"href":"https:\/\/roveyayinevi.com.tr\/index.php\/wp-json\/wp\/v2\/product\/699279","targetHints":{"allow":["GET"]}}],"collection":[{"href":"https:\/\/roveyayinevi.com.tr\/index.php\/wp-json\/wp\/v2\/product"}],"about":[{"href":"https:\/\/roveyayinevi.com.tr\/index.php\/wp-json\/wp\/v2\/types\/product"}],"wp:attachment":[{"href":"https:\/\/roveyayinevi.com.tr\/index.php\/wp-json\/wp\/v2\/media?parent=699279"}],"wp:term":[{"taxonomy":"product_brand","embeddable":true,"href":"https:\/\/roveyayinevi.com.tr\/index.php\/wp-json\/wp\/v2\/product_brand?post=699279"},{"taxonomy":"product_cat","embeddable":true,"href":"https:\/\/roveyayinevi.com.tr\/index.php\/wp-json\/wp\/v2\/product_cat?post=699279"},{"taxonomy":"product_tag","embeddable":true,"href":"https:\/\/roveyayinevi.com.tr\/index.php\/wp-json\/wp\/v2\/product_tag?post=699279"}],"curies":[{"name":"wp","href":"https:\/\/api.w.org\/{rel}","templated":true}]}}