{"id":699278,"date":"2025-08-27T14:50:11","date_gmt":"2025-08-27T11:50:11","guid":{"rendered":"https:\/\/roveyayinevi.com.tr\/index.php\/urun\/62-tavsani\/"},"modified":"2026-04-16T02:08:44","modified_gmt":"2026-04-15T23:08:44","slug":"62-tavsani","status":"publish","type":"product","link":"https:\/\/roveyayinevi.com.tr\/index.php\/urun\/62-tavsani\/","title":{"rendered":"62 Tav\u015fan\u0131"},"content":{"rendered":"<p>Denize d\u00fc\u015fen Bir oyuncakt\u0131r K\u0131z Kulesi Soruyorum berber koltu\u011fundan \u0130ki ayna aras\u0131nda Ak\u0131p giden g\u00f6r\u00fcnt\u00fcme \u015eair olan\u0131n\u0131z hangisi Pencere t\u00fcllerine Gelinlik diye sar\u0131lan O k\u00fc\u00e7\u00fck k\u0131z nerede \u015fimdi Gemim batt\u0131 \u00e7oktan Denize inen t\u00fcm filikalar\u0131ma Erkekler bindi Duvardaki yang\u0131n d\u00fc\u011fmesini \u00d6rten cam par\u00e7as\u0131y\u0131m Kurtulu\u015fun olacaksa Hi\u00e7 d\u00fc\u015f\u00fcnme Ayakkab\u0131n\u0131n topu\u011fuyla K\u0131r beni (&#8230;) \ufffc<\/p>\n","protected":false},"excerpt":{"rendered":"<p>Denize d\u00fc\u015fen Bir oyuncakt\u0131r K\u0131z Kulesi Soruyorum berber koltu\u011fundan \u0130ki ayna aras\u0131nda Ak\u0131p giden g\u00f6r\u00fcnt\u00fcme \u015eair olan\u0131n\u0131z hangisi Pencere t\u00fcllerine Gelinlik diye sar\u0131lan O k\u00fc\u00e7\u00fck k\u0131z<span class=\"excerpt-hellip\"> [\u2026]<\/span><\/p>\n","protected":false},"featured_media":0,"template":"","meta":{"_monsterinsights_skip_tracking":false,"_monsterinsights_sitenote_active":false,"_monsterinsights_sitenote_note":"","_monsterinsights_sitenote_category":0},"product_brand":[],"product_cat":[12274,12284],"product_tag":[],"class_list":{"0":"post-699278","1":"product","2":"type-product","3":"status-publish","5":"product_cat-cocuk-ve-genclik-kitaplari","6":"product_cat-hikayeler","7":"pa_cilt-ciltsiz","8":"pa_tur-kitap","9":"pa_yayinevi-is-bankasi-kultur-yayinlari","10":"pa_yazar-sunay-akin","12":"first","13":"instock","14":"sale","15":"shipping-taxable","16":"purchasable","17":"product-type-simple"},"_links":{"self":[{"href":"https:\/\/roveyayinevi.com.tr\/index.php\/wp-json\/wp\/v2\/product\/699278","targetHints":{"allow":["GET"]}}],"collection":[{"href":"https:\/\/roveyayinevi.com.tr\/index.php\/wp-json\/wp\/v2\/product"}],"about":[{"href":"https:\/\/roveyayinevi.com.tr\/index.php\/wp-json\/wp\/v2\/types\/product"}],"wp:attachment":[{"href":"https:\/\/roveyayinevi.com.tr\/index.php\/wp-json\/wp\/v2\/media?parent=699278"}],"wp:term":[{"taxonomy":"product_brand","embeddable":true,"href":"https:\/\/roveyayinevi.com.tr\/index.php\/wp-json\/wp\/v2\/product_brand?post=699278"},{"taxonomy":"product_cat","embeddable":true,"href":"https:\/\/roveyayinevi.com.tr\/index.php\/wp-json\/wp\/v2\/product_cat?post=699278"},{"taxonomy":"product_tag","embeddable":true,"href":"https:\/\/roveyayinevi.com.tr\/index.php\/wp-json\/wp\/v2\/product_tag?post=699278"}],"curies":[{"name":"wp","href":"https:\/\/api.w.org\/{rel}","templated":true}]}}