{"id":699272,"date":"2025-08-27T14:50:09","date_gmt":"2025-08-27T11:50:09","guid":{"rendered":"https:\/\/roveyayinevi.com.tr\/index.php\/urun\/kazaklar-4\/"},"modified":"2026-04-16T02:08:44","modified_gmt":"2026-04-15T23:08:44","slug":"kazaklar-4","status":"publish","type":"product","link":"https:\/\/roveyayinevi.com.tr\/index.php\/urun\/kazaklar-4\/","title":{"rendered":"Kazaklar"},"content":{"rendered":"<p>Kazaklar roman\u0131n\u0131n kahraman\u0131 Olenin, Moskova\u2019n\u0131n kibar \u00e7evreleri etraf\u0131nda d\u00f6n\u00fcp durmaktan s\u0131k\u0131lm\u0131\u015f, farkl\u0131 hayatlar\u0131n pe\u015fine d\u00fc\u015ferek yeni bir hayata ba\u015flamak istemi\u015ftir. Bu aray\u0131\u015f\u0131n sonunda Olenin orduya yaz\u0131l\u0131p Kafkaslar\u2019a gider ve buradaki bir k\u00f6yde Kazaklar\u2019\u0131n ya\u015fam\u0131na tan\u0131k olur. Olenin\u2019in bir Kazak k\u0131z\u0131na \u00e2\u015f\u0131k olmas\u0131 etraf\u0131nda geli\u015fen roman, ayn\u0131 d\u00f6nemde ya\u015fay\u0131p birbirinden alabildi\u011fine farkl\u0131l\u0131klar g\u00f6steren iki toplumu kar\u015f\u0131la\u015ft\u0131r\u0131r. Bunlardan biri \u201ckibarlar\u201d tabakas\u0131n\u0131 olu\u015fturan, \u00e7e\u015fitli ku\u0308ltu\u0308rlerin etkisi alt\u0131nda bulunan aristokrasi du\u0308nyas\u0131d\u0131r; di\u011feri de hi\u00e7bir ku\u0308ltu\u0308rle kar\u015f\u0131 kar\u015f\u0131ya gelmemi\u015f, do\u011frudan do\u011fruya halk\u0131n eseri olan geleneklerinden s\u0131yr\u0131lmam\u0131\u015f bir du\u0308nyad\u0131r. <\/p>\n","protected":false},"excerpt":{"rendered":"<p>Kazaklar roman\u0131n\u0131n kahraman\u0131 Olenin, Moskova\u2019n\u0131n kibar \u00e7evreleri etraf\u0131nda d\u00f6n\u00fcp durmaktan s\u0131k\u0131lm\u0131\u015f, farkl\u0131 hayatlar\u0131n pe\u015fine d\u00fc\u015ferek yeni bir hayata ba\u015flamak istemi\u015ftir. Bu aray\u0131\u015f\u0131n sonunda Olenin orduya yaz\u0131l\u0131p<span class=\"excerpt-hellip\"> [\u2026]<\/span><\/p>\n","protected":false},"featured_media":0,"template":"","meta":{"_monsterinsights_skip_tracking":false,"_monsterinsights_sitenote_active":false,"_monsterinsights_sitenote_note":"","_monsterinsights_sitenote_category":0},"product_brand":[],"product_cat":[12291,13570],"product_tag":[],"class_list":{"0":"post-699272","1":"product","2":"type-product","3":"status-publish","5":"product_cat-edebiyat","6":"product_cat-rus-edebiyati","7":"pa_tur-kitap","8":"pa_yayinevi-antik-kitap","9":"pa_yazar-lev-nikolayevic-tolstoy","11":"first","12":"instock","13":"sale","14":"shipping-taxable","15":"purchasable","16":"product-type-simple"},"_links":{"self":[{"href":"https:\/\/roveyayinevi.com.tr\/index.php\/wp-json\/wp\/v2\/product\/699272","targetHints":{"allow":["GET"]}}],"collection":[{"href":"https:\/\/roveyayinevi.com.tr\/index.php\/wp-json\/wp\/v2\/product"}],"about":[{"href":"https:\/\/roveyayinevi.com.tr\/index.php\/wp-json\/wp\/v2\/types\/product"}],"wp:attachment":[{"href":"https:\/\/roveyayinevi.com.tr\/index.php\/wp-json\/wp\/v2\/media?parent=699272"}],"wp:term":[{"taxonomy":"product_brand","embeddable":true,"href":"https:\/\/roveyayinevi.com.tr\/index.php\/wp-json\/wp\/v2\/product_brand?post=699272"},{"taxonomy":"product_cat","embeddable":true,"href":"https:\/\/roveyayinevi.com.tr\/index.php\/wp-json\/wp\/v2\/product_cat?post=699272"},{"taxonomy":"product_tag","embeddable":true,"href":"https:\/\/roveyayinevi.com.tr\/index.php\/wp-json\/wp\/v2\/product_tag?post=699272"}],"curies":[{"name":"wp","href":"https:\/\/api.w.org\/{rel}","templated":true}]}}