{"id":699271,"date":"2025-08-27T14:50:09","date_gmt":"2025-08-27T11:50:09","guid":{"rendered":"https:\/\/roveyayinevi.com.tr\/index.php\/urun\/uluslararasi-orgutler-hukuku-birlesmis-milletler-sistemi\/"},"modified":"2026-04-16T02:08:44","modified_gmt":"2026-04-15T23:08:44","slug":"uluslararasi-orgutler-hukuku-birlesmis-milletler-sistemi","status":"publish","type":"product","link":"https:\/\/roveyayinevi.com.tr\/index.php\/urun\/uluslararasi-orgutler-hukuku-birlesmis-milletler-sistemi\/","title":{"rendered":"Uluslararas\u0131 \u00d6rg\u00fctler Hukuku Birle\u015fmi\u015f Milletler Sistemi"},"content":{"rendered":"<p>\u00c7e\u015fitli itirazlara, ele\u015ftirilere ve hatta yok sayma anlam\u0131na gelen uygulamalara ra\u011fmen BM&#8217;nin g\u00fcn\u00fcm\u00fcz uluslararas\u0131 ili\u015fkiler hukuk sisteminin temel yap\u0131s\u0131 olmaya devam etti\u011fi s\u00f6ylenebilir. Ku\u015fkusuz bunda neredeyse t\u00fcm devletlerin \u00fcyesi olmas\u0131 ve e\u011fitimden sa\u011fl\u0131\u011fa, iklimden turizme varana kadar hemen hemen her konuda \u00e7al\u0131\u015fmalar yapan bile\u015fenlere sahip olmas\u0131 \u00f6nemli bir etken. \u00dcstelik kli\u015fe ifadeyle \u015fu me\u015fhur k\u00fcreselle\u015fme d\u00f6nemi klasik egemenlik anlay\u0131\u015f\u0131n\u0131 d\u00f6n\u00fc\u015ft\u00fcrd\u00fc\u011f\u00fc gibi uluslararas\u0131 hukuku da adeta bir i\u00e7 hukuk haline getiriyor ve bu s\u00fcrecin belki de en \u00f6nemli ara\u00e7lar\u0131ndan biri de Uzmanl\u0131k \u00d6rg\u00fctleri&#8217;yle birlikte bir b\u00fct\u00fcn olu\u015fturan BM sistemi . <\/p>\n","protected":false},"excerpt":{"rendered":"<p>\u00c7e\u015fitli itirazlara, ele\u015ftirilere ve hatta yok sayma anlam\u0131na gelen uygulamalara ra\u011fmen BM&#8217;nin g\u00fcn\u00fcm\u00fcz uluslararas\u0131 ili\u015fkiler hukuk sisteminin temel yap\u0131s\u0131 olmaya devam etti\u011fi s\u00f6ylenebilir. Ku\u015fkusuz bunda neredeyse<span class=\"excerpt-hellip\"> [\u2026]<\/span><\/p>\n","protected":false},"featured_media":0,"template":"","meta":{"_monsterinsights_skip_tracking":false,"_monsterinsights_sitenote_active":false,"_monsterinsights_sitenote_note":"","_monsterinsights_sitenote_category":0},"product_brand":[],"product_cat":[12337,17225],"product_tag":[],"class_list":{"0":"post-699271","1":"product","2":"type-product","3":"status-publish","5":"product_cat-politika-siyaset","6":"product_cat-uluslararasi-iliskiler","7":"pa_cilt-ciltsiz","8":"pa_tur-kitap","9":"pa_yayinevi-siyasal-kitabevi-akademik-kitaplar","10":"pa_yazar-erdem-denk","12":"first","13":"instock","14":"sale","15":"shipping-taxable","16":"purchasable","17":"product-type-simple"},"_links":{"self":[{"href":"https:\/\/roveyayinevi.com.tr\/index.php\/wp-json\/wp\/v2\/product\/699271","targetHints":{"allow":["GET"]}}],"collection":[{"href":"https:\/\/roveyayinevi.com.tr\/index.php\/wp-json\/wp\/v2\/product"}],"about":[{"href":"https:\/\/roveyayinevi.com.tr\/index.php\/wp-json\/wp\/v2\/types\/product"}],"wp:attachment":[{"href":"https:\/\/roveyayinevi.com.tr\/index.php\/wp-json\/wp\/v2\/media?parent=699271"}],"wp:term":[{"taxonomy":"product_brand","embeddable":true,"href":"https:\/\/roveyayinevi.com.tr\/index.php\/wp-json\/wp\/v2\/product_brand?post=699271"},{"taxonomy":"product_cat","embeddable":true,"href":"https:\/\/roveyayinevi.com.tr\/index.php\/wp-json\/wp\/v2\/product_cat?post=699271"},{"taxonomy":"product_tag","embeddable":true,"href":"https:\/\/roveyayinevi.com.tr\/index.php\/wp-json\/wp\/v2\/product_tag?post=699271"}],"curies":[{"name":"wp","href":"https:\/\/api.w.org\/{rel}","templated":true}]}}