{"id":699270,"date":"2025-08-27T14:50:09","date_gmt":"2025-08-27T11:50:09","guid":{"rendered":"https:\/\/roveyayinevi.com.tr\/index.php\/urun\/fotograf-resimdir\/"},"modified":"2026-01-29T02:16:02","modified_gmt":"2026-01-28T23:16:02","slug":"fotograf-resimdir","status":"publish","type":"product","link":"https:\/\/roveyayinevi.com.tr\/index.php\/urun\/fotograf-resimdir\/","title":{"rendered":"Foto\u011fraf Resimdir"},"content":{"rendered":"<p>Foto\u011fraf ger\u00e7ekten apayr\u0131 bir disiplin midir, yoksa bir resim t\u00fcr\u00fc m\u00fcd\u00fcr? \u0130nsan\u0131, makineyle imge \u00fcretmeye iten nedenler neler olabilir? \u2018Belgesel imge\u2019 ile \u2018sanatsal imge\u2019 aras\u0131nda a\u015f\u0131lmaz bir duvar var m\u0131d\u0131r? Bir tuval ya da k\u00e2\u011f\u0131t \u00fczerindeki bir g\u00f6r\u00fcnt\u00fc, hem belgesel hem sanatsal olamaz m\u0131? Ger\u00e7ekli\u011fin en k\u00fc\u00e7\u00fck izi olarak, bir \u2018nokta\u2019 ile \u2018nokta resmi\u2019 aras\u0131ndaki fark nedir? Fiziksel, kimyasal ya da dijital m\u00fcdahale, foto\u011fraf kavram\u0131na zarar verir mi? Mehmet Y\u0131lmaz bu ve benzeri sorunlar\u0131 masaya yat\u0131r\u0131yor; \u2018foto\u011fraf\u2019 ve \u2018resim\u2019 aras\u0131ndaki ili\u015fkinin kavramsal k\u00f6kenine iniyor; bu ili\u015fkinin do\u011fas\u0131n\u0131, eski ve g\u00fcncel imgeler \u00fczerinden tart\u0131\u015f\u0131yor. Y\u0131lmaz\u2019\u0131n hareket noktas\u0131, \u2018de\u011fer\u2019 de\u011fil, \u2018nelik\u2019tir. Ona g\u00f6re, \u201cresim mi, yoksa foto\u011fraf m\u0131?\u201d sorusu, \u201chayvan m\u0131, yoksa k\u00f6pek mi?\u201d sorusu kadar sa\u00e7mad\u0131r. Bir sanat\u00e7\u0131 ve yazar olarak, sanat tarihinden se\u00e7ti\u011fi \u00f6rneklerin yan\u0131 s\u0131ra, bizzat kendi yapt\u0131\u011f\u0131 \u0130kizler dizisi e\u015fli\u011finde, iddias\u0131n\u0131 \u00f6zetle \u015f\u00f6yle somutla\u015ft\u0131r\u0131yor Y\u0131lmaz: \u201cFoto\u011fraf bir resim t\u00fcr\u00fcd\u00fcr. Baz\u0131 resimler f\u0131r\u00e7ayla, baz\u0131lar\u0131 da makineyle yap\u0131l\u0131r \u2013 t\u0131pk\u0131 baz\u0131 kazaklar\u0131n t\u0131\u011fla, baz\u0131lar\u0131n\u0131n da makineyle \u00f6r\u00fcld\u00fc\u011f\u00fc gibi. Nihayetinde, f\u0131r\u00e7a da, t\u0131\u011f da, makine de birer ara\u00e7t\u0131r. \u0130mgelerin hangilerinin daha de\u011ferli oldu\u011fu, nas\u0131l bir ruh ta\u015f\u0131d\u0131\u011f\u0131, neyi yans\u0131tt\u0131\u011f\u0131, nesnel olup olmad\u0131\u011f\u0131, nas\u0131l ve ne kadar zamanda meydana getirildi\u011fi t\u00fcmel de\u011fil, tikel meselelerdir.\u201ds\u00fcrd\u00fcrmektedir. <\/p>\n","protected":false},"excerpt":{"rendered":"<p>Foto\u011fraf ger\u00e7ekten apayr\u0131 bir disiplin midir, yoksa bir resim t\u00fcr\u00fc m\u00fcd\u00fcr? \u0130nsan\u0131, makineyle imge \u00fcretmeye iten nedenler neler olabilir? \u2018Belgesel imge\u2019 ile \u2018sanatsal imge\u2019 aras\u0131nda a\u015f\u0131lmaz<span class=\"excerpt-hellip\"> [\u2026]<\/span><\/p>\n","protected":false},"featured_media":0,"template":"","meta":{"_monsterinsights_skip_tracking":false,"_monsterinsights_sitenote_active":false,"_monsterinsights_sitenote_note":"","_monsterinsights_sitenote_category":0},"product_brand":[],"product_cat":[12409,12408],"product_tag":[],"class_list":{"0":"post-699270","1":"product","2":"type-product","3":"status-publish","5":"product_cat-fotograf-sinema-tiyatro","6":"product_cat-sanat","7":"pa_cilt-ciltsiz","8":"pa_tur-kitap","9":"pa_yayinevi-utopya-yayinevi","10":"pa_yazar-mehmet-yilmaz","12":"first","13":"instock","14":"sale","15":"shipping-taxable","16":"purchasable","17":"product-type-simple"},"_links":{"self":[{"href":"https:\/\/roveyayinevi.com.tr\/index.php\/wp-json\/wp\/v2\/product\/699270","targetHints":{"allow":["GET"]}}],"collection":[{"href":"https:\/\/roveyayinevi.com.tr\/index.php\/wp-json\/wp\/v2\/product"}],"about":[{"href":"https:\/\/roveyayinevi.com.tr\/index.php\/wp-json\/wp\/v2\/types\/product"}],"wp:attachment":[{"href":"https:\/\/roveyayinevi.com.tr\/index.php\/wp-json\/wp\/v2\/media?parent=699270"}],"wp:term":[{"taxonomy":"product_brand","embeddable":true,"href":"https:\/\/roveyayinevi.com.tr\/index.php\/wp-json\/wp\/v2\/product_brand?post=699270"},{"taxonomy":"product_cat","embeddable":true,"href":"https:\/\/roveyayinevi.com.tr\/index.php\/wp-json\/wp\/v2\/product_cat?post=699270"},{"taxonomy":"product_tag","embeddable":true,"href":"https:\/\/roveyayinevi.com.tr\/index.php\/wp-json\/wp\/v2\/product_tag?post=699270"}],"curies":[{"name":"wp","href":"https:\/\/api.w.org\/{rel}","templated":true}]}}