{"id":699268,"date":"2025-08-27T14:50:08","date_gmt":"2025-08-27T11:50:08","guid":{"rendered":"https:\/\/roveyayinevi.com.tr\/index.php\/urun\/a-cappella\/"},"modified":"2026-04-16T02:08:44","modified_gmt":"2026-04-15T23:08:44","slug":"a-cappella","status":"publish","type":"product","link":"https:\/\/roveyayinevi.com.tr\/index.php\/urun\/a-cappella\/","title":{"rendered":"A Cappella"},"content":{"rendered":"<p>\u201cSonuncu tekil \u015fah\u0131s \u015fiirler yaz\u0131yorumsabahlar\u0131, t\u00fcy kadar hafif kelimeler,duyulur duyulmaz sesler, bir g\u00f6z\u00fcm kan\u00e7ana\u011f\u0131. G\u00fcn\u00fcn gerisi aheste ad\u0131mlarlage\u00e7iyor, ak\u015fam yakla\u015f\u0131rken kabar\u0131yoryeniden i\u00e7im, ak\u015fam kan \u00e7ana\u011f\u0131.Benim as\u0131l yurdum oysa gece: Sa\u011flamdireklerin \u00fcst\u00fcne \u00e7at\u0131lm\u0131\u015f karanl\u0131\u011f\u0131ndibinden s\u00f6k\u00fcn ediyor a\u011fr\u0131l\u0131 sahneler.Herkes uyudu\u011funda \u00e7\u0131k\u0131yorum d\u0131\u015far\u0131ya,d\u0131\u015far\u0131 i\u00e7eri dinlemiyor gece, \u00f6b\u00fcrg\u00f6z\u00fcm kan \u00e7ana\u011f\u0131.\u201d <\/p>\n","protected":false},"excerpt":{"rendered":"<p>\u201cSonuncu tekil \u015fah\u0131s \u015fiirler yaz\u0131yorumsabahlar\u0131, t\u00fcy kadar hafif kelimeler,duyulur duyulmaz sesler, bir g\u00f6z\u00fcm kan\u00e7ana\u011f\u0131. G\u00fcn\u00fcn gerisi aheste ad\u0131mlarlage\u00e7iyor, ak\u015fam yakla\u015f\u0131rken kabar\u0131yoryeniden i\u00e7im, ak\u015fam kan \u00e7ana\u011f\u0131.Benim as\u0131l<span class=\"excerpt-hellip\"> [\u2026]<\/span><\/p>\n","protected":false},"featured_media":0,"template":"","meta":{"_monsterinsights_skip_tracking":false,"_monsterinsights_sitenote_active":false,"_monsterinsights_sitenote_note":"","_monsterinsights_sitenote_category":0},"product_brand":[],"product_cat":[12291,12292],"product_tag":[],"class_list":{"0":"post-699268","1":"product","2":"type-product","3":"status-publish","5":"product_cat-edebiyat","6":"product_cat-turk-edebiyati","7":"pa_tur-kitap","8":"pa_yayinevi-kirmizi-kedi-yayinevi","9":"pa_yazar-enis-batur","11":"first","12":"instock","13":"sale","14":"shipping-taxable","15":"purchasable","16":"product-type-simple"},"_links":{"self":[{"href":"https:\/\/roveyayinevi.com.tr\/index.php\/wp-json\/wp\/v2\/product\/699268","targetHints":{"allow":["GET"]}}],"collection":[{"href":"https:\/\/roveyayinevi.com.tr\/index.php\/wp-json\/wp\/v2\/product"}],"about":[{"href":"https:\/\/roveyayinevi.com.tr\/index.php\/wp-json\/wp\/v2\/types\/product"}],"wp:attachment":[{"href":"https:\/\/roveyayinevi.com.tr\/index.php\/wp-json\/wp\/v2\/media?parent=699268"}],"wp:term":[{"taxonomy":"product_brand","embeddable":true,"href":"https:\/\/roveyayinevi.com.tr\/index.php\/wp-json\/wp\/v2\/product_brand?post=699268"},{"taxonomy":"product_cat","embeddable":true,"href":"https:\/\/roveyayinevi.com.tr\/index.php\/wp-json\/wp\/v2\/product_cat?post=699268"},{"taxonomy":"product_tag","embeddable":true,"href":"https:\/\/roveyayinevi.com.tr\/index.php\/wp-json\/wp\/v2\/product_tag?post=699268"}],"curies":[{"name":"wp","href":"https:\/\/api.w.org\/{rel}","templated":true}]}}