{"id":699263,"date":"2025-08-27T14:50:07","date_gmt":"2025-08-27T11:50:07","guid":{"rendered":"https:\/\/roveyayinevi.com.tr\/index.php\/urun\/biz-osmanliyiz\/"},"modified":"2025-11-22T03:05:00","modified_gmt":"2025-11-22T00:05:00","slug":"biz-osmanliyiz","status":"publish","type":"product","link":"https:\/\/roveyayinevi.com.tr\/index.php\/urun\/biz-osmanliyiz\/","title":{"rendered":"Biz Osmanl\u0131y\u0131z"},"content":{"rendered":"<p>Osmanl\u0131 toplumu, bir sevgi, \u015fefkat ve yard\u0131m toplumu ydu. Devlet, hayat ve hayrat devleti , insan hayrat ve hasenat insan\u0131 yd\u0131. Osmanl\u0131\u2019da hayat ahirete d\u00f6n\u00fckt\u00fc. Ahirete d\u00f6n\u00fck oldu\u011fu i\u00e7in de hayatta fuzuli \u015felere yer yoktu. Osmanl\u0131 \u0130nsan\u0131 k\u0131ble y\u00fcrekli ydi. Faziletliydi, d\u00fcr\u00fcstt\u00fc \u00e7evreciydi, medeniydi, nazikti; cihana \u00f6rnekti. Hede ve gayret sahibiydi. Zaferler ve ba\u015far\u0131lar hayat\u0131n bir par\u00e7as\u0131yd\u0131. Osmanl\u0131\u2019da, insan haklar\u0131 g\u00f6zetilirdi. Herkes ibadetinde, k\u0131yafetinde, seyahatinde, ticaretinde \u00f6zg\u00fcrd\u00fc. Osmanl\u0131\u2019da g\u00fc\u00e7l\u00fc olan hakl\u0131 de\u011fil, hakl\u0131 olan g\u00fc\u00e7l\u00fc yd\u00fc. Adalet duygusu, hayat\u0131n her alan\u0131n\u0131 kaplam\u0131\u015ft\u0131. Devlet milletle b\u00fct\u00fcnle\u015fmi\u015fti. Farkl\u0131 k\u00fclt\u00fcrler, as\u0131rlarca bar\u0131\u015f i\u00e7inde bir arada ya\u015fam\u0131\u015ft\u0131. Osmanl\u0131, yeti\u015ftirdi\u011fi cevher insan larla d\u00fcnyaya nam salm\u0131\u015ft\u0131. Tarih ger\u00e7ek bir ibret aynas\u0131 ve tam bir tecr\u00fcbe tahtas\u0131 d\u0131r. Ve bo\u015funa ya\u015fanm\u0131\u015f bir tecr\u00fcbeler y\u0131\u011f\u0131n\u0131 de\u011fildir. Bug\u00fcn, ge\u00e7mi\u015fimizden ders alman\u0131n ve yeniden Osmanl\u0131 demenin tam zaman\u0131. \ufffcTan\u0131t\u0131m Metni<\/p>\n","protected":false},"excerpt":{"rendered":"<p>Osmanl\u0131 toplumu, bir sevgi, \u015fefkat ve yard\u0131m toplumu ydu. Devlet, hayat ve hayrat devleti , insan hayrat ve hasenat insan\u0131 yd\u0131. Osmanl\u0131\u2019da hayat ahirete d\u00f6n\u00fckt\u00fc. Ahirete<span class=\"excerpt-hellip\"> [\u2026]<\/span><\/p>\n","protected":false},"featured_media":0,"template":"","meta":{"_monsterinsights_skip_tracking":false,"_monsterinsights_sitenote_active":false,"_monsterinsights_sitenote_note":"","_monsterinsights_sitenote_category":0},"product_brand":[],"product_cat":[13517,12304],"product_tag":[],"class_list":{"0":"post-699263","1":"product","2":"type-product","3":"status-publish","5":"product_cat-osmanli-tarihi","6":"product_cat-tarih","7":"pa_cilt-ciltsiz","8":"pa_tur-kitap","9":"pa_yayinevi-nesil-yayinlari","10":"pa_yazar-yavuz-bahadiroglu","12":"first","13":"instock","14":"sale","15":"shipping-taxable","16":"purchasable","17":"product-type-simple"},"_links":{"self":[{"href":"https:\/\/roveyayinevi.com.tr\/index.php\/wp-json\/wp\/v2\/product\/699263","targetHints":{"allow":["GET"]}}],"collection":[{"href":"https:\/\/roveyayinevi.com.tr\/index.php\/wp-json\/wp\/v2\/product"}],"about":[{"href":"https:\/\/roveyayinevi.com.tr\/index.php\/wp-json\/wp\/v2\/types\/product"}],"wp:attachment":[{"href":"https:\/\/roveyayinevi.com.tr\/index.php\/wp-json\/wp\/v2\/media?parent=699263"}],"wp:term":[{"taxonomy":"product_brand","embeddable":true,"href":"https:\/\/roveyayinevi.com.tr\/index.php\/wp-json\/wp\/v2\/product_brand?post=699263"},{"taxonomy":"product_cat","embeddable":true,"href":"https:\/\/roveyayinevi.com.tr\/index.php\/wp-json\/wp\/v2\/product_cat?post=699263"},{"taxonomy":"product_tag","embeddable":true,"href":"https:\/\/roveyayinevi.com.tr\/index.php\/wp-json\/wp\/v2\/product_tag?post=699263"}],"curies":[{"name":"wp","href":"https:\/\/api.w.org\/{rel}","templated":true}]}}