{"id":699262,"date":"2025-08-27T14:50:07","date_gmt":"2025-08-27T11:50:07","guid":{"rendered":"https:\/\/roveyayinevi.com.tr\/index.php\/urun\/hangi-sol\/"},"modified":"2026-04-16T02:08:44","modified_gmt":"2026-04-15T23:08:44","slug":"hangi-sol","status":"publish","type":"product","link":"https:\/\/roveyayinevi.com.tr\/index.php\/urun\/hangi-sol\/","title":{"rendered":"Hangi Sol"},"content":{"rendered":"<p>Siyasal konularda yazmaya ba\u015flay\u0131nca, o zamana kadar, benden yaln\u0131z \u015fiir ya da roman okumaya al\u0131\u015fm\u0131\u015f yeni ku\u015fa\u011f\u0131n \u00e7i\u00e7e\u011fi burnunda solcular\u0131 epeyce \u015fa\u015f\u0131rm\u0131\u015flar, dediklerimi basbaya\u011f\u0131 hafife alm\u0131\u015flard\u0131, T\u00fcrkiye \u00f6l\u00e7\u00fcs\u00fcnde oldu\u011fu kadar d\u00fcnya \u00f6l\u00e7\u00fcs\u00fcnde de, s\u00f6zlerimin baz\u0131 \u00f6nemli ger\u00e7ekleri ta\u015f\u0131yabilece\u011fi kimsenin akl\u0131na gelmiyor, herkes \u00e7oktan eline ge\u00e7irdi\u011fini sand\u0131\u011f\u0131 sosyolizm anahtar\u0131yla, \u00e7ok yak\u0131nda, -belki birka\u00e7 ay sonra- devrim kap\u0131s\u0131n\u0131 a\u00e7aca\u011f\u0131n\u0131 umuyordu. (&#8230;) Hi\u00e7birisinin dikkate almad\u0131\u011f\u0131 nokta, en \u00f6nemli noktayd\u0131 oysa: (&#8230;) Hem \u00fclkenin h\u0131zla geli\u015fmi\u015flik yolunda oldu\u011funu, hem de geli\u015fmi\u015f \u00fclkelerde uzun s\u00fcre borusunu \u00f6tt\u00fcrm\u00fc\u015f diktac\u0131 sosyalizmin yeni ve \u00f6zg\u00fcrl\u00fck\u00e7\u00fc bir a\u00e7\u0131dan ele\u015ftirildi\u011fini hi\u00e7 hesaba katm\u0131yorlard\u0131. &#8211; Attila \u0130lhan<\/p>\n","protected":false},"excerpt":{"rendered":"<p>Siyasal konularda yazmaya ba\u015flay\u0131nca, o zamana kadar, benden yaln\u0131z \u015fiir ya da roman okumaya al\u0131\u015fm\u0131\u015f yeni ku\u015fa\u011f\u0131n \u00e7i\u00e7e\u011fi burnunda solcular\u0131 epeyce \u015fa\u015f\u0131rm\u0131\u015flar, dediklerimi basbaya\u011f\u0131 hafife alm\u0131\u015flard\u0131,<span class=\"excerpt-hellip\"> [\u2026]<\/span><\/p>\n","protected":false},"featured_media":0,"template":"","meta":{"_monsterinsights_skip_tracking":false,"_monsterinsights_sitenote_active":false,"_monsterinsights_sitenote_note":"","_monsterinsights_sitenote_category":0},"product_brand":[],"product_cat":[16098,12337],"product_tag":[],"class_list":{"0":"post-699262","1":"product","2":"type-product","3":"status-publish","5":"product_cat-politik-akimlar-hareketler","6":"product_cat-politika-siyaset","7":"pa_cilt-ciltsiz","8":"pa_tur-kitap","9":"pa_yayinevi-is-bankasi-kultur-yayinlari","10":"pa_yazar-attila-ilhan","12":"first","13":"instock","14":"sale","15":"shipping-taxable","16":"purchasable","17":"product-type-simple"},"_links":{"self":[{"href":"https:\/\/roveyayinevi.com.tr\/index.php\/wp-json\/wp\/v2\/product\/699262","targetHints":{"allow":["GET"]}}],"collection":[{"href":"https:\/\/roveyayinevi.com.tr\/index.php\/wp-json\/wp\/v2\/product"}],"about":[{"href":"https:\/\/roveyayinevi.com.tr\/index.php\/wp-json\/wp\/v2\/types\/product"}],"wp:attachment":[{"href":"https:\/\/roveyayinevi.com.tr\/index.php\/wp-json\/wp\/v2\/media?parent=699262"}],"wp:term":[{"taxonomy":"product_brand","embeddable":true,"href":"https:\/\/roveyayinevi.com.tr\/index.php\/wp-json\/wp\/v2\/product_brand?post=699262"},{"taxonomy":"product_cat","embeddable":true,"href":"https:\/\/roveyayinevi.com.tr\/index.php\/wp-json\/wp\/v2\/product_cat?post=699262"},{"taxonomy":"product_tag","embeddable":true,"href":"https:\/\/roveyayinevi.com.tr\/index.php\/wp-json\/wp\/v2\/product_tag?post=699262"}],"curies":[{"name":"wp","href":"https:\/\/api.w.org\/{rel}","templated":true}]}}