{"id":699261,"date":"2025-08-27T14:50:06","date_gmt":"2025-08-27T11:50:06","guid":{"rendered":"https:\/\/roveyayinevi.com.tr\/index.php\/urun\/sarikamis-dus-tu\/"},"modified":"2026-04-16T02:08:44","modified_gmt":"2026-04-15T23:08:44","slug":"sarikamis-dus-tu","status":"publish","type":"product","link":"https:\/\/roveyayinevi.com.tr\/index.php\/urun\/sarikamis-dus-tu\/","title":{"rendered":"Sar\u0131kam\u0131\u015f D\u00fc\u015f-t\u00fc"},"content":{"rendered":"<p>Gen\u00e7 okurlar i\u00e7in haz\u0131rlanm\u0131\u015f bu kitap tarihin \u00e7ok \u00e7arp\u0131c\u0131 bir d\u00f6nemini anlatmaktad\u0131r. S\u00fcr\u00fckleyici anlat\u0131m\u0131 ve canl\u0131 betimlemeleriyle okuru o d\u00f6neme ta\u015f\u0131yan, kapsaml\u0131 ara\u015ft\u0131rmalar\u0131 ve titiz kaynak kullan\u0131m\u0131yla Sar\u0131kam\u0131\u015f Harek\u00e2t\u0131 hakk\u0131nda referans kabul edilebilecek bir eserdir. <\/p>\n","protected":false},"excerpt":{"rendered":"<p>Gen\u00e7 okurlar i\u00e7in haz\u0131rlanm\u0131\u015f bu kitap tarihin \u00e7ok \u00e7arp\u0131c\u0131 bir d\u00f6nemini anlatmaktad\u0131r. S\u00fcr\u00fckleyici anlat\u0131m\u0131 ve canl\u0131 betimlemeleriyle okuru o d\u00f6neme ta\u015f\u0131yan, kapsaml\u0131 ara\u015ft\u0131rmalar\u0131 ve titiz kaynak<span class=\"excerpt-hellip\"> [\u2026]<\/span><\/p>\n","protected":false},"featured_media":0,"template":"","meta":{"_monsterinsights_skip_tracking":false,"_monsterinsights_sitenote_active":false,"_monsterinsights_sitenote_note":"","_monsterinsights_sitenote_category":0},"product_brand":[],"product_cat":[13590,12337],"product_tag":[],"class_list":{"0":"post-699261","1":"product","2":"type-product","3":"status-publish","5":"product_cat-arastirma-inceleme-politika-siyaset","6":"product_cat-politika-siyaset","7":"pa_cilt-ciltsiz","8":"pa_tur-kitap","9":"pa_yayinevi-is-bankasi-kultur-yayinlari","10":"pa_yazar-yavuz-golbasi","12":"first","13":"instock","14":"sale","15":"shipping-taxable","16":"purchasable","17":"product-type-simple"},"_links":{"self":[{"href":"https:\/\/roveyayinevi.com.tr\/index.php\/wp-json\/wp\/v2\/product\/699261","targetHints":{"allow":["GET"]}}],"collection":[{"href":"https:\/\/roveyayinevi.com.tr\/index.php\/wp-json\/wp\/v2\/product"}],"about":[{"href":"https:\/\/roveyayinevi.com.tr\/index.php\/wp-json\/wp\/v2\/types\/product"}],"wp:attachment":[{"href":"https:\/\/roveyayinevi.com.tr\/index.php\/wp-json\/wp\/v2\/media?parent=699261"}],"wp:term":[{"taxonomy":"product_brand","embeddable":true,"href":"https:\/\/roveyayinevi.com.tr\/index.php\/wp-json\/wp\/v2\/product_brand?post=699261"},{"taxonomy":"product_cat","embeddable":true,"href":"https:\/\/roveyayinevi.com.tr\/index.php\/wp-json\/wp\/v2\/product_cat?post=699261"},{"taxonomy":"product_tag","embeddable":true,"href":"https:\/\/roveyayinevi.com.tr\/index.php\/wp-json\/wp\/v2\/product_tag?post=699261"}],"curies":[{"name":"wp","href":"https:\/\/api.w.org\/{rel}","templated":true}]}}