{"id":699258,"date":"2025-08-27T14:50:06","date_gmt":"2025-08-27T11:50:06","guid":{"rendered":"https:\/\/roveyayinevi.com.tr\/index.php\/urun\/ciftlik-oykuleri-tarcinin-tren-yolculugu\/"},"modified":"2026-04-16T02:08:43","modified_gmt":"2026-04-15T23:08:43","slug":"ciftlik-oykuleri-tarcinin-tren-yolculugu","status":"publish","type":"product","link":"https:\/\/roveyayinevi.com.tr\/index.php\/urun\/ciftlik-oykuleri-tarcinin-tren-yolculugu\/","title":{"rendered":"\u00c7iftlik \u00d6yk\u00fcleri &#8211; Tar\u00e7\u0131n&#8217;\u0131n Tren Yolculu\u011fu"},"content":{"rendered":"<p>O sabah \u0130pek Han\u0131m, \u0130nci ile Ege\u2019yi buharl\u0131 treni g\u00f6rmeye g\u00f6rd\u00fc. Tren istasyona yakla\u015fana kadar her \u015fey yolundayd\u0131. Kom\u015fulardan baz\u0131lar\u0131 da treni g\u00f6rmek i\u00e7in istasyona gelmi\u015fti. Aysun Han\u0131m\u2019\u0131n minik k\u00f6pe\u011fi ortadan kaybolunca, tren gezisi heyecanl\u0131 bir maceraya d\u00f6n\u00fc\u015ft\u00fc.E\u011flenceli resimlerle s\u00fcslenmi\u015f harika bir maceran\u0131n anlat\u0131ld\u0131\u011f\u0131 bu kitap, okumay\u0131 yeni \u00f6\u011frenen ya da \u00f6\u011frenmeye ba\u015flayan \u00e7ocuklar i\u00e7in haz\u0131rlanm\u0131\u015ft\u0131r. Ayr\u0131ca g\u00fczel \u00f6yk\u00fcleri seven minikler de bu kitaba bay\u0131lacak. <\/p>\n","protected":false},"excerpt":{"rendered":"<p>O sabah \u0130pek Han\u0131m, \u0130nci ile Ege\u2019yi buharl\u0131 treni g\u00f6rmeye g\u00f6rd\u00fc. Tren istasyona yakla\u015fana kadar her \u015fey yolundayd\u0131. Kom\u015fulardan baz\u0131lar\u0131 da treni g\u00f6rmek i\u00e7in istasyona gelmi\u015fti.<span class=\"excerpt-hellip\"> [\u2026]<\/span><\/p>\n","protected":false},"featured_media":0,"template":"","meta":{"_monsterinsights_skip_tracking":false,"_monsterinsights_sitenote_active":false,"_monsterinsights_sitenote_note":"","_monsterinsights_sitenote_category":0},"product_brand":[],"product_cat":[12274,12284],"product_tag":[],"class_list":{"0":"post-699258","1":"product","2":"type-product","3":"status-publish","5":"product_cat-cocuk-ve-genclik-kitaplari","6":"product_cat-hikayeler","7":"pa_cilt-ciltsiz","8":"pa_tur-kitap","9":"pa_yayinevi-is-bankasi-kultur-yayinlari","10":"pa_yazar-heather-amery","12":"first","13":"instock","14":"sale","15":"shipping-taxable","16":"purchasable","17":"product-type-simple"},"_links":{"self":[{"href":"https:\/\/roveyayinevi.com.tr\/index.php\/wp-json\/wp\/v2\/product\/699258","targetHints":{"allow":["GET"]}}],"collection":[{"href":"https:\/\/roveyayinevi.com.tr\/index.php\/wp-json\/wp\/v2\/product"}],"about":[{"href":"https:\/\/roveyayinevi.com.tr\/index.php\/wp-json\/wp\/v2\/types\/product"}],"wp:attachment":[{"href":"https:\/\/roveyayinevi.com.tr\/index.php\/wp-json\/wp\/v2\/media?parent=699258"}],"wp:term":[{"taxonomy":"product_brand","embeddable":true,"href":"https:\/\/roveyayinevi.com.tr\/index.php\/wp-json\/wp\/v2\/product_brand?post=699258"},{"taxonomy":"product_cat","embeddable":true,"href":"https:\/\/roveyayinevi.com.tr\/index.php\/wp-json\/wp\/v2\/product_cat?post=699258"},{"taxonomy":"product_tag","embeddable":true,"href":"https:\/\/roveyayinevi.com.tr\/index.php\/wp-json\/wp\/v2\/product_tag?post=699258"}],"curies":[{"name":"wp","href":"https:\/\/api.w.org\/{rel}","templated":true}]}}