{"id":699254,"date":"2025-08-27T14:50:04","date_gmt":"2025-08-27T11:50:04","guid":{"rendered":"https:\/\/roveyayinevi.com.tr\/index.php\/urun\/500-yillik-bilimsel-aldatmacalar\/"},"modified":"2026-04-16T02:08:43","modified_gmt":"2026-04-15T23:08:43","slug":"500-yillik-bilimsel-aldatmacalar","status":"publish","type":"product","link":"https:\/\/roveyayinevi.com.tr\/index.php\/urun\/500-yillik-bilimsel-aldatmacalar\/","title":{"rendered":"500 Y\u0131ll\u0131k Bilimsel Aldatmacalar"},"content":{"rendered":"<p>500 Y\u0131ll\u0131k Bilimsel Aldatmacalar\u201cBeyler, D\u00fcnya D\u00fczd\u00fcr.\u201d Paratoner, Kafirlerin K\u0131l\u0131c\u0131. Demir Yolu, Yolcular\u0131 Bo\u011facakt\u0131r.\u201d Bekaret Kemeri, \u00c7\u0131lg\u0131nl\u0131\u011f\u0131 \u00d6nler Bay Pasteur Kuduzu Yay\u0131yor!\u201d Koklay\u0131c\u0131 U\u00e7aklar Petrol Yataklar\u0131n\u0131 Buluyor. \u00c7ernobil\u2019in Duman\u0131 Bizim S\u0131n\u0131rlar\u0131m\u0131zda Durmu\u015ftur.Y\u0131ld\u0131r\u0131m g\u00f6ky\u00fcz\u00fcn\u00fcn \u00f6fkesinin ifadesidir\u2026 Demiryolu yolcular\u0131 bo\u011facakt\u0131r\u2026 Ay, 200 kilometrelik bir buz tabakas\u0131yla kapl\u0131d\u0131r\u2026 Mast\u00fcrbasyon \u00e7\u0131ld\u0131rt\u0131r ve verem yapar\u2026 \u0130neklerin osuru\u011fundan \u00e7\u0131kan metan gaz\u0131 sera etkisini art\u0131r\u0131r\u2026 GDO\u2019lu m\u0131s\u0131rlar\u0131n sa\u011fl\u0131k a\u00e7\u0131s\u0131ndan hi\u00e7bir tehlikesi yoktur\u2026 N\u00f6trinolar \u0131\u015f\u0131ktan daha h\u0131zl\u0131 par\u00e7ac\u0131klard\u0131r\u2026 B\u00fct\u00fcn bu \u201cger\u00e7ek\u201dlerin bilim \u00e7evreleri taraf\u0131ndan ciddiye al\u0131nd\u0131\u011f\u0131na inanmak g\u00fc\u00e7t\u00fcr. Oysa frenolojiden so\u011fuk f\u00fczyona, koklay\u0131c\u0131 u\u00e7aklardan suyun belle\u011fine kadar aldatmacalar ve sa\u00e7mal\u0131klar \u00e7o\u011fu kez sayg\u0131n otoritelerden onay g\u00f6rm\u00fc\u015ft\u00fcr.Galileo, Buffon, Newton, Franklin, Darwin, Pasteur ya da Einstein\u2019a gelince, bunlar\u0131n hepsi bilim kar\u015f\u0131tlar\u0131n\u0131 ya da de\u011fi\u015fmez ger\u00e7ekler olarak kabul edilen \u00f6\u011fretileri yeninceye dek sahtek\u00e2r yerine konmu\u015flard\u0131r. Bu kitap kendi kendini aldatmaktan cehaletin getirdi\u011fi hatalara, do\u011frulanm\u0131\u015f d\u00fczenbazl\u0131ktan yanl\u0131\u015f y\u00f6nlendirmeye kadar bilim tarihinin doksan \u201cola\u011fan\u00fcst\u00fc \u00f6yk\u00fcs\u00fcn\u00fc\u201d bir araya getiriyor. Bu \u00f6yk\u00fcler, ger\u00e7e\u011fin en b\u00fcy\u00fck d\u00fc\u015fman\u0131n\u0131n yalanlar de\u011fil inan\u0131\u015flar oldu\u011funu d\u00fc\u015f\u00fcnen Nietzsche\u2019nin haks\u0131z olmad\u0131\u011f\u0131n\u0131 kan\u0131tl\u0131yor.<\/p>\n","protected":false},"excerpt":{"rendered":"<p>500 Y\u0131ll\u0131k Bilimsel Aldatmacalar\u201cBeyler, D\u00fcnya D\u00fczd\u00fcr.\u201d Paratoner, Kafirlerin K\u0131l\u0131c\u0131. Demir Yolu, Yolcular\u0131 Bo\u011facakt\u0131r.\u201d Bekaret Kemeri, \u00c7\u0131lg\u0131nl\u0131\u011f\u0131 \u00d6nler Bay Pasteur Kuduzu Yay\u0131yor!\u201d Koklay\u0131c\u0131 U\u00e7aklar Petrol Yataklar\u0131n\u0131 Buluyor.<span class=\"excerpt-hellip\"> [\u2026]<\/span><\/p>\n","protected":false},"featured_media":0,"template":"","meta":{"_monsterinsights_skip_tracking":false,"_monsterinsights_sitenote_active":false,"_monsterinsights_sitenote_note":"","_monsterinsights_sitenote_category":0},"product_brand":[],"product_cat":[13005,15998],"product_tag":[],"class_list":{"0":"post-699254","1":"product","2":"type-product","3":"status-publish","5":"product_cat-bilim-muhendislik","6":"product_cat-bilim-tarihi","7":"pa_cilt-ciltsiz","8":"pa_tur-kitap","9":"pa_yayinevi-pegasus-yayinlari","10":"pa_yazar-gerald-messadie","12":"first","13":"instock","14":"sale","15":"shipping-taxable","16":"purchasable","17":"product-type-simple"},"_links":{"self":[{"href":"https:\/\/roveyayinevi.com.tr\/index.php\/wp-json\/wp\/v2\/product\/699254","targetHints":{"allow":["GET"]}}],"collection":[{"href":"https:\/\/roveyayinevi.com.tr\/index.php\/wp-json\/wp\/v2\/product"}],"about":[{"href":"https:\/\/roveyayinevi.com.tr\/index.php\/wp-json\/wp\/v2\/types\/product"}],"wp:attachment":[{"href":"https:\/\/roveyayinevi.com.tr\/index.php\/wp-json\/wp\/v2\/media?parent=699254"}],"wp:term":[{"taxonomy":"product_brand","embeddable":true,"href":"https:\/\/roveyayinevi.com.tr\/index.php\/wp-json\/wp\/v2\/product_brand?post=699254"},{"taxonomy":"product_cat","embeddable":true,"href":"https:\/\/roveyayinevi.com.tr\/index.php\/wp-json\/wp\/v2\/product_cat?post=699254"},{"taxonomy":"product_tag","embeddable":true,"href":"https:\/\/roveyayinevi.com.tr\/index.php\/wp-json\/wp\/v2\/product_tag?post=699254"}],"curies":[{"name":"wp","href":"https:\/\/api.w.org\/{rel}","templated":true}]}}