{"id":699251,"date":"2025-08-27T14:50:03","date_gmt":"2025-08-27T11:50:03","guid":{"rendered":"https:\/\/roveyayinevi.com.tr\/index.php\/urun\/ilk-bilim-kutuphanem-dunyamiz\/"},"modified":"2026-04-16T02:08:43","modified_gmt":"2026-04-15T23:08:43","slug":"ilk-bilim-kutuphanem-dunyamiz","status":"publish","type":"product","link":"https:\/\/roveyayinevi.com.tr\/index.php\/urun\/ilk-bilim-kutuphanem-dunyamiz\/","title":{"rendered":"\u0130lk Bilim K\u00fct\u00fcphanem D\u00fcnyam\u0131z"},"content":{"rendered":"<p>D\u00fcnyam\u0131z \u00e7ok de\u011fi\u015fik insan topluluklar\u0131n\u0131n ya\u015fad\u0131\u011f\u0131 bir yerdir. \ufffc<\/p>\n","protected":false},"excerpt":{"rendered":"<p>D\u00fcnyam\u0131z \u00e7ok de\u011fi\u015fik insan topluluklar\u0131n\u0131n ya\u015fad\u0131\u011f\u0131 bir yerdir. \ufffc<\/p>\n","protected":false},"featured_media":0,"template":"","meta":{"_monsterinsights_skip_tracking":false,"_monsterinsights_sitenote_active":false,"_monsterinsights_sitenote_note":"","_monsterinsights_sitenote_category":0},"product_brand":[],"product_cat":[13829,12274],"product_tag":[],"class_list":{"0":"post-699251","1":"product","2":"type-product","3":"status-publish","5":"product_cat-bilimsel-kitaplar","6":"product_cat-cocuk-ve-genclik-kitaplari","7":"pa_cilt-ciltsiz","8":"pa_tur-kitap","9":"pa_yayinevi-is-bankasi-kultur-yayinlari","10":"pa_yazar-julia-bruce","12":"first","13":"instock","14":"sale","15":"shipping-taxable","16":"purchasable","17":"product-type-simple"},"_links":{"self":[{"href":"https:\/\/roveyayinevi.com.tr\/index.php\/wp-json\/wp\/v2\/product\/699251","targetHints":{"allow":["GET"]}}],"collection":[{"href":"https:\/\/roveyayinevi.com.tr\/index.php\/wp-json\/wp\/v2\/product"}],"about":[{"href":"https:\/\/roveyayinevi.com.tr\/index.php\/wp-json\/wp\/v2\/types\/product"}],"wp:attachment":[{"href":"https:\/\/roveyayinevi.com.tr\/index.php\/wp-json\/wp\/v2\/media?parent=699251"}],"wp:term":[{"taxonomy":"product_brand","embeddable":true,"href":"https:\/\/roveyayinevi.com.tr\/index.php\/wp-json\/wp\/v2\/product_brand?post=699251"},{"taxonomy":"product_cat","embeddable":true,"href":"https:\/\/roveyayinevi.com.tr\/index.php\/wp-json\/wp\/v2\/product_cat?post=699251"},{"taxonomy":"product_tag","embeddable":true,"href":"https:\/\/roveyayinevi.com.tr\/index.php\/wp-json\/wp\/v2\/product_tag?post=699251"}],"curies":[{"name":"wp","href":"https:\/\/api.w.org\/{rel}","templated":true}]}}