{"id":699250,"date":"2025-08-27T14:50:03","date_gmt":"2025-08-27T11:50:03","guid":{"rendered":"https:\/\/roveyayinevi.com.tr\/index.php\/urun\/17-yuzyil-felsefesi\/"},"modified":"2026-04-16T02:08:43","modified_gmt":"2026-04-15T23:08:43","slug":"17-yuzyil-felsefesi","status":"publish","type":"product","link":"https:\/\/roveyayinevi.com.tr\/index.php\/urun\/17-yuzyil-felsefesi\/","title":{"rendered":"17. Y\u00fczy\u0131l Felsefesi"},"content":{"rendered":"<p>On Yedinci Y\u00fczy\u0131l Felsefesi, bu kurucu \u00e7a\u011f\u0131n d\u00fc\u015f\u00fcncesinin izini Bacon\u2019dan ba\u015flay\u0131p, Hobbes, Descartes, Pascal, Spinoza, Leibniz ve Locke u\u011fraklar\u0131yla Berkeley\u2019e kadar uzanacak \u015fekilde s\u00fcrmeyi ama\u00e7layan bir \u00e7al\u0131\u015fma olarak kaleme al\u0131nm\u0131\u015ft\u0131r. Modern d\u00fc\u015f\u00fcncenin en \u00f6nemli dura\u011f\u0131n\u0131 meydana getiren bu \u00e7a\u011f\u0131n felsefesi, \u00e7ift y\u00f6nl\u00fc olarak veya kar\u015f\u0131tl\u0131klar\u0131yla birlikte m\u00fctalaa edilmek anlam\u0131nda diyalektik bir \u015fekilde incelenmektedir. Modern d\u00fc\u015f\u00fcncenin kurucu babalar\u0131n\u0131n fikirleri, modernli\u011fi Rousseau\u2019dan ve Romantiklerden \u00e7ok daha \u00f6nce sorgulamaya ba\u015flayan filozoflar\u0131n d\u00fc\u015f\u00fcnceleriyle bir araya getirilmi\u015ftir. \ufffcTan\u0131t\u0131m Metni<\/p>\n","protected":false},"excerpt":{"rendered":"<p>On Yedinci Y\u00fczy\u0131l Felsefesi, bu kurucu \u00e7a\u011f\u0131n d\u00fc\u015f\u00fcncesinin izini Bacon\u2019dan ba\u015flay\u0131p, Hobbes, Descartes, Pascal, Spinoza, Leibniz ve Locke u\u011fraklar\u0131yla Berkeley\u2019e kadar uzanacak \u015fekilde s\u00fcrmeyi ama\u00e7layan bir<span class=\"excerpt-hellip\"> [\u2026]<\/span><\/p>\n","protected":false},"featured_media":0,"template":"","meta":{"_monsterinsights_skip_tracking":false,"_monsterinsights_sitenote_active":false,"_monsterinsights_sitenote_note":"","_monsterinsights_sitenote_category":0},"product_brand":[],"product_cat":[12389,12388],"product_tag":[],"class_list":{"0":"post-699250","1":"product","2":"type-product","3":"status-publish","5":"product_cat-diger-felsefe","6":"product_cat-felsefe","7":"pa_cilt-ciltsiz","8":"pa_tur-kitap","9":"pa_yayinevi-say-yayinlari","10":"pa_yazar-ahmet-cevizci","12":"first","13":"instock","14":"sale","15":"shipping-taxable","16":"purchasable","17":"product-type-simple"},"_links":{"self":[{"href":"https:\/\/roveyayinevi.com.tr\/index.php\/wp-json\/wp\/v2\/product\/699250","targetHints":{"allow":["GET"]}}],"collection":[{"href":"https:\/\/roveyayinevi.com.tr\/index.php\/wp-json\/wp\/v2\/product"}],"about":[{"href":"https:\/\/roveyayinevi.com.tr\/index.php\/wp-json\/wp\/v2\/types\/product"}],"wp:attachment":[{"href":"https:\/\/roveyayinevi.com.tr\/index.php\/wp-json\/wp\/v2\/media?parent=699250"}],"wp:term":[{"taxonomy":"product_brand","embeddable":true,"href":"https:\/\/roveyayinevi.com.tr\/index.php\/wp-json\/wp\/v2\/product_brand?post=699250"},{"taxonomy":"product_cat","embeddable":true,"href":"https:\/\/roveyayinevi.com.tr\/index.php\/wp-json\/wp\/v2\/product_cat?post=699250"},{"taxonomy":"product_tag","embeddable":true,"href":"https:\/\/roveyayinevi.com.tr\/index.php\/wp-json\/wp\/v2\/product_tag?post=699250"}],"curies":[{"name":"wp","href":"https:\/\/api.w.org\/{rel}","templated":true}]}}