{"id":699248,"date":"2025-08-27T14:50:02","date_gmt":"2025-08-27T11:50:02","guid":{"rendered":"https:\/\/roveyayinevi.com.tr\/index.php\/urun\/kalpazanlar\/"},"modified":"2026-04-16T02:08:43","modified_gmt":"2026-04-15T23:08:43","slug":"kalpazanlar","status":"publish","type":"product","link":"https:\/\/roveyayinevi.com.tr\/index.php\/urun\/kalpazanlar\/","title":{"rendered":"Kalpazanlar"},"content":{"rendered":"<p>Andre Gide&#8217;in Kalpazanlar&#8217;\u0131n yirminci y\u00fczy\u0131l Frans\u0131z roman\u0131ndaki konumu ancak, Marcel Proust&#8217;un Yitik Zaman\u0131n Ard\u0131nda&#8217;s\u0131n\u0131n konumuyla kar\u015f\u0131la\u015ft\u0131rabilir. T\u0131pk\u0131 Proust&#8217;un b\u00fcy\u00fck yap\u0131t\u0131 gibi, Gide&#8217;nin yazd\u0131\u011f\u0131 bunca anlat\u0131 aras\u0131nda roman ad\u0131n\u0131 verdi\u011fi tek yap\u0131t olan Kalpazanlar da ayn\u0131 zamanda hem roman, hem roman \u00fcst\u00fcne d\u00fc\u015f\u00fcnce, hem \u00f6yk\u00fcler anlatan bir yap\u0131t, hemde yap\u0131t\u0131n \u00f6yk\u00fcs\u00fc olmak ister. Bunu yaprken ger\u00e7ekle\u015ftirmeye \u00e7al\u0131\u015ft\u0131\u011f\u0131 bir ba\u015fka ama\u00e7 da, roman sanat\u0131n\u0131 ba\u015ftan sona yenilemektir. Bu son amaca, tam olarak ula\u015f\u0131ld\u0131\u011f\u0131n\u0131 s\u00f6ylemek zordur. Ama aray\u0131\u015f \u00f6yle usta bir anlat\u0131m, \u00f6yle canl\u0131 ve \u00e7ekici y\u00fczler, \u00f6yle ilgin\u00e7 oluntular arac\u0131l\u0131\u011f\u0131yla s\u00fcrd\u00fcr\u00fcl\u00fcr ki, bir yandan b\u00fcy\u00fck bir yaz\u0131n ser\u00fcveni kar\u015f\u0131s\u0131nda bulundu\u011fumuzu duyar, bir yandan ki\u015filerin ser\u00fcvenlerini kendi ser\u00fcvenlerimiz gibi ya\u015far\u0131z.<\/p>\n","protected":false},"excerpt":{"rendered":"<p>Andre Gide&#8217;in Kalpazanlar&#8217;\u0131n yirminci y\u00fczy\u0131l Frans\u0131z roman\u0131ndaki konumu ancak, Marcel Proust&#8217;un Yitik Zaman\u0131n Ard\u0131nda&#8217;s\u0131n\u0131n konumuyla kar\u015f\u0131la\u015ft\u0131rabilir. T\u0131pk\u0131 Proust&#8217;un b\u00fcy\u00fck yap\u0131t\u0131 gibi, Gide&#8217;nin yazd\u0131\u011f\u0131 bunca anlat\u0131 aras\u0131nda<span class=\"excerpt-hellip\"> [\u2026]<\/span><\/p>\n","protected":false},"featured_media":0,"template":"","meta":{"_monsterinsights_skip_tracking":false,"_monsterinsights_sitenote_active":false,"_monsterinsights_sitenote_note":"","_monsterinsights_sitenote_category":0},"product_brand":[],"product_cat":[12291,13376],"product_tag":[],"class_list":{"0":"post-699248","1":"product","2":"type-product","3":"status-publish","5":"product_cat-edebiyat","6":"product_cat-fransiz-edebiyati","7":"pa_cilt-ciltsiz","8":"pa_tur-kitap","9":"pa_yayinevi-can-yayinlari","10":"pa_yazar-andre-gide","12":"first","13":"instock","14":"sale","15":"shipping-taxable","16":"purchasable","17":"product-type-simple"},"_links":{"self":[{"href":"https:\/\/roveyayinevi.com.tr\/index.php\/wp-json\/wp\/v2\/product\/699248","targetHints":{"allow":["GET"]}}],"collection":[{"href":"https:\/\/roveyayinevi.com.tr\/index.php\/wp-json\/wp\/v2\/product"}],"about":[{"href":"https:\/\/roveyayinevi.com.tr\/index.php\/wp-json\/wp\/v2\/types\/product"}],"wp:attachment":[{"href":"https:\/\/roveyayinevi.com.tr\/index.php\/wp-json\/wp\/v2\/media?parent=699248"}],"wp:term":[{"taxonomy":"product_brand","embeddable":true,"href":"https:\/\/roveyayinevi.com.tr\/index.php\/wp-json\/wp\/v2\/product_brand?post=699248"},{"taxonomy":"product_cat","embeddable":true,"href":"https:\/\/roveyayinevi.com.tr\/index.php\/wp-json\/wp\/v2\/product_cat?post=699248"},{"taxonomy":"product_tag","embeddable":true,"href":"https:\/\/roveyayinevi.com.tr\/index.php\/wp-json\/wp\/v2\/product_tag?post=699248"}],"curies":[{"name":"wp","href":"https:\/\/api.w.org\/{rel}","templated":true}]}}