{"id":699239,"date":"2025-08-27T14:49:59","date_gmt":"2025-08-27T11:49:59","guid":{"rendered":"https:\/\/roveyayinevi.com.tr\/index.php\/urun\/descartes-latince-ogreniyor-felsefecilere-ozel-latince\/"},"modified":"2025-09-01T09:18:26","modified_gmt":"2025-09-01T06:18:26","slug":"descartes-latince-ogreniyor-felsefecilere-ozel-latince","status":"publish","type":"product","link":"https:\/\/roveyayinevi.com.tr\/index.php\/urun\/descartes-latince-ogreniyor-felsefecilere-ozel-latince\/","title":{"rendered":"Descartes Latince \u00d6\u011freniyor &#8211; Felsefecilere \u00d6zel Latince"},"content":{"rendered":"<p>Bu Latince gramer kitab\u0131n\u0131n as\u0131l amac\u0131, felsefe \u00f6\u011frencilerinin ve bu u\u011fra\u015fa g\u00f6n\u00fcl verenlerin gereksinimleri do\u011frultusunda Klasik Latince gramerinin esaslar\u0131n\u0131 \u00f6\u011fretmek ve Latince felsefi metinleri \u00e7\u00f6z\u00fcmleyecek bilgi donan\u0131m\u0131na sahip olunmas\u0131na yard\u0131mc\u0131 olmakt\u0131r. Dolay\u0131s\u0131yla bu kitapta Latince grameri belirli bir dil bilgisi olan ki\u015filerin anlayaca\u011f\u0131 \u015fekilde basitle\u015ftirilerek \u00f6zetlenmi\u015f; \u00f6zellikle felsefi terminolojide ge\u00e7en kelimeler \u00fczerinde durularak basit c\u00fcmlelerden karma\u015f\u0131k c\u00fcmle kal\u0131plar\u0131na ve metinlere de\u011fin gramerin can al\u0131c\u0131 noktalar\u0131 \u00f6rneklerle g\u00f6sterilmeye \u00e7al\u0131\u015f\u0131lm\u0131\u015ft\u0131r. Descartes\u2019\u0131n kurgusal k\u0131lavuzlu\u011funda ilerleyen ve Cicero, Lucretius, Seneca, Descartes, Spinoza gibi \u00fcnl\u00fc d\u00fc\u015f\u00fcn\u00fcr ve filozoflara ait metinlerden se\u00e7kilerle desteklenen bu eser, felsefeyi derinden kavramak ve gerek antik\u00e7a\u011f gerekse orta\u00e7a\u011f ve modern d\u00f6nem filozoflar\u0131na ait metinleri \u00f6zg\u00fcn dilinden okumak isteyen zihinlere bir davet niteli\u011findedir.<\/p>\n","protected":false},"excerpt":{"rendered":"<p>Bu Latince gramer kitab\u0131n\u0131n as\u0131l amac\u0131, felsefe \u00f6\u011frencilerinin ve bu u\u011fra\u015fa g\u00f6n\u00fcl verenlerin gereksinimleri do\u011frultusunda Klasik Latince gramerinin esaslar\u0131n\u0131 \u00f6\u011fretmek ve Latince felsefi metinleri \u00e7\u00f6z\u00fcmleyecek bilgi<span class=\"excerpt-hellip\"> [\u2026]<\/span><\/p>\n","protected":false},"featured_media":0,"template":"","meta":{"_monsterinsights_skip_tracking":false,"_monsterinsights_sitenote_active":false,"_monsterinsights_sitenote_note":"","_monsterinsights_sitenote_category":0},"product_brand":[],"product_cat":[12389,12388],"product_tag":[],"class_list":{"0":"post-699239","1":"product","2":"type-product","3":"status-publish","5":"product_cat-diger-felsefe","6":"product_cat-felsefe","7":"pa_cilt-ciltsiz","8":"pa_tur-kitap","9":"pa_yayinevi-alfa-yayinlari","10":"pa_yazar-cigdem-durusken","12":"first","13":"instock","14":"sale","15":"shipping-taxable","16":"purchasable","17":"product-type-simple"},"_links":{"self":[{"href":"https:\/\/roveyayinevi.com.tr\/index.php\/wp-json\/wp\/v2\/product\/699239","targetHints":{"allow":["GET"]}}],"collection":[{"href":"https:\/\/roveyayinevi.com.tr\/index.php\/wp-json\/wp\/v2\/product"}],"about":[{"href":"https:\/\/roveyayinevi.com.tr\/index.php\/wp-json\/wp\/v2\/types\/product"}],"wp:attachment":[{"href":"https:\/\/roveyayinevi.com.tr\/index.php\/wp-json\/wp\/v2\/media?parent=699239"}],"wp:term":[{"taxonomy":"product_brand","embeddable":true,"href":"https:\/\/roveyayinevi.com.tr\/index.php\/wp-json\/wp\/v2\/product_brand?post=699239"},{"taxonomy":"product_cat","embeddable":true,"href":"https:\/\/roveyayinevi.com.tr\/index.php\/wp-json\/wp\/v2\/product_cat?post=699239"},{"taxonomy":"product_tag","embeddable":true,"href":"https:\/\/roveyayinevi.com.tr\/index.php\/wp-json\/wp\/v2\/product_tag?post=699239"}],"curies":[{"name":"wp","href":"https:\/\/api.w.org\/{rel}","templated":true}]}}