{"id":699234,"date":"2025-08-27T14:49:51","date_gmt":"2025-08-27T11:49:51","guid":{"rendered":"https:\/\/roveyayinevi.com.tr\/index.php\/urun\/itsy-bitsy-arapca-turkce-ve-turkce-arapca-mini-sozluk\/"},"modified":"2026-04-16T02:08:43","modified_gmt":"2026-04-15T23:08:43","slug":"itsy-bitsy-arapca-turkce-ve-turkce-arapca-mini-sozluk","status":"publish","type":"product","link":"https:\/\/roveyayinevi.com.tr\/index.php\/urun\/itsy-bitsy-arapca-turkce-ve-turkce-arapca-mini-sozluk\/","title":{"rendered":"\u0130tsy &#8211; Bitsy Arap\u00e7a &#8211; T\u00fcrk\u00e7e ve T\u00fcrk\u00e7e &#8211; Arap\u00e7a Mini S\u00f6zl\u00fck"},"content":{"rendered":"<p>Avu\u00e7 i\u00e7ine s\u0131\u011fabilecek b\u00fcy\u00fckl\u00fckte ama yakla\u015f\u0131k on bin kelimeden olu\u015fuyor. Cildi diki\u015fle sa\u011flamla\u015ft\u0131r\u0131lm\u0131\u015f, son derece pratik ve kullan\u0131\u015fl\u0131 bir s\u00f6zl\u00fck. \ufffcTan\u0131t\u0131m Metni<\/p>\n","protected":false},"excerpt":{"rendered":"<p>Avu\u00e7 i\u00e7ine s\u0131\u011fabilecek b\u00fcy\u00fckl\u00fckte ama yakla\u015f\u0131k on bin kelimeden olu\u015fuyor. Cildi diki\u015fle sa\u011flamla\u015ft\u0131r\u0131lm\u0131\u015f, son derece pratik ve kullan\u0131\u015fl\u0131 bir s\u00f6zl\u00fck. \ufffcTan\u0131t\u0131m Metni<\/p>\n","protected":false},"featured_media":0,"template":"","meta":{"_monsterinsights_skip_tracking":false,"_monsterinsights_sitenote_active":false,"_monsterinsights_sitenote_note":"","_monsterinsights_sitenote_category":0},"product_brand":[],"product_cat":[24144,12566,13611],"product_tag":[],"class_list":{"0":"post-699234","1":"product","2":"type-product","3":"status-publish","5":"product_cat-arapca-sozlukler","6":"product_cat-egitim","7":"product_cat-sozlukler-ve-konusma-kilavuzlari","8":"pa_cilt-ciltsiz","9":"pa_tur-kitap","10":"pa_yayinevi-delta-kultur-yayinevi","11":"pa_yazar-murat-ozcan","13":"first","14":"instock","15":"sale","16":"shipping-taxable","17":"purchasable","18":"product-type-simple"},"_links":{"self":[{"href":"https:\/\/roveyayinevi.com.tr\/index.php\/wp-json\/wp\/v2\/product\/699234","targetHints":{"allow":["GET"]}}],"collection":[{"href":"https:\/\/roveyayinevi.com.tr\/index.php\/wp-json\/wp\/v2\/product"}],"about":[{"href":"https:\/\/roveyayinevi.com.tr\/index.php\/wp-json\/wp\/v2\/types\/product"}],"wp:attachment":[{"href":"https:\/\/roveyayinevi.com.tr\/index.php\/wp-json\/wp\/v2\/media?parent=699234"}],"wp:term":[{"taxonomy":"product_brand","embeddable":true,"href":"https:\/\/roveyayinevi.com.tr\/index.php\/wp-json\/wp\/v2\/product_brand?post=699234"},{"taxonomy":"product_cat","embeddable":true,"href":"https:\/\/roveyayinevi.com.tr\/index.php\/wp-json\/wp\/v2\/product_cat?post=699234"},{"taxonomy":"product_tag","embeddable":true,"href":"https:\/\/roveyayinevi.com.tr\/index.php\/wp-json\/wp\/v2\/product_tag?post=699234"}],"curies":[{"name":"wp","href":"https:\/\/api.w.org\/{rel}","templated":true}]}}