{"id":699232,"date":"2025-08-27T14:49:50","date_gmt":"2025-08-27T11:49:50","guid":{"rendered":"https:\/\/roveyayinevi.com.tr\/index.php\/urun\/oz-buyucusu-2\/"},"modified":"2026-04-16T02:08:43","modified_gmt":"2026-04-15T23:08:43","slug":"oz-buyucusu-2","status":"publish","type":"product","link":"https:\/\/roveyayinevi.com.tr\/index.php\/urun\/oz-buyucusu-2\/","title":{"rendered":"Oz B\u00fcy\u00fcc\u00fcs\u00fc"},"content":{"rendered":"<p>Kansas\u2019ta ya\u015fad\u0131\u011f\u0131 k\u00fc\u00e7\u00fck bir \u00e7iftlikte korkun\u00e7 bir kas\u0131rgaya yakalanan Dorothy ve k\u00f6pe\u011fi Tot, kendilerini ancak d\u00fc\u015flerde rastlanan tuhaf bir yerde, Oz \u00dclkesi\u2019nde bulurlar. \ufffcTan\u0131t\u0131m Metni<\/p>\n","protected":false},"excerpt":{"rendered":"<p>Kansas\u2019ta ya\u015fad\u0131\u011f\u0131 k\u00fc\u00e7\u00fck bir \u00e7iftlikte korkun\u00e7 bir kas\u0131rgaya yakalanan Dorothy ve k\u00f6pe\u011fi Tot, kendilerini ancak d\u00fc\u015flerde rastlanan tuhaf bir yerde, Oz \u00dclkesi\u2019nde bulurlar. \ufffcTan\u0131t\u0131m Metni<\/p>\n","protected":false},"featured_media":0,"template":"","meta":{"_monsterinsights_skip_tracking":false,"_monsterinsights_sitenote_active":false,"_monsterinsights_sitenote_note":"","_monsterinsights_sitenote_category":0},"product_brand":[],"product_cat":[12274,12467],"product_tag":[],"class_list":{"0":"post-699232","1":"product","2":"type-product","3":"status-publish","5":"product_cat-cocuk-ve-genclik-kitaplari","6":"product_cat-dunya-klasikleri","7":"pa_cilt-ciltsiz","8":"pa_tur-kitap","9":"pa_yayinevi-arkadas-yayinlari","10":"pa_yazar-lyman-frank-baum","12":"first","13":"instock","14":"sale","15":"shipping-taxable","16":"purchasable","17":"product-type-simple"},"_links":{"self":[{"href":"https:\/\/roveyayinevi.com.tr\/index.php\/wp-json\/wp\/v2\/product\/699232","targetHints":{"allow":["GET"]}}],"collection":[{"href":"https:\/\/roveyayinevi.com.tr\/index.php\/wp-json\/wp\/v2\/product"}],"about":[{"href":"https:\/\/roveyayinevi.com.tr\/index.php\/wp-json\/wp\/v2\/types\/product"}],"wp:attachment":[{"href":"https:\/\/roveyayinevi.com.tr\/index.php\/wp-json\/wp\/v2\/media?parent=699232"}],"wp:term":[{"taxonomy":"product_brand","embeddable":true,"href":"https:\/\/roveyayinevi.com.tr\/index.php\/wp-json\/wp\/v2\/product_brand?post=699232"},{"taxonomy":"product_cat","embeddable":true,"href":"https:\/\/roveyayinevi.com.tr\/index.php\/wp-json\/wp\/v2\/product_cat?post=699232"},{"taxonomy":"product_tag","embeddable":true,"href":"https:\/\/roveyayinevi.com.tr\/index.php\/wp-json\/wp\/v2\/product_tag?post=699232"}],"curies":[{"name":"wp","href":"https:\/\/api.w.org\/{rel}","templated":true}]}}