{"id":699225,"date":"2025-08-27T14:49:48","date_gmt":"2025-08-27T11:49:48","guid":{"rendered":"https:\/\/roveyayinevi.com.tr\/index.php\/urun\/liderlik-guncel-konular-ve-yaklasimlar\/"},"modified":"2026-04-16T02:08:27","modified_gmt":"2026-04-15T23:08:27","slug":"liderlik-guncel-konular-ve-yaklasimlar","status":"publish","type":"product","link":"https:\/\/roveyayinevi.com.tr\/index.php\/urun\/liderlik-guncel-konular-ve-yaklasimlar\/","title":{"rendered":"Liderlik (G\u00fcncel Konular ve Yakla\u015f\u0131mlar)"},"content":{"rendered":"<p>Liderlik Kavram\u0131na Genel Bir Bak\u0131\u015fHizmetkar Liderlik Etik Liderlik Stratejik Liderlik Network(A\u011f) Liderlik Bilgi Liderli\u011fi Liderlik Kendi Kendine Liderlik Simbiyotik Liderlik Uyumlu Liderlik Sistem Liderli\u011fi Otantik Liderlik A\u00e7\u0131k Liderlik \u0130ntegral Liderlik \u0130\u015fbirlik\u00e7i Liderlik \u00d6rnek Al\u0131nacak M\u00fckemmel Liderlik Kabile Liderli\u011fi Siyasal Liderlik Ruhsal Liderlik Giri\u015fimci Liderlik Duygusal Liderlik \u00d6\u011fretim Liderli\u011fi \u00d6\u011fretmen Liderli\u011fi <\/p>\n","protected":false},"excerpt":{"rendered":"<p>Liderlik Kavram\u0131na Genel Bir Bak\u0131\u015fHizmetkar Liderlik Etik Liderlik Stratejik Liderlik Network(A\u011f) Liderlik Bilgi Liderli\u011fi Liderlik Kendi Kendine Liderlik Simbiyotik Liderlik Uyumlu Liderlik Sistem Liderli\u011fi Otantik Liderlik<span class=\"excerpt-hellip\"> [\u2026]<\/span><\/p>\n","protected":false},"featured_media":0,"template":"","meta":{"_monsterinsights_skip_tracking":false,"_monsterinsights_sitenote_active":false,"_monsterinsights_sitenote_note":"","_monsterinsights_sitenote_category":0},"product_brand":[],"product_cat":[12573,12566],"product_tag":[],"class_list":{"0":"post-699225","1":"product","2":"type-product","3":"status-publish","5":"product_cat-akademik-kitaplar","6":"product_cat-egitim","7":"pa_cilt-ciltsiz","8":"pa_tur-kitap","9":"pa_yayinevi-gazi-kitabevi","10":"pa_yazar-ismail-bakan","12":"first","13":"instock","14":"sale","15":"shipping-taxable","16":"purchasable","17":"product-type-simple"},"_links":{"self":[{"href":"https:\/\/roveyayinevi.com.tr\/index.php\/wp-json\/wp\/v2\/product\/699225","targetHints":{"allow":["GET"]}}],"collection":[{"href":"https:\/\/roveyayinevi.com.tr\/index.php\/wp-json\/wp\/v2\/product"}],"about":[{"href":"https:\/\/roveyayinevi.com.tr\/index.php\/wp-json\/wp\/v2\/types\/product"}],"wp:attachment":[{"href":"https:\/\/roveyayinevi.com.tr\/index.php\/wp-json\/wp\/v2\/media?parent=699225"}],"wp:term":[{"taxonomy":"product_brand","embeddable":true,"href":"https:\/\/roveyayinevi.com.tr\/index.php\/wp-json\/wp\/v2\/product_brand?post=699225"},{"taxonomy":"product_cat","embeddable":true,"href":"https:\/\/roveyayinevi.com.tr\/index.php\/wp-json\/wp\/v2\/product_cat?post=699225"},{"taxonomy":"product_tag","embeddable":true,"href":"https:\/\/roveyayinevi.com.tr\/index.php\/wp-json\/wp\/v2\/product_tag?post=699225"}],"curies":[{"name":"wp","href":"https:\/\/api.w.org\/{rel}","templated":true}]}}