{"id":699222,"date":"2025-08-27T14:49:47","date_gmt":"2025-08-27T11:49:47","guid":{"rendered":"https:\/\/roveyayinevi.com.tr\/index.php\/urun\/uygarlik\/"},"modified":"2026-04-16T02:08:27","modified_gmt":"2026-04-15T23:08:27","slug":"uygarlik","status":"publish","type":"product","link":"https:\/\/roveyayinevi.com.tr\/index.php\/urun\/uygarlik\/","title":{"rendered":"Uygarl\u0131k"},"content":{"rendered":"<p>Bu kitab\u0131n ele ald\u0131\u011f\u0131 ana soru gittik\u00e7e bana bir modern \u00e7a\u011f tarih\u00e7isinin ortaya atabilece\u011fi en ilgin\u00e7 soru gibi g\u00f6r\u00fcn\u00fcyor. Avrasya kara k\u00fctlesinin bat\u0131 ucundaki birka\u00e7 k\u00fc\u00e7\u00fck siyasal yap\u0131, 1500 dolaylar\u0131ndan itibaren Do\u011fu Avrasya&#8217;n\u0131n daha kalabal\u0131k ve bir\u00e7ok bak\u0131mdan daha geli\u015fkin toplumlar\u0131n\u0131 da kapsamak \u00fczere d\u00fcnyan\u0131n geri kalan kesimine egemen olma yoluna tam olarak ni\u00e7in girdi? Buna ba\u011fl\u0131 ikinci sorum \u015fu: Bat\u0131&#8217;n\u0131n ge\u00e7mi\u015fteki \u00fcst\u00fcnl\u00fc\u011f\u00fcne ili\u015fkin iyi bir a\u00e7\u0131klama bulabilirsek, gelece\u011fi konusunda bir \u00f6ng\u00f6r\u00fc ortaya koyabilir miyiz? Bu ger\u00e7ekten Bat\u0131 d\u00fcnyas\u0131n\u0131n sonu ve yeni bir Do\u011fu \u00e7a\u011f\u0131na ge\u00e7i\u015f mi demektir? Ba\u015fka bir ifadeyle, insanl\u0131\u011f\u0131n daha b\u00fcy\u00fck bir k\u0131sm\u0131n\u0131n Bat\u0131 Avrupa&#8217;da R\u00f6nesans&#8217;\u0131n ve Reform hareketinin ard\u0131ndan ortaya \u00e7\u0131kan uygarl\u0131\u011fa &#8211; bilimsel devrimiyle ve Ayd\u0131nlanma s\u00fcreciyle harekete ge\u00e7en, Atlantik&#8217;in \u00f6teki yakas\u0131na ve ta Avustralezya&#8217;ya kadar yay\u0131lan, devrim, sanayi ve imparatorluk \u00e7a\u011flar\u0131nda doru\u011funa ula\u015fan uygarl\u0131\u011fa &#8211; az \u00e7ok ba\u011fl\u0131 oldu\u011fu bir \u00e7a\u011f\u0131n s\u00f6n\u00fc\u015f\u00fcne mi tan\u0131k olmaktay\u0131z? \ufffcTan\u0131t\u0131m Metni<\/p>\n","protected":false},"excerpt":{"rendered":"<p>Bu kitab\u0131n ele ald\u0131\u011f\u0131 ana soru gittik\u00e7e bana bir modern \u00e7a\u011f tarih\u00e7isinin ortaya atabilece\u011fi en ilgin\u00e7 soru gibi g\u00f6r\u00fcn\u00fcyor. Avrasya kara k\u00fctlesinin bat\u0131 ucundaki birka\u00e7 k\u00fc\u00e7\u00fck<span class=\"excerpt-hellip\"> [\u2026]<\/span><\/p>\n","protected":false},"featured_media":0,"template":"","meta":{"_monsterinsights_skip_tracking":false,"_monsterinsights_sitenote_active":false,"_monsterinsights_sitenote_note":"","_monsterinsights_sitenote_category":0},"product_brand":[],"product_cat":[13590,12337],"product_tag":[],"class_list":{"0":"post-699222","1":"product","2":"type-product","3":"status-publish","5":"product_cat-arastirma-inceleme-politika-siyaset","6":"product_cat-politika-siyaset","7":"pa_cilt-ciltsiz","8":"pa_tur-kitap","9":"pa_yayinevi-yapi-kredi-yayinlari","10":"pa_yazar-niall-ferguson","12":"first","13":"instock","14":"sale","15":"shipping-taxable","16":"purchasable","17":"product-type-simple"},"_links":{"self":[{"href":"https:\/\/roveyayinevi.com.tr\/index.php\/wp-json\/wp\/v2\/product\/699222","targetHints":{"allow":["GET"]}}],"collection":[{"href":"https:\/\/roveyayinevi.com.tr\/index.php\/wp-json\/wp\/v2\/product"}],"about":[{"href":"https:\/\/roveyayinevi.com.tr\/index.php\/wp-json\/wp\/v2\/types\/product"}],"wp:attachment":[{"href":"https:\/\/roveyayinevi.com.tr\/index.php\/wp-json\/wp\/v2\/media?parent=699222"}],"wp:term":[{"taxonomy":"product_brand","embeddable":true,"href":"https:\/\/roveyayinevi.com.tr\/index.php\/wp-json\/wp\/v2\/product_brand?post=699222"},{"taxonomy":"product_cat","embeddable":true,"href":"https:\/\/roveyayinevi.com.tr\/index.php\/wp-json\/wp\/v2\/product_cat?post=699222"},{"taxonomy":"product_tag","embeddable":true,"href":"https:\/\/roveyayinevi.com.tr\/index.php\/wp-json\/wp\/v2\/product_tag?post=699222"}],"curies":[{"name":"wp","href":"https:\/\/api.w.org\/{rel}","templated":true}]}}