{"id":699219,"date":"2025-08-27T14:49:46","date_gmt":"2025-08-27T11:49:46","guid":{"rendered":"https:\/\/roveyayinevi.com.tr\/index.php\/urun\/yokyer\/"},"modified":"2026-04-16T02:08:27","modified_gmt":"2026-04-15T23:08:27","slug":"yokyer","status":"publish","type":"product","link":"https:\/\/roveyayinevi.com.tr\/index.php\/urun\/yokyer\/","title":{"rendered":"Yokyer"},"content":{"rendered":"<p>Mythopoetic Yeti\u015fkin Fantastik Edebiyat\u0131 \u00d6d\u00fcl\u00fc Aday\u0131\u201cGen\u00e7 adam \u015funu anlamal\u0131s\u0131n: \u0130ki Londra var. Biri senin ya\u015fad\u0131\u011f\u0131n Yukar\u0131 Londra, di\u011feri de d\u00fcnyan\u0131n yar\u0131klar\u0131ndan d\u00fc\u015fen insanlar\u0131n meskeni olan A\u015fa\u011f\u0131 Londra, yani A\u015fa\u011f\u0131taraf. Art\u0131k sen de o insanlardan birisin. \u0130yi geceler.\u201dGen\u00e7 ve iyi kalpli Richard Mayhew\u2019un s\u0131radan hayat\u0131, bir kald\u0131r\u0131mda kar\u015f\u0131s\u0131na \u00e7\u0131kan yaral\u0131 gen\u00e7 k\u0131z\u0131n hayat\u0131n\u0131 kurtarmas\u0131yla sonsuza dek de\u011fi\u015fir. Bu iyilik Richard\u2019\u0131 var oldu\u011funu hayal bile etmedi\u011fi bir d\u00fcnyayla \u2013\u015fehrin alt\u0131ndaki terk edilmi\u015f metro istasyonlar\u0131 ve kanalizasyonlarda geli\u015fmi\u015f karanl\u0131k bir ya\u015famla\u2013 tan\u0131\u015ft\u0131r\u0131r. O art\u0131k, yar\u0131klardan d\u00fc\u015fen insanlar\u0131n ya\u015fad\u0131\u011f\u0131 A\u015fa\u011f\u0131taraf\u2019\u0131n bir par\u00e7as\u0131d\u0131r&#8230; ve e\u011fer bildi\u011fi d\u00fcnyaya d\u00f6nmek istiyorsa, g\u00f6lgelerin ve karanl\u0131\u011f\u0131n, canavarlar\u0131n ve azizlerin, katillerin ve meleklerin \u015fehrinde ya\u015famay\u0131 \u00f6\u011frenmek zorundad\u0131r&#8230;\u201cGaiman, basit\u00e7e s\u00f6ylemek gerekirse, hik\u00e2yelerin hazine evi gibi ve biz de ona sahip oldu\u011fumuz i\u00e7in \u015fansl\u0131y\u0131z&#8230;\u201dStephen King\u201cYokyer\u2019i okurken \u00e7ok keyif ald\u0131m. \u015eahane bir fantastik eser, harika bir espri anlay\u0131\u015f\u0131na sahip. Neil Gaiman\u2019\u0131n neden bu kadar me\u015fhur oldu\u011funu anl\u0131yorum. \u015eimdi di\u011fer kitaplar\u0131n\u0131 da okumam gerek.\u201dRick Riordan<\/p>\n","protected":false},"excerpt":{"rendered":"<p>Mythopoetic Yeti\u015fkin Fantastik Edebiyat\u0131 \u00d6d\u00fcl\u00fc Aday\u0131\u201cGen\u00e7 adam \u015funu anlamal\u0131s\u0131n: \u0130ki Londra var. Biri senin ya\u015fad\u0131\u011f\u0131n Yukar\u0131 Londra, di\u011feri de d\u00fcnyan\u0131n yar\u0131klar\u0131ndan d\u00fc\u015fen insanlar\u0131n meskeni olan A\u015fa\u011f\u0131<span class=\"excerpt-hellip\"> [\u2026]<\/span><\/p>\n","protected":false},"featured_media":0,"template":"","meta":{"_monsterinsights_skip_tracking":false,"_monsterinsights_sitenote_active":false,"_monsterinsights_sitenote_note":"","_monsterinsights_sitenote_category":0},"product_brand":[],"product_cat":[12291,14777],"product_tag":[],"class_list":{"0":"post-699219","1":"product","2":"type-product","3":"status-publish","5":"product_cat-edebiyat","6":"product_cat-fantastik","7":"pa_cilt-ciltsiz","8":"pa_tur-kitap","9":"pa_yayinevi-ithaki-yayinlari","10":"pa_yazar-neil-gaiman","12":"first","13":"instock","14":"sale","15":"shipping-taxable","16":"purchasable","17":"product-type-simple"},"_links":{"self":[{"href":"https:\/\/roveyayinevi.com.tr\/index.php\/wp-json\/wp\/v2\/product\/699219","targetHints":{"allow":["GET"]}}],"collection":[{"href":"https:\/\/roveyayinevi.com.tr\/index.php\/wp-json\/wp\/v2\/product"}],"about":[{"href":"https:\/\/roveyayinevi.com.tr\/index.php\/wp-json\/wp\/v2\/types\/product"}],"wp:attachment":[{"href":"https:\/\/roveyayinevi.com.tr\/index.php\/wp-json\/wp\/v2\/media?parent=699219"}],"wp:term":[{"taxonomy":"product_brand","embeddable":true,"href":"https:\/\/roveyayinevi.com.tr\/index.php\/wp-json\/wp\/v2\/product_brand?post=699219"},{"taxonomy":"product_cat","embeddable":true,"href":"https:\/\/roveyayinevi.com.tr\/index.php\/wp-json\/wp\/v2\/product_cat?post=699219"},{"taxonomy":"product_tag","embeddable":true,"href":"https:\/\/roveyayinevi.com.tr\/index.php\/wp-json\/wp\/v2\/product_tag?post=699219"}],"curies":[{"name":"wp","href":"https:\/\/api.w.org\/{rel}","templated":true}]}}