{"id":699216,"date":"2025-08-27T14:49:45","date_gmt":"2025-08-27T11:49:45","guid":{"rendered":"https:\/\/roveyayinevi.com.tr\/index.php\/urun\/yuzbasinin-kizi-6\/"},"modified":"2026-04-16T02:08:27","modified_gmt":"2026-04-15T23:08:27","slug":"yuzbasinin-kizi-6","status":"publish","type":"product","link":"https:\/\/roveyayinevi.com.tr\/index.php\/urun\/yuzbasinin-kizi-6\/","title":{"rendered":"Y\u00fczba\u015f\u0131n\u0131n K\u0131z\u0131"},"content":{"rendered":"<p>Y\u00fczba\u015f\u0131n\u0131n K\u0131z\u0131, modern Rus edebiyat\u0131n\u0131n kurucu fig\u00fcrlerinden Pu\u015fkin\u2019in belgesel ger\u00e7ek\u00e7ilik konusundaki mahareti ile ki\u015fisel \u00f6yk\u00fclere a\u00e7\u0131lan hayal g\u00fcc\u00fc zenginli\u011fini benzersiz bir \u015fekilde birle\u015ftiren, e\u015fine az rastlan\u0131r bir tarihsel roman. Pyotr Grinyov, 17 ya\u015f\u0131na geldi\u011finde, emekli bir asker olan babas\u0131n\u0131n \u0131srar\u0131yla askerli\u011fini yapmak i\u00e7in Orenburg\u2019a g\u00f6nderilir. Burada Y\u00fczba\u015f\u0131 Mironov\u2019un k\u0131z\u0131 Ma\u015fa\u2019ya \u00e2\u015f\u0131k olur. Ma\u015fa ile Pyotr aras\u0131ndaki a\u015fk ba\u015flad\u0131ktan k\u0131sa s\u00fcre sonra Puga\u00e7ov ayaklanmas\u0131 patlak verir. Rusya\u2019n\u0131n uzun modernle\u015fme ser\u00fcveninde \u00c7ar Petro taraf\u0131ndan tasfiye edilene kadar kritik roller oynayan Kazaklar\u0131n da deste\u011fiyle \u201cayaklanma\u201d b\u00fcy\u00fcr. Ma\u015fa ile Pyotr aras\u0131ndaki ili\u015fkinin arka plan\u0131na ki\u015fisel anlat\u0131lar\u0131 \u015fekillendiren Puga\u00e7ov Ayaklanmas\u0131 oturur. Y\u00fczba\u015f\u0131n\u0131n K\u0131z\u0131, gelene\u011fin erken d\u00f6neminde Pu\u015fkin\u2019in tarihsel romana katt\u0131\u011f\u0131 simetri, denge ve ikna edicilik ilkelerinin hayatiyetini g\u00f6steren, \u00e7arp\u0131c\u0131 bir anlat\u0131. \u201cY\u00fczba\u015f\u0131n\u0131n K\u0131z\u0131, Pu\u015fkin\u2019in Rus nesrini yaratt\u0131\u011f\u0131 \u00f6yk\u00fclerden biridir. Bu nesnel, berrak, yapmac\u0131ks\u0131z ve vurucu anlat\u0131 ancak Pu\u015fkin gibi ger\u00e7ek bir \u015fairin elinden \u00e7\u0131kabilirdi.\u201d ROBERT CONQUEST<\/p>\n","protected":false},"excerpt":{"rendered":"<p>Y\u00fczba\u015f\u0131n\u0131n K\u0131z\u0131, modern Rus edebiyat\u0131n\u0131n kurucu fig\u00fcrlerinden Pu\u015fkin\u2019in belgesel ger\u00e7ek\u00e7ilik konusundaki mahareti ile ki\u015fisel \u00f6yk\u00fclere a\u00e7\u0131lan hayal g\u00fcc\u00fc zenginli\u011fini benzersiz bir \u015fekilde birle\u015ftiren, e\u015fine az rastlan\u0131r<span class=\"excerpt-hellip\"> [\u2026]<\/span><\/p>\n","protected":false},"featured_media":0,"template":"","meta":{"_monsterinsights_skip_tracking":false,"_monsterinsights_sitenote_active":false,"_monsterinsights_sitenote_note":"","_monsterinsights_sitenote_category":0},"product_brand":[],"product_cat":[12291,13570],"product_tag":[],"class_list":{"0":"post-699216","1":"product","2":"type-product","3":"status-publish","5":"product_cat-edebiyat","6":"product_cat-rus-edebiyati","7":"pa_cilt-ciltsiz","8":"pa_tur-kitap","9":"pa_yayinevi-iletisim-yayinlari","10":"pa_yazar-aleksandr-sergeyevic-puskin","12":"first","13":"instock","14":"sale","15":"shipping-taxable","16":"purchasable","17":"product-type-simple"},"_links":{"self":[{"href":"https:\/\/roveyayinevi.com.tr\/index.php\/wp-json\/wp\/v2\/product\/699216","targetHints":{"allow":["GET"]}}],"collection":[{"href":"https:\/\/roveyayinevi.com.tr\/index.php\/wp-json\/wp\/v2\/product"}],"about":[{"href":"https:\/\/roveyayinevi.com.tr\/index.php\/wp-json\/wp\/v2\/types\/product"}],"wp:attachment":[{"href":"https:\/\/roveyayinevi.com.tr\/index.php\/wp-json\/wp\/v2\/media?parent=699216"}],"wp:term":[{"taxonomy":"product_brand","embeddable":true,"href":"https:\/\/roveyayinevi.com.tr\/index.php\/wp-json\/wp\/v2\/product_brand?post=699216"},{"taxonomy":"product_cat","embeddable":true,"href":"https:\/\/roveyayinevi.com.tr\/index.php\/wp-json\/wp\/v2\/product_cat?post=699216"},{"taxonomy":"product_tag","embeddable":true,"href":"https:\/\/roveyayinevi.com.tr\/index.php\/wp-json\/wp\/v2\/product_tag?post=699216"}],"curies":[{"name":"wp","href":"https:\/\/api.w.org\/{rel}","templated":true}]}}